{"id":804,"date":"2018-09-13T20:02:18","date_gmt":"2018-09-13T20:02:18","guid":{"rendered":"http:\/\/micks-touren.de\/?page_id=804"},"modified":"2025-02-06T21:16:21","modified_gmt":"2025-02-06T20:16:21","slug":"london-2018","status":"publish","type":"page","link":"https:\/\/micks-touren.de\/?page_id=804","title":{"rendered":"London (2018)"},"content":{"rendered":"<p>Nach 10 Jahren war es endlich wieder soweit: London, ich komme !!<\/p>\n<p>Angefangen hatte das Ganze mit einer Mail. Ich bin auf einigen Mail-Listen von <a href=\"https:\/\/www.mensa.de\" target=\"_blank\" rel=\"noopener\">Mensa Deutschland,<\/a> und eines Tages suchte jemand Mitreisende f\u00fcr die &#8222;last night of the proms&#8220; in der Royal Albert Hall. Eine &#8222;night of the proms&#8220; wollte ich schon immer mal besuchen (wer mit den Begriffen nichts anfangen kann: <a href=\"https:\/\/de.wikipedia.org\/wiki\/Proms\" target=\"_blank\" rel=\"noopener\">Wikipedia<\/a> wei\u00df Rat).<\/p>\n<p>Ich musste nur ein paar Tage \u00fcberlegen und meldete mich dann an. Lange Rede, kurzer Sinn: Anfang September trafen sich 7 Leute zu einem unvergesslichen Aufenthalt.<\/p>\n<p><strong>Tag 1:<\/strong><\/p>\n<p>Ich landete gegen 8 Uhr morgens in Stansted. Jaja, man kann \u00fcber Ryanair sagen, was man will, aber bis dahin war ich immer p\u00fcnktlich an meinen Zielorten gelandet. In Stansted traf ich mich dann mit der ersten Teilnehmerin und zusammen fuhren wir mit dem Stansted Express zur London Liverpool Station. Dort kann man sein Gep\u00e4ck erst mal f\u00fcr teures Geld einlagern lassen. Und dann ging es Richtung Westminster:<\/p>\n<p><img loading=\"lazy\" decoding=\"async\" class=\"aligncenter size-full wp-image-815\" src=\"https:\/\/micks-touren.de\/wp-content\/uploads\/2018\/09\/Lon01.jpg\" alt=\"\" width=\"1000\" height=\"750\" srcset=\"https:\/\/micks-touren.de\/wp-content\/uploads\/2018\/09\/Lon01.jpg 1000w, https:\/\/micks-touren.de\/wp-content\/uploads\/2018\/09\/Lon01-300x225.jpg 300w, https:\/\/micks-touren.de\/wp-content\/uploads\/2018\/09\/Lon01-768x576.jpg 768w, https:\/\/micks-touren.de\/wp-content\/uploads\/2018\/09\/Lon01-467x350.jpg 467w, https:\/\/micks-touren.de\/wp-content\/uploads\/2018\/09\/Lon01-150x113.jpg 150w\" sizes=\"auto, (max-width: 1000px) 100vw, 1000px\" \/><\/p>\n<p>Bei der Gelegenheit bewunderten wir London Eye, Big Ben, das House of Parliament, die Downing Street No. 10 und so einiges andere. Eigentlich wollten wir noch in die Westminster Abbey, aber die kostet so viel Eintritt, dass wir schnell weitergegangen sind.<\/p>\n<p>Am fr\u00fchen Nachmittag trafen wir uns mit weiteren Mitgliedern unserer Truppe zu einer Besichtigung des Buckingham Palace. Das ist ca. 10 Wochen im Jahr m\u00f6glich, wenn die Queen gerade im Urlaub ist. Auch hier ist der Eintritt nicht billig, aber wann kann man schon mal kucken, wie Familie K\u00f6nig wohnt.<\/p>\n<p><img loading=\"lazy\" decoding=\"async\" class=\"aligncenter wp-image-816\" src=\"https:\/\/micks-touren.de\/wp-content\/uploads\/2018\/09\/Lon02-e1738872493134.jpg\" alt=\"\" width=\"450\" height=\"600\" srcset=\"https:\/\/micks-touren.de\/wp-content\/uploads\/2018\/09\/Lon02-e1738872493134.jpg 750w, https:\/\/micks-touren.de\/wp-content\/uploads\/2018\/09\/Lon02-e1738872493134-225x300.jpg 225w, https:\/\/micks-touren.de\/wp-content\/uploads\/2018\/09\/Lon02-e1738872493134-113x150.jpg 113w\" sizes=\"auto, (max-width: 450px) 100vw, 450px\" \/><\/p>\n<p>Eine ganz nette H\u00fctte, k\u00f6nnte mir gefallen, wenn man nicht so viel putzen und staubsaugen m\u00fcsste &#8230;<\/p>\n<p><span style=\"color: #ff0000;\">TIPP<\/span>: Eintrittskarten vorher besorgen !\u00a0 Z.B. <a href=\"https:\/\/www.visitbritainshop.com\/deutschland\/\" target=\"_blank\" rel=\"noopener\">hier.<\/a> Damit kommt man schneller rein. Und nicht zu viele Sachen mitnehmen, man wird am Eingang durchleuchtet.<\/p>\n<p>Besucher bekommen \u00fcbrigens kostenlos eine Art Walkman mit Kopfh\u00f6rer, mit der sie in ihrer eigenen Sprache allerlei Wissenswertes erfahren k\u00f6nnen.<\/p>\n<p>Eine aus unserer Truppe lebt f\u00fcr einige Monate in London, und sie war der Grund, warum wir abends nicht in die Roof top bar &#8222;Sky garden&#8220; durften. Sie trug &#8211; TURNSCHUHE ! F\u00fcr die Bar gibt es abends einen Dresscode (tags\u00fcber gilt der nicht !). Wie auch immer, nach einem Abendessen beim Inder nebenan suchten wir eine andere Dachbar auf (ebenfalls mit Dresscode, aber der T\u00fcrsteher lie\u00df sich dann erweichen). Mit einem Glasaufzug an der Au\u00dfenfassade ging es dann in 30 Sekunden 40 Stockwerke nach oben in die SushiSamba-Bar. Im Aufzug hatte man diesen Ausblick:<\/p>\n<p><img loading=\"lazy\" decoding=\"async\" class=\"aligncenter size-full wp-image-817\" src=\"https:\/\/micks-touren.de\/wp-content\/uploads\/2018\/09\/Lon03.jpg\" alt=\"\" width=\"1000\" height=\"750\" srcset=\"https:\/\/micks-touren.de\/wp-content\/uploads\/2018\/09\/Lon03.jpg 1000w, https:\/\/micks-touren.de\/wp-content\/uploads\/2018\/09\/Lon03-300x225.jpg 300w, https:\/\/micks-touren.de\/wp-content\/uploads\/2018\/09\/Lon03-768x576.jpg 768w, https:\/\/micks-touren.de\/wp-content\/uploads\/2018\/09\/Lon03-467x350.jpg 467w, https:\/\/micks-touren.de\/wp-content\/uploads\/2018\/09\/Lon03-150x113.jpg 150w\" sizes=\"auto, (max-width: 1000px) 100vw, 1000px\" \/><\/p>\n<p>Leider war die Dachterrasse geschlossen, aber wir g\u00f6nnten uns trotzdem einen Cocktail. Solltet Ihr mal in die Bar kommen: Auf der Getr\u00e4nkekarte gibt es keine Preise. So, wie die anderen G\u00e4ste aussahen, ist das denen auch v\u00f6llig egal. Mein Cocktail kostete sagenhafte 16 Pfund, wobei 2\/3 aus Eis bestand.\u00a0\u00a0 \ud83d\ude09<\/p>\n<p><strong>Tag 2:<\/strong><\/p>\n<p>Dank Smartphone und WhatsApp konnten wir uns st\u00e4ndig gegenseitig informieren. Zum Beispiel, dass wir gegen halb 11 an die Royal Albert Hall kommen und uns in eine Warteliste eintragen sollen. Hier trafen wir dann auch den Rest der Truppe.<\/p>\n<p>Wir trugen uns ein &#8211; und warteten gut anderthalb Stunden auf den n\u00e4chsten Akt. Der bestand darin, dass uns ein Ordner der Reihe nach aufrief und wir uns brav aufstellten. Jeder bekam dann ein Zettelchen mit einer Nummer und der Anweisung, am n\u00e4chsten Tag um Viertel nach 5 wieder hier zu erscheinen.<\/p>\n<p><img loading=\"lazy\" decoding=\"async\" class=\"aligncenter size-full wp-image-818\" src=\"https:\/\/micks-touren.de\/wp-content\/uploads\/2018\/09\/Lon04.jpg\" alt=\"\" width=\"1000\" height=\"750\" srcset=\"https:\/\/micks-touren.de\/wp-content\/uploads\/2018\/09\/Lon04.jpg 1000w, https:\/\/micks-touren.de\/wp-content\/uploads\/2018\/09\/Lon04-300x225.jpg 300w, https:\/\/micks-touren.de\/wp-content\/uploads\/2018\/09\/Lon04-768x576.jpg 768w, https:\/\/micks-touren.de\/wp-content\/uploads\/2018\/09\/Lon04-467x350.jpg 467w, https:\/\/micks-touren.de\/wp-content\/uploads\/2018\/09\/Lon04-150x113.jpg 150w\" sizes=\"auto, (max-width: 1000px) 100vw, 1000px\" \/><\/p>\n<p>Jetzt zur Erkl\u00e4rung: Die &#8222;Proms&#8220; sind eine Konzertreihe, die \u00fcber den ganzen Sommer an verschiedenen Orten von London stattfindet. Wer will, kann sich f\u00fcr einzelne Konzerte oder f\u00fcr die ganze Saison ein Ticket kaufen. Insgesamt gesehen ist der Eintritt recht billig. Besonders, wenn man f\u00fcr die Abschlussveranstaltung ein &#8222;raffle ticket&#8220; ergattert. Das sind Restkarten f\u00fcr die Stehpl\u00e4tze in der Hall. Und genau diese Tickets wollten wir haben ! Aber dazu muss man sich eben so eine Nummer besorgen. Und je kleiner die Nummer, umso gr\u00f6\u00dfer die Chance, noch ein Restticket f\u00fcr 6 (!) Pfund zu bekommen.<\/p>\n<p>Nach ein bi\u00dfchen Bummeln im Kaufhaus Harrods gingen einige von uns in den nahegelegenen Hyde Park zu einem Picknick, andere fuhren in ihr Hotel und ruhten sich f\u00fcr den Abend\u00a0 aus. Denn da war ein &#8222;Pub crawl&#8220; geplant, organisiert von einigen Mitgliedern von Mensa London. Einen Pub crawl muss man sich so vorstellen, dass man eine Reihe von Pubs entlang einer Strecke besucht. Wenn man \u00fcberall ein Bier trinkt, &#8222;crawlt&#8220; man am Schluss ins Hotel.<\/p>\n<p>Es war ein sehr netter Abend mit einer wirklich netten und interessanten Gruppe, die st\u00e4ndig gr\u00f6\u00dfer wurde.<\/p>\n<p><strong>Tag 3:<\/strong><\/p>\n<p>Der gro\u00dfe Tag war angebrochen. Und was macht man da? Man sucht sich irgendwas Originelles f\u00fcr den Abend. Mit einer Mitreisenden besuchte ich den Camden Market. Ich suchte so etwas in der Art wie einen Ohrring mit dem Union Jack. Und Camden ist der Ort mit der gr\u00f6\u00dften Chance, so etwas zu finden.<\/p>\n<p><img loading=\"lazy\" decoding=\"async\" class=\"aligncenter size-full wp-image-819\" src=\"https:\/\/micks-touren.de\/wp-content\/uploads\/2018\/09\/Lon05.jpg\" alt=\"\" width=\"1000\" height=\"750\" srcset=\"https:\/\/micks-touren.de\/wp-content\/uploads\/2018\/09\/Lon05.jpg 1000w, https:\/\/micks-touren.de\/wp-content\/uploads\/2018\/09\/Lon05-300x225.jpg 300w, https:\/\/micks-touren.de\/wp-content\/uploads\/2018\/09\/Lon05-768x576.jpg 768w, https:\/\/micks-touren.de\/wp-content\/uploads\/2018\/09\/Lon05-467x350.jpg 467w, https:\/\/micks-touren.de\/wp-content\/uploads\/2018\/09\/Lon05-150x113.jpg 150w\" sizes=\"auto, (max-width: 1000px) 100vw, 1000px\" \/><\/p>\n<p><img loading=\"lazy\" decoding=\"async\" class=\"aligncenter size-full wp-image-820\" src=\"https:\/\/micks-touren.de\/wp-content\/uploads\/2018\/09\/Lon06.jpg\" alt=\"\" width=\"1000\" height=\"750\" srcset=\"https:\/\/micks-touren.de\/wp-content\/uploads\/2018\/09\/Lon06.jpg 1000w, https:\/\/micks-touren.de\/wp-content\/uploads\/2018\/09\/Lon06-300x225.jpg 300w, https:\/\/micks-touren.de\/wp-content\/uploads\/2018\/09\/Lon06-768x576.jpg 768w, https:\/\/micks-touren.de\/wp-content\/uploads\/2018\/09\/Lon06-467x350.jpg 467w, https:\/\/micks-touren.de\/wp-content\/uploads\/2018\/09\/Lon06-150x113.jpg 150w\" sizes=\"auto, (max-width: 1000px) 100vw, 1000px\" \/><\/p>\n<p>F\u00fcr den kleinen Hunger zwischendurch \ud83d\ude09<\/p>\n<p>Interessant wird es an den alten Pferdest\u00e4llen: Ein wahres Labyrinth mit jeder Menge kleiner St\u00e4nde. Hier kann man sich stundenlang herumtreiben.<\/p>\n<p>Letztendlich fanden wir einen Schl\u00fcsselanh\u00e4nger mit Bezug zur Londoner Tube. Und den hatte ich dann am Abend am Ohr:<\/p>\n<p><img loading=\"lazy\" decoding=\"async\" class=\"aligncenter size-full wp-image-821\" src=\"https:\/\/micks-touren.de\/wp-content\/uploads\/2018\/09\/Lon07.jpg\" alt=\"\" width=\"235\" height=\"583\" srcset=\"https:\/\/micks-touren.de\/wp-content\/uploads\/2018\/09\/Lon07.jpg 235w, https:\/\/micks-touren.de\/wp-content\/uploads\/2018\/09\/Lon07-121x300.jpg 121w, https:\/\/micks-touren.de\/wp-content\/uploads\/2018\/09\/Lon07-141x350.jpg 141w, https:\/\/micks-touren.de\/wp-content\/uploads\/2018\/09\/Lon07-60x150.jpg 60w\" sizes=\"auto, (max-width: 235px) 100vw, 235px\" \/><\/p>\n<p>Um Viertel nach 5 waren wir wieder p\u00fcnktlich an der Hall.\u00a0 An einer Stelle waren Schilder aufgeh\u00e4ngt, da durften wir uns aufstellen, in der Reihenfolge der Nummern auf unseren Zettelchen &#8211; und warten. Und warten. Und warten.<\/p>\n<p>Es gab sogenannte Ticketholder, also Besucher, die ein Saison-Ticket hatten und dementsprechend zuerst zur Kasse gehen und ein Ticket holen durften. Irgendwann waren wir aber auch dran und es ging im G\u00e4nsemarsch zum Bezahlen.<\/p>\n<p>Was dann kam, war einfach gigantisch: das BBC-Orchester, 2 Ch\u00f6re der BBC, 6000 Zuschauer in der Hall &#8211; und wir mittendrin. Jetzt darf man sich das Ganze nicht als braves Konzert vorstellen ! Die &#8222;last night&#8220; ist ein Happening mit Luftballons, Konfetti, Tr\u00f6ten usw. Wir hatten jede Menge rote Luftballons mitgebracht und waren schon vor Beginn kr\u00e4ftig am Aufpusten und Verteilen.<\/p>\n<p><img loading=\"lazy\" decoding=\"async\" class=\"aligncenter size-full wp-image-822\" src=\"https:\/\/micks-touren.de\/wp-content\/uploads\/2018\/09\/Lon08.jpg\" alt=\"\" width=\"1000\" height=\"750\" srcset=\"https:\/\/micks-touren.de\/wp-content\/uploads\/2018\/09\/Lon08.jpg 1000w, https:\/\/micks-touren.de\/wp-content\/uploads\/2018\/09\/Lon08-300x225.jpg 300w, https:\/\/micks-touren.de\/wp-content\/uploads\/2018\/09\/Lon08-768x576.jpg 768w, https:\/\/micks-touren.de\/wp-content\/uploads\/2018\/09\/Lon08-467x350.jpg 467w, https:\/\/micks-touren.de\/wp-content\/uploads\/2018\/09\/Lon08-150x113.jpg 150w\" sizes=\"auto, (max-width: 1000px) 100vw, 1000px\" \/><\/p>\n<p>Der erste Konzert-Teil war eher klassisch, der zweite dann mehr mit popul\u00e4rer Klassik. Und es ist ein G\u00e4nsehautgef\u00fchl, wenn 6000 Menschen f\u00e4hnchenschwingend &#8222;it&#8217;s a long way to tipperary&#8220; und einiges andere singen. Ein kleiner Einblick:<\/p>\n<div style=\"width: 900px;\" class=\"wp-video\"><video class=\"wp-video-shortcode\" id=\"video-804-1\" width=\"900\" height=\"675\" preload=\"metadata\" controls=\"controls\"><source type=\"video\/mp4\" src=\"https:\/\/micks-touren.de\/wp-content\/uploads\/2018\/09\/London.mp4?_=1\" \/><a href=\"https:\/\/micks-touren.de\/wp-content\/uploads\/2018\/09\/London.mp4\">https:\/\/micks-touren.de\/wp-content\/uploads\/2018\/09\/London.mp4<\/a><\/video><\/div>\n<p>Wer den 2. Teil komplett sehen will: Sucht mal in der ARD-Mediathek nach &#8222;last night of the proms 2018&#8220;.<\/p>\n<p><strong>Tag 4:<\/strong><\/p>\n<p>Am 4. Tag war ich alleine unterwegs, und zwar in den Harry-Potter-Studios ! Der Eintritt ist mit 41 Pfund nicht wirklich g\u00fcnstig, aber f\u00fcr Fans ist das Ganze ein absolutes Muss \ud83d\ude09<\/p>\n<p>In den Studios sind viele Sets aus den Filmen aufgebaut, sehr viele Requisiten ausgestellt, und man kann sogar Filme bekommen, wie man auf einem Besen durch die Luft reitet. Ich lasse einfach mal ein paar Bilder sprechen:<\/p>\n<p><img loading=\"lazy\" decoding=\"async\" class=\"aligncenter size-full wp-image-827\" src=\"https:\/\/micks-touren.de\/wp-content\/uploads\/2018\/09\/Lon09.jpg\" alt=\"\" width=\"1000\" height=\"750\" srcset=\"https:\/\/micks-touren.de\/wp-content\/uploads\/2018\/09\/Lon09.jpg 1000w, https:\/\/micks-touren.de\/wp-content\/uploads\/2018\/09\/Lon09-300x225.jpg 300w, https:\/\/micks-touren.de\/wp-content\/uploads\/2018\/09\/Lon09-768x576.jpg 768w, https:\/\/micks-touren.de\/wp-content\/uploads\/2018\/09\/Lon09-467x350.jpg 467w, https:\/\/micks-touren.de\/wp-content\/uploads\/2018\/09\/Lon09-150x113.jpg 150w\" sizes=\"auto, (max-width: 1000px) 100vw, 1000px\" \/><img loading=\"lazy\" decoding=\"async\" class=\"aligncenter size-full wp-image-828\" src=\"https:\/\/micks-touren.de\/wp-content\/uploads\/2018\/09\/Lon10.jpg\" alt=\"\" width=\"1000\" height=\"750\" srcset=\"https:\/\/micks-touren.de\/wp-content\/uploads\/2018\/09\/Lon10.jpg 1000w, https:\/\/micks-touren.de\/wp-content\/uploads\/2018\/09\/Lon10-300x225.jpg 300w, https:\/\/micks-touren.de\/wp-content\/uploads\/2018\/09\/Lon10-768x576.jpg 768w, https:\/\/micks-touren.de\/wp-content\/uploads\/2018\/09\/Lon10-467x350.jpg 467w, https:\/\/micks-touren.de\/wp-content\/uploads\/2018\/09\/Lon10-150x113.jpg 150w\" sizes=\"auto, (max-width: 1000px) 100vw, 1000px\" \/><\/p>\n<p>Auch Butterbeer kann man hier probieren. Ich bin aber nicht ganz dahinter gekommen, nach was es schmeckt. Irgendein Sodawasser mit Fruchtgeschmack und einer Art Rahmschicht obendrauf.<\/p>\n<p>Abends ging es mit einem Teil der Truppe zu einem Dim Sum-Essen ganz in der N\u00e4he der Tower bridge. Dim Sum sind kleine gegarte H\u00e4ppchen, von denen man sich mehrere verschiedene bestellt und so viele Dinge durchprobieren kann.<\/p>\n<p><strong>Tag 5:<\/strong><\/p>\n<p>So langsam r\u00fcckte der Abschied n\u00e4her. Da mein Hotel 5 Tage vor meiner Ankunft das Fr\u00fchst\u00fccksangebot eingestellt hatte, fuhr ich zum Hyde Park,\u00a0 holte mir in einer kleinen Starbucks-Filiale einen Macchiato und zwei Teilchen, fr\u00fchst\u00fcckte auf einer Bank im Park und bewunderte dieses interessante Gebilde im Park:<\/p>\n<p><img loading=\"lazy\" decoding=\"async\" class=\"aligncenter size-full wp-image-829\" src=\"https:\/\/micks-touren.de\/wp-content\/uploads\/2018\/09\/Lon11.jpg\" alt=\"\" width=\"1000\" height=\"750\" srcset=\"https:\/\/micks-touren.de\/wp-content\/uploads\/2018\/09\/Lon11.jpg 1000w, https:\/\/micks-touren.de\/wp-content\/uploads\/2018\/09\/Lon11-300x225.jpg 300w, https:\/\/micks-touren.de\/wp-content\/uploads\/2018\/09\/Lon11-768x576.jpg 768w, https:\/\/micks-touren.de\/wp-content\/uploads\/2018\/09\/Lon11-467x350.jpg 467w, https:\/\/micks-touren.de\/wp-content\/uploads\/2018\/09\/Lon11-150x113.jpg 150w\" sizes=\"auto, (max-width: 1000px) 100vw, 1000px\" \/><\/p>\n<p>Eine Skulptur des K\u00fcnstlers Christo, es besteht aus 7500 \u00d6lf\u00e4ssern.<\/p>\n<p>Sp\u00e4ter fand ich dann endlich mal die &#8222;Speaker&#8217;s corner&#8220; (nicht so spektakul\u00e4r, wie man vielleicht vermutet, und gesprochen hat auch niemand) und die &#8222;Peter-Pan&#8220;-Statue in den Kensington gardens. Mit dem kleinen Rest unserer Truppe, der noch da war, gings zum Mittagessen in ein vegetarisches indisches Restaurant. Und endlich mal erfreuliche Preise: F\u00fcr ein Buffet-Men\u00fc zahlten wir gerade mal 7 Pfund.<\/p>\n<p>Irgendwann hie\u00df es dann &#8222;ab nach Stansted&#8220; und dann nach Hause.<\/p>\n<p>Fazit: Es waren geile Tage !!! Und es gibt den Plan, das Ganze im n\u00e4chsten Jahr zu wiederholen. Das Abschlusskonzert ist am 14.09.19 &#8211; wenn nichts dazwischen kommt, bin ich dabei \ud83d\ude00<\/p>\n","protected":false},"excerpt":{"rendered":"<p>Nach 10 Jahren war es endlich wieder soweit: London, ich komme !! Angefangen hatte das Ganze mit einer Mail. Ich bin auf einigen Mail-Listen von Mensa Deutschland, und eines Tages suchte jemand Mitreisende f\u00fcr die &#8222;last night of the proms&#8220; in der Royal Albert Hall. Eine &#8222;night of the proms&#8220;&#8230;<\/p>\n<p class=\"continue-reading-button\"> <a class=\"continue-reading-link\" href=\"https:\/\/micks-touren.de\/?page_id=804\">Continue reading<i class=\"crycon-right-dir\"><\/i><\/a><\/p>\n","protected":false},"author":1,"featured_media":0,"parent":0,"menu_order":0,"comment_status":"open","ping_status":"closed","template":"","meta":{"footnotes":""},"class_list":["post-804","page","type-page","status-publish","hentry"],"_links":{"self":[{"href":"https:\/\/micks-touren.de\/index.php?rest_route=\/wp\/v2\/pages\/804","targetHints":{"allow":["GET"]}}],"collection":[{"href":"https:\/\/micks-touren.de\/index.php?rest_route=\/wp\/v2\/pages"}],"about":[{"href":"https:\/\/micks-touren.de\/index.php?rest_route=\/wp\/v2\/types\/page"}],"author":[{"embeddable":true,"href":"https:\/\/micks-touren.de\/index.php?rest_route=\/wp\/v2\/users\/1"}],"replies":[{"embeddable":true,"href":"https:\/\/micks-touren.de\/index.php?rest_route=%2Fwp%2Fv2%2Fcomments&post=804"}],"version-history":[{"count":15,"href":"https:\/\/micks-touren.de\/index.php?rest_route=\/wp\/v2\/pages\/804\/revisions"}],"predecessor-version":[{"id":1441,"href":"https:\/\/micks-touren.de\/index.php?rest_route=\/wp\/v2\/pages\/804\/revisions\/1441"}],"wp:attachment":[{"href":"https:\/\/micks-touren.de\/index.php?rest_route=%2Fwp%2Fv2%2Fmedia&parent=804"}],"curies":[{"name":"wp","href":"https:\/\/api.w.org\/{rel}","templated":true}]}}