{"id":739,"date":"2018-06-20T19:43:53","date_gmt":"2018-06-20T19:43:53","guid":{"rendered":"http:\/\/micks-touren.de\/?page_id=739"},"modified":"2018-06-28T19:39:38","modified_gmt":"2018-06-28T19:39:38","slug":"oslo-2018","status":"publish","type":"page","link":"https:\/\/micks-touren.de\/?page_id=739","title":{"rendered":"Oslo (2018)"},"content":{"rendered":"<p>Wenn es mal wieder Zeit wird, sich etwas Neues anzuschauen &#8230; dann gehe ich auf die Suche. Und das Ergebnis war diesmal Oslo, die norwegische Hauptstadt. Zugegeben, Norwegen ist nicht gerade billig. Aber zumindest die Fl\u00fcge waren preislich ok. Allerdings &#8230; naja, dazu sp\u00e4ter mehr.<\/p>\n<p>Eine Unterkunft hatte ich \u00fcber AirBnb gebucht, ein Appartment mit Dachterrasse (man g\u00f6nnt sich ja sonst nichts). Und an einem Dienstag im Juni ging es dann ab Frankfurt los, zuerst nach Stansted und dann weiter nach Oslo.<\/p>\n<p>&nbsp;<\/p>\n<p><img loading=\"lazy\" decoding=\"async\" class=\"aligncenter size-full wp-image-740\" src=\"https:\/\/micks-touren.de\/wp-content\/uploads\/2018\/06\/Oslo_01-e1529514447685.jpg\" alt=\"\" width=\"675\" height=\"900\" \/><\/p>\n<p>Oslo von oben<\/p>\n<p>Im Vorfeld hatte ich mich nat\u00fcrlich erkundigt (und hier ein kleines Dankesch\u00f6n an Sabine, die mir einen Reisef\u00fchrer geschenkt hat \ud83d\ude09 ): Wie in jeder gr\u00f6\u00dferen Stadt kann man auch in Oslo (Achtung: <span style=\"color: #ff0000;\"><strong>TIPP<\/strong><\/span> !) eine Touristen-Karte kaufen. Hier hie\u00df sie Oslo-Pass und berechtigte zur kostenlosen Nutzung aller \u00f6ffentlichen Verkehrsmittel im Stadtgebiet, zum freien Eintritt in dutzenden von Museen und zu Rabatt in manchen Restaurants. Der Preis f\u00fcr 72 Stunden G\u00fcltigkeit lag bei etwas \u00fcber 80 Euro &#8211; aber die hatte ich am 2. Tag schon wieder drin.<\/p>\n<p>Die ersten beiden Tage waren wettertechnisch ziemlich durchwachsen. Schon auf dem Weg zur Metro-Station musste ich meinen Schirm benutzen. Dementsprechend waren erstmal Museums- und Ausstellungsbesuche eingeplant. Und da gibt es\u00a0 wirklich einiges zu sehen ! Zum Beispiel &#8230;<\/p>\n<p><img loading=\"lazy\" decoding=\"async\" class=\"aligncenter size-large wp-image-741\" src=\"https:\/\/micks-touren.de\/wp-content\/uploads\/2018\/06\/Oslo_02-1024x768.jpg\" alt=\"\" width=\"900\" height=\"675\" srcset=\"https:\/\/micks-touren.de\/wp-content\/uploads\/2018\/06\/Oslo_02.jpg 1024w, https:\/\/micks-touren.de\/wp-content\/uploads\/2018\/06\/Oslo_02-300x225.jpg 300w, https:\/\/micks-touren.de\/wp-content\/uploads\/2018\/06\/Oslo_02-768x576.jpg 768w, https:\/\/micks-touren.de\/wp-content\/uploads\/2018\/06\/Oslo_02-467x350.jpg 467w, https:\/\/micks-touren.de\/wp-content\/uploads\/2018\/06\/Oslo_02-150x113.jpg 150w\" sizes=\"auto, (max-width: 900px) 100vw, 900px\" \/><\/p>\n<p>&#8230; das Nobel Friedens-Center. Innen wird alles M\u00f6gliche \u00fcber den Friedens-Nobelpreis erz\u00e4hlt, au\u00dferdem gibt es eine Licht-Installation mit allen Preistr\u00e4gern.<\/p>\n<p><img loading=\"lazy\" decoding=\"async\" class=\"aligncenter size-large wp-image-742\" src=\"https:\/\/micks-touren.de\/wp-content\/uploads\/2018\/06\/Oslo_03-1024x768.jpg\" alt=\"\" width=\"900\" height=\"675\" srcset=\"https:\/\/micks-touren.de\/wp-content\/uploads\/2018\/06\/Oslo_03.jpg 1024w, https:\/\/micks-touren.de\/wp-content\/uploads\/2018\/06\/Oslo_03-300x225.jpg 300w, https:\/\/micks-touren.de\/wp-content\/uploads\/2018\/06\/Oslo_03-768x576.jpg 768w, https:\/\/micks-touren.de\/wp-content\/uploads\/2018\/06\/Oslo_03-467x350.jpg 467w, https:\/\/micks-touren.de\/wp-content\/uploads\/2018\/06\/Oslo_03-150x113.jpg 150w\" sizes=\"auto, (max-width: 900px) 100vw, 900px\" \/><\/p>\n<p>Zum Stadtgebiet von Oslo geh\u00f6ren auch einige Halb- und ganze Inseln, die teilweise bewohnt sind. Dorthin kommt man mit gr\u00f6\u00dferen oder kleineren F\u00e4hren. Mit einer davon bin ich auf die Halbinsel Bygdoy gefahren und habe das &#8222;Kon-Tiki&#8220;- und das &#8222;Fram&#8220;-Museum besucht. Beides sind ber\u00fchmte Forschungsschiffe und werden original dort ausgestellt.<\/p>\n<p><img loading=\"lazy\" decoding=\"async\" class=\"aligncenter size-large wp-image-743\" src=\"https:\/\/micks-touren.de\/wp-content\/uploads\/2018\/06\/Oslo_04-1024x768.jpg\" alt=\"\" width=\"900\" height=\"675\" srcset=\"https:\/\/micks-touren.de\/wp-content\/uploads\/2018\/06\/Oslo_04.jpg 1024w, https:\/\/micks-touren.de\/wp-content\/uploads\/2018\/06\/Oslo_04-300x225.jpg 300w, https:\/\/micks-touren.de\/wp-content\/uploads\/2018\/06\/Oslo_04-768x576.jpg 768w, https:\/\/micks-touren.de\/wp-content\/uploads\/2018\/06\/Oslo_04-467x350.jpg 467w, https:\/\/micks-touren.de\/wp-content\/uploads\/2018\/06\/Oslo_04-150x113.jpg 150w\" sizes=\"auto, (max-width: 900px) 100vw, 900px\" \/><\/p>\n<p>In den 40er Jahren hatte der Norweger Thor Heyerdahl die Theorie, dass Polynesien von S\u00fcdamerika aus besiedelt wurde &#8211; was eine Fahrt von mehreren tausend Kilometern Luftlinie bedeutete. Heyerdahl baute in S\u00fcdamerika ein Flo\u00df aus Balsa-Holz, suchte sich eine Mannschaft und segelte los. 20 Jahre sp\u00e4ter lie\u00df er ein Flo\u00df aus Papyrus bauen, die &#8222;Ra&#8220;, und segelte damit \u00fcber den Atlantik.<\/p>\n<p>Direkt nebenan befindet sich das &#8222;Fram&#8220;-Museum, ebenfalls mit dem Original-Schiff. Die Forscher und Entdecker Fridtjof Nansen und Roald Amundsen machten damit Fahrten in den \u00e4u\u00dfersten Norden. Die &#8222;Fram&#8220; kann man komplett innen und au\u00dfen erkunden, ein wirkliches Erlebnis, dass man sich nicht entgehen lassen sollte.<\/p>\n<p><img loading=\"lazy\" decoding=\"async\" class=\"aligncenter size-full wp-image-744\" src=\"https:\/\/micks-touren.de\/wp-content\/uploads\/2018\/06\/Oslo_05-e1529519137912.jpg\" alt=\"\" width=\"675\" height=\"900\" \/><\/p>\n<p>Ich besuchte auch noch die National-Galerie mit Werken von vielen bekannten K\u00fcnstlern. Das ber\u00fchmteste dort d\u00fcrfte &#8222;der Schrei&#8220; des Malers Edvard Munch sein. Der hat zwar sein eigenes Museum in Oslo, sein gr\u00f6\u00dftes Werk h\u00e4ngt aber in der Galerie. Und ich war nur einen Meter davon entfernt\u00a0 \ud83d\ude00<\/p>\n<p><img loading=\"lazy\" decoding=\"async\" class=\"aligncenter size-full wp-image-745\" src=\"https:\/\/micks-touren.de\/wp-content\/uploads\/2018\/06\/Oslo_06.jpg\" alt=\"\" width=\"675\" height=\"900\" srcset=\"https:\/\/micks-touren.de\/wp-content\/uploads\/2018\/06\/Oslo_06.jpg 675w, https:\/\/micks-touren.de\/wp-content\/uploads\/2018\/06\/Oslo_06-225x300.jpg 225w, https:\/\/micks-touren.de\/wp-content\/uploads\/2018\/06\/Oslo_06-263x350.jpg 263w, https:\/\/micks-touren.de\/wp-content\/uploads\/2018\/06\/Oslo_06-113x150.jpg 113w\" sizes=\"auto, (max-width: 675px) 100vw, 675px\" \/><\/p>\n<p>Nat\u00fcrlich sollte man auch mal was essen. Und was soll ich sagen &#8230; ich musste nach Oslo fliegen, um meinen ersten Burger in einem Hard Rock Cafe zu essen. Der war aber so lecker, dass ich zwei Tage sp\u00e4ter nochmal dort war\u00a0 \ud83d\ude09<\/p>\n<p>Wenn man schon vom Essen spricht: An meinem ersten Abend machte ich mich auf die Suche nach einem Supermarkt. Es gibt eine Art &#8222;Aldi Norwegens&#8220;, die &#8222;Rema 1000&#8220;-Kette. Dort und auch in den &#8222;Meny&#8220;-Filialen gibt es das Skolebroed, ein leckeres Hefeteilchen mit Vanille-Pudding in der Mitte, viel Zuckerguss und Kokos-Streuseln. Das Ganze wurde wohl in den 50er Jahren erfunden, damit Schulkinder in der Pause etwas auf der Hand hatten. Tja, andere Zeiten &#8230; aber lecker ist es auf jeden Fall.<\/p>\n<p><img loading=\"lazy\" decoding=\"async\" class=\"aligncenter size-full wp-image-746\" src=\"https:\/\/micks-touren.de\/wp-content\/uploads\/2018\/06\/Oslo_07.jpg\" alt=\"\" width=\"600\" height=\"430\" srcset=\"https:\/\/micks-touren.de\/wp-content\/uploads\/2018\/06\/Oslo_07.jpg 900w, https:\/\/micks-touren.de\/wp-content\/uploads\/2018\/06\/Oslo_07-300x215.jpg 300w, https:\/\/micks-touren.de\/wp-content\/uploads\/2018\/06\/Oslo_07-768x550.jpg 768w, https:\/\/micks-touren.de\/wp-content\/uploads\/2018\/06\/Oslo_07-488x350.jpg 488w, https:\/\/micks-touren.de\/wp-content\/uploads\/2018\/06\/Oslo_07-150x108.jpg 150w\" sizes=\"auto, (max-width: 600px) 100vw, 600px\" \/><\/p>\n<p>Am dritten Tag war tolles Wetter. Und da habe ich das gemacht, was man in Oslo unbedingt machen sollte: Ich besuchte die Anlage auf dem Holmenkollen. Die geh\u00f6rt tats\u00e4chlich zum Stadtgebiet und deshalb f\u00e4hrt auch eine Metro-Linie dorthin. Bis man dort ist, f\u00e4hrt man durch eine Art Vorort-Gegend und muss nach dem Aussteigen noch ca. 1 km einen Berg hoch. Aber es lohnt sich.<\/p>\n<p><img loading=\"lazy\" decoding=\"async\" class=\"aligncenter size-full wp-image-752\" src=\"https:\/\/micks-touren.de\/wp-content\/uploads\/2018\/06\/Oslo_08.jpg\" alt=\"\" width=\"675\" height=\"900\" srcset=\"https:\/\/micks-touren.de\/wp-content\/uploads\/2018\/06\/Oslo_08.jpg 675w, https:\/\/micks-touren.de\/wp-content\/uploads\/2018\/06\/Oslo_08-225x300.jpg 225w, https:\/\/micks-touren.de\/wp-content\/uploads\/2018\/06\/Oslo_08-263x350.jpg 263w, https:\/\/micks-touren.de\/wp-content\/uploads\/2018\/06\/Oslo_08-113x150.jpg 113w\" sizes=\"auto, (max-width: 675px) 100vw, 675px\" \/>Der Blick von der Sprungschanze.<\/p>\n<p>Wer genau hinschaut, sieht diverse Stahlseile, die nach unten f\u00fchren. Da k\u00f6nnen sich Mutige einklinken und dann bis nach unten rutschen.<\/p>\n<p>Eine Treppe h\u00f6her gibt es eine Aussichtsplattform, auf der man einen tollen Rundumblick \u00fcber die ganze Gegend hat. <span style=\"color: #ff0000;\"><strong>TIPP<\/strong><\/span>: Nehmt Euch einen Pullover oder eine Jacke mit, auch im Sommer. Da oben kann es ziemlich heftig blasen.<\/p>\n<p><img loading=\"lazy\" decoding=\"async\" class=\"aligncenter size-full wp-image-753\" src=\"https:\/\/micks-touren.de\/wp-content\/uploads\/2018\/06\/Oslo_09.jpg\" alt=\"\" width=\"1024\" height=\"768\" srcset=\"https:\/\/micks-touren.de\/wp-content\/uploads\/2018\/06\/Oslo_09.jpg 1024w, https:\/\/micks-touren.de\/wp-content\/uploads\/2018\/06\/Oslo_09-300x225.jpg 300w, https:\/\/micks-touren.de\/wp-content\/uploads\/2018\/06\/Oslo_09-768x576.jpg 768w, https:\/\/micks-touren.de\/wp-content\/uploads\/2018\/06\/Oslo_09-467x350.jpg 467w, https:\/\/micks-touren.de\/wp-content\/uploads\/2018\/06\/Oslo_09-150x113.jpg 150w\" sizes=\"auto, (max-width: 1024px) 100vw, 1024px\" \/>Blick auf Oslo und den Fjord<\/p>\n<p>Nat\u00fcrlich gibt es auch hier ein Museum mit allerhand Infos \u00fcber den Wintersport in Norwegen, vielen Ausstellungsst\u00fccken usw. Und es liegen auch G\u00e4steb\u00fccher herum, in die man sich eintragen kann. Wenn Ihr mal nach Oslo kommt, dann sucht meinen Eintrag \ud83d\ude00<\/p>\n<p><img loading=\"lazy\" decoding=\"async\" class=\"aligncenter size-full wp-image-754\" src=\"https:\/\/micks-touren.de\/wp-content\/uploads\/2018\/06\/Oslo_10.jpg\" alt=\"\" width=\"675\" height=\"900\" srcset=\"https:\/\/micks-touren.de\/wp-content\/uploads\/2018\/06\/Oslo_10.jpg 675w, https:\/\/micks-touren.de\/wp-content\/uploads\/2018\/06\/Oslo_10-225x300.jpg 225w, https:\/\/micks-touren.de\/wp-content\/uploads\/2018\/06\/Oslo_10-263x350.jpg 263w, https:\/\/micks-touren.de\/wp-content\/uploads\/2018\/06\/Oslo_10-113x150.jpg 113w\" sizes=\"auto, (max-width: 675px) 100vw, 675px\" \/><\/p>\n<p>Wie gesagt, das Wetter war sehr angenehm. Genau das Richtige, um anschlie\u00dfend mit einem ehemaligen Krabbenkutter eine Rundfahrt zu unternehmen. Das Ganze nennt sich &#8222;City cruise Hop-on Hop-off&#8220;. Man kann an 5 verschiedenen Stationen ein- und wieder aussteigen und sieht dabei einen kleinen Teil des Oslo-Fjords.<\/p>\n<p><img loading=\"lazy\" decoding=\"async\" class=\"aligncenter size-large wp-image-756\" src=\"https:\/\/micks-touren.de\/wp-content\/uploads\/2018\/06\/Oslo_12-1024x768.jpg\" alt=\"\" width=\"900\" height=\"675\" srcset=\"https:\/\/micks-touren.de\/wp-content\/uploads\/2018\/06\/Oslo_12.jpg 1024w, https:\/\/micks-touren.de\/wp-content\/uploads\/2018\/06\/Oslo_12-300x225.jpg 300w, https:\/\/micks-touren.de\/wp-content\/uploads\/2018\/06\/Oslo_12-768x576.jpg 768w, https:\/\/micks-touren.de\/wp-content\/uploads\/2018\/06\/Oslo_12-467x350.jpg 467w, https:\/\/micks-touren.de\/wp-content\/uploads\/2018\/06\/Oslo_12-150x113.jpg 150w\" sizes=\"auto, (max-width: 900px) 100vw, 900px\" \/><\/p>\n<p>Einer der Haltepunkte ist an der Osloer Oper. Ein sehr interessantes Geb\u00e4ude: Man kann ihm sozusagen aufs Dach steigen &#8211; was von Touristen und Schulklassen eifrig genutzt wird. Ganz oben, oberhalb der Glasfront, hat man einen sch\u00f6nen \u00dcberblick.<\/p>\n<p><img loading=\"lazy\" decoding=\"async\" class=\"aligncenter size-large wp-image-758\" src=\"https:\/\/micks-touren.de\/wp-content\/uploads\/2018\/06\/Oslo_13-1024x768.jpg\" alt=\"\" width=\"900\" height=\"675\" srcset=\"https:\/\/micks-touren.de\/wp-content\/uploads\/2018\/06\/Oslo_13.jpg 1024w, https:\/\/micks-touren.de\/wp-content\/uploads\/2018\/06\/Oslo_13-300x225.jpg 300w, https:\/\/micks-touren.de\/wp-content\/uploads\/2018\/06\/Oslo_13-768x576.jpg 768w, https:\/\/micks-touren.de\/wp-content\/uploads\/2018\/06\/Oslo_13-467x350.jpg 467w, https:\/\/micks-touren.de\/wp-content\/uploads\/2018\/06\/Oslo_13-150x113.jpg 150w\" sizes=\"auto, (max-width: 900px) 100vw, 900px\" \/><\/p>\n<p>Auch innen sieht die Oper ziemlich interessant aus. Leider kann man sie nur in einer F\u00fchrung ganz besichtigen.<\/p>\n<p>Was bei einer Besichtigungstour in Oslo nicht fehlen darf, ist das Schlo\u00df. Es liegt mitten in der Stadt in einem Park auf einem kleinen H\u00fcgel. Das Besondere ist, dass man rundherum laufen kann, so nah, dass man in die Fenster kucken kann. Familie K\u00f6nig hab ich allerdings nicht gesehen \ud83d\ude41<\/p>\n<p><img loading=\"lazy\" decoding=\"async\" class=\"aligncenter size-large wp-image-759\" src=\"https:\/\/micks-touren.de\/wp-content\/uploads\/2018\/06\/Oslo_14-1024x768.jpg\" alt=\"\" width=\"900\" height=\"675\" srcset=\"https:\/\/micks-touren.de\/wp-content\/uploads\/2018\/06\/Oslo_14.jpg 1024w, https:\/\/micks-touren.de\/wp-content\/uploads\/2018\/06\/Oslo_14-300x225.jpg 300w, https:\/\/micks-touren.de\/wp-content\/uploads\/2018\/06\/Oslo_14-768x576.jpg 768w, https:\/\/micks-touren.de\/wp-content\/uploads\/2018\/06\/Oslo_14-467x350.jpg 467w, https:\/\/micks-touren.de\/wp-content\/uploads\/2018\/06\/Oslo_14-150x113.jpg 150w\" sizes=\"auto, (max-width: 900px) 100vw, 900px\" \/><\/p>\n<p>Mein letzter Tag war angebrochen. Zur\u00fcck flog ich nachmittags nicht ab dem Flughafen Gardemoen im Norden von Oslo, sondern vom Regionalflughafen Torp, 110 km s\u00fcdlich. Also ab zum Bahnhof. Dazu mal ein Wort zu den norwegischen Z\u00fcgen: Sehr modern, an jeder Sitzreihe gibt es eine Steckdose zum Aufladen des Handys &#8211; und kostenloses WLAN !!<\/p>\n<p>Ok, bis zur Abfahrt hatte ich noch Zeit, also bin ich noch ein bi\u00dfchen die Karl Johans Gate entlangspaziert. Das ist die Haupteinkaufsstra\u00dfe von Oslo und an einem Samstag noch voller als sonst. Das hier ist nur ein ganz kleiner Eindruck vom Trubel (in einer Seitenstra\u00dfe !!):<\/p>\n<p><img loading=\"lazy\" decoding=\"async\" class=\"aligncenter size-full wp-image-760\" src=\"https:\/\/micks-touren.de\/wp-content\/uploads\/2018\/06\/Oslo_15.jpg\" alt=\"\" width=\"675\" height=\"900\" srcset=\"https:\/\/micks-touren.de\/wp-content\/uploads\/2018\/06\/Oslo_15.jpg 675w, https:\/\/micks-touren.de\/wp-content\/uploads\/2018\/06\/Oslo_15-225x300.jpg 225w, https:\/\/micks-touren.de\/wp-content\/uploads\/2018\/06\/Oslo_15-263x350.jpg 263w, https:\/\/micks-touren.de\/wp-content\/uploads\/2018\/06\/Oslo_15-113x150.jpg 113w\" sizes=\"auto, (max-width: 675px) 100vw, 675px\" \/><\/p>\n<p>An sich hatte ich einen R\u00fcckflug Oslo-Krakau-Frankfurt gebucht. Drei Wochen nach der Buchung bekam ich die Mitteilung, dass der Flug ab Krakau erst einen Tag sp\u00e4ter stattfinden w\u00fcrde. Was tun? Ich wurde zwar sofort aktiv und schlug dem Buchungsportal eine Alternativ-Route vor &#8230; aber die brauchten geschlagene 3 Wochen, um mir das offiziell anzubieten, und dann f\u00fcr einen Aufpreis, der mich nur den Kopf sch\u00fctteln lie\u00df. Ein Hotel in Krakau war um L\u00e4ngen billiger. Also buchte ich etwas widerwillig dort eine Unterkunft am Rand der Altstadt &#8211; und war \u00fcberrascht: Krakau ist eine sch\u00f6ne und interessante Stadt. Zum Beweis lasse ich einfach mal ein paar Bilder sprechen.<\/p>\n<p><img loading=\"lazy\" decoding=\"async\" class=\"aligncenter size-large wp-image-762\" src=\"https:\/\/micks-touren.de\/wp-content\/uploads\/2018\/06\/Oslo_16-1024x768.jpg\" alt=\"\" width=\"900\" height=\"675\" srcset=\"https:\/\/micks-touren.de\/wp-content\/uploads\/2018\/06\/Oslo_16.jpg 1024w, https:\/\/micks-touren.de\/wp-content\/uploads\/2018\/06\/Oslo_16-300x225.jpg 300w, https:\/\/micks-touren.de\/wp-content\/uploads\/2018\/06\/Oslo_16-768x576.jpg 768w, https:\/\/micks-touren.de\/wp-content\/uploads\/2018\/06\/Oslo_16-467x350.jpg 467w, https:\/\/micks-touren.de\/wp-content\/uploads\/2018\/06\/Oslo_16-150x113.jpg 150w\" sizes=\"auto, (max-width: 900px) 100vw, 900px\" \/><\/p>\n<p>Schloss Wawel, hier wurden die polnischen K\u00f6nige gekr\u00f6nt, verheiratet und gr\u00f6\u00dftenteils auch begraben<\/p>\n<p><img loading=\"lazy\" decoding=\"async\" class=\"aligncenter size-large wp-image-763\" src=\"https:\/\/micks-touren.de\/wp-content\/uploads\/2018\/06\/Oslo_17-1024x768.jpg\" alt=\"\" width=\"900\" height=\"675\" srcset=\"https:\/\/micks-touren.de\/wp-content\/uploads\/2018\/06\/Oslo_17.jpg 1024w, https:\/\/micks-touren.de\/wp-content\/uploads\/2018\/06\/Oslo_17-300x225.jpg 300w, https:\/\/micks-touren.de\/wp-content\/uploads\/2018\/06\/Oslo_17-768x576.jpg 768w, https:\/\/micks-touren.de\/wp-content\/uploads\/2018\/06\/Oslo_17-467x350.jpg 467w, https:\/\/micks-touren.de\/wp-content\/uploads\/2018\/06\/Oslo_17-150x113.jpg 150w\" sizes=\"auto, (max-width: 900px) 100vw, 900px\" \/><\/p>\n<p>Blick auf die Weichsel<\/p>\n<p><img loading=\"lazy\" decoding=\"async\" class=\"aligncenter size-large wp-image-764\" src=\"https:\/\/micks-touren.de\/wp-content\/uploads\/2018\/06\/Oslo_18-1024x768.jpg\" alt=\"\" width=\"900\" height=\"675\" srcset=\"https:\/\/micks-touren.de\/wp-content\/uploads\/2018\/06\/Oslo_18.jpg 1024w, https:\/\/micks-touren.de\/wp-content\/uploads\/2018\/06\/Oslo_18-300x225.jpg 300w, https:\/\/micks-touren.de\/wp-content\/uploads\/2018\/06\/Oslo_18-768x576.jpg 768w, https:\/\/micks-touren.de\/wp-content\/uploads\/2018\/06\/Oslo_18-467x350.jpg 467w, https:\/\/micks-touren.de\/wp-content\/uploads\/2018\/06\/Oslo_18-150x113.jpg 150w\" sizes=\"auto, (max-width: 900px) 100vw, 900px\" \/><\/p>\n<p>Die Kathedrale im Schloss Wawel. Links geht&#8217;s in eine Gruft, wo der Sarkophag des ehemaligen Pr\u00e4sidenten Lech Kaczynski und seiner Frau steht<\/p>\n<p><img loading=\"lazy\" decoding=\"async\" class=\"aligncenter size-large wp-image-765\" src=\"https:\/\/micks-touren.de\/wp-content\/uploads\/2018\/06\/Oslo_19-1024x768.jpg\" alt=\"\" width=\"900\" height=\"675\" srcset=\"https:\/\/micks-touren.de\/wp-content\/uploads\/2018\/06\/Oslo_19.jpg 1024w, https:\/\/micks-touren.de\/wp-content\/uploads\/2018\/06\/Oslo_19-300x225.jpg 300w, https:\/\/micks-touren.de\/wp-content\/uploads\/2018\/06\/Oslo_19-768x576.jpg 768w, https:\/\/micks-touren.de\/wp-content\/uploads\/2018\/06\/Oslo_19-467x350.jpg 467w, https:\/\/micks-touren.de\/wp-content\/uploads\/2018\/06\/Oslo_19-150x113.jpg 150w\" sizes=\"auto, (max-width: 900px) 100vw, 900px\" \/><\/p>\n<p>Sukiennice, die Krakauer Tuchhallen mit vielen St\u00e4nden im Innern.<\/p>\n<p>Zu guter Letzt bin ich dann doch wieder in der Heimat gelandet. Und eine Woche sp\u00e4ter habe ich schon wieder \u00fcberlegt, wo es als n\u00e4chstes hingehen soll \ud83d\ude00<\/p>\n<p>&nbsp;<\/p>\n<p>&nbsp;<\/p>\n","protected":false},"excerpt":{"rendered":"<p>Wenn es mal wieder Zeit wird, sich etwas Neues anzuschauen &#8230; dann gehe ich auf die Suche. Und das Ergebnis war diesmal Oslo, die norwegische Hauptstadt. Zugegeben, Norwegen ist nicht gerade billig. Aber zumindest die Fl\u00fcge waren preislich ok. Allerdings &#8230; naja, dazu sp\u00e4ter mehr. Eine Unterkunft hatte ich \u00fcber&#8230;<\/p>\n<p class=\"continue-reading-button\"> <a class=\"continue-reading-link\" href=\"https:\/\/micks-touren.de\/?page_id=739\">Continue reading<i class=\"crycon-right-dir\"><\/i><\/a><\/p>\n","protected":false},"author":1,"featured_media":0,"parent":0,"menu_order":0,"comment_status":"open","ping_status":"closed","template":"","meta":{"footnotes":""},"class_list":["post-739","page","type-page","status-publish","hentry"],"_links":{"self":[{"href":"https:\/\/micks-touren.de\/index.php?rest_route=\/wp\/v2\/pages\/739","targetHints":{"allow":["GET"]}}],"collection":[{"href":"https:\/\/micks-touren.de\/index.php?rest_route=\/wp\/v2\/pages"}],"about":[{"href":"https:\/\/micks-touren.de\/index.php?rest_route=\/wp\/v2\/types\/page"}],"author":[{"embeddable":true,"href":"https:\/\/micks-touren.de\/index.php?rest_route=\/wp\/v2\/users\/1"}],"replies":[{"embeddable":true,"href":"https:\/\/micks-touren.de\/index.php?rest_route=%2Fwp%2Fv2%2Fcomments&post=739"}],"version-history":[{"count":10,"href":"https:\/\/micks-touren.de\/index.php?rest_route=\/wp\/v2\/pages\/739\/revisions"}],"predecessor-version":[{"id":778,"href":"https:\/\/micks-touren.de\/index.php?rest_route=\/wp\/v2\/pages\/739\/revisions\/778"}],"wp:attachment":[{"href":"https:\/\/micks-touren.de\/index.php?rest_route=%2Fwp%2Fv2%2Fmedia&parent=739"}],"curies":[{"name":"wp","href":"https:\/\/api.w.org\/{rel}","templated":true}]}}