{"id":530,"date":"2017-09-18T16:31:53","date_gmt":"2017-09-18T15:31:53","guid":{"rendered":"http:\/\/micks-touren.de\/?page_id=530"},"modified":"2021-01-13T21:07:47","modified_gmt":"2021-01-13T20:07:47","slug":"dresden-2017","status":"publish","type":"page","link":"https:\/\/micks-touren.de\/?page_id=530","title":{"rendered":"Dresden (2017)"},"content":{"rendered":"<p>Ich hatte mal wieder ein paar Tage Urlaub geplant und wollte mich in Kultur \u00fcben. Da man das auch in Deutschland gut machen kann, bin ich Mitte September f\u00fcr 5 Tage nach Dresden gefahren. Von dieser Stadt kennt man ja so einiges: Semper-Oper, Zwinger, Frauenkirche &#8230; Es gibt aber noch viel mehr zu sehen, und davon will ich hier mal berichten.<\/p>\n<p>Wie schon ein paarmal erw\u00e4hnt bin ich ein Schn\u00e4ppchenj\u00e4ger. Ich kucke ziemlich genau auf den Preis, und deshalb habe ich mich im ibis-Hotel in Kesselsdorf einquartiert. Zur Innenstadt von Dresden f\u00e4hrt man da zwar eine Viertelstunde, aber 1. habe ich schon ein paarmal bei ibis \u00fcbernachtet und war bisher immer zufrieden und 2. kann man bei 160 Euro f\u00fcr 4 \u00dcbernachtungen mit Fr\u00fchst\u00fcck lange suchen, bis man etwas Vergleichbares innerhalb von Dresden findet. 3. ist es hier ruhig \ud83d\ude00<\/p>\n<p>Ich bin nach einigen Stunden Autofahrt nachmittags angekommen, es war also nach dem Einchecken noch genug Zeit, einen ersten Abstecher nach Dresden zu machen. Logischerweise zu den Highlights, die man so kennt: Den Zwinger und die Frauenkirche, allerdings beide nur von au\u00dfen. Zum Essen wollte ich in ein besonderes Restaurant gehen, das gegen\u00fcber vom Hauptbahnhof liegt. Leider hatte ich nicht reserviert (dringend notwendig, besonders Samstagabend). Also habe ich f\u00fcr Sonntagabend eine Reservierung vorgenommen. Der Bericht und die Fotos kommen dann noch.<br \/>\nIch bin dann mit der Stra\u00dfenbahn in die Neustadt gefahren und habe mir dort in der Pasta-Manufaktur etwas geg\u00f6nnt. Meine Beurteilung k\u00f6nnt Ihr bei Tripadvisor lesen \ud83d\ude09<\/p>\n<p><img loading=\"lazy\" decoding=\"async\" class=\"aligncenter size-large wp-image-533\" src=\"https:\/\/micks-touren.de\/wp-content\/uploads\/2017\/09\/Dres01-1024x682.jpg\" alt=\"\" width=\"900\" height=\"599\" srcset=\"https:\/\/micks-touren.de\/wp-content\/uploads\/2017\/09\/Dres01-1024x682.jpg 1024w, https:\/\/micks-touren.de\/wp-content\/uploads\/2017\/09\/Dres01-300x200.jpg 300w, https:\/\/micks-touren.de\/wp-content\/uploads\/2017\/09\/Dres01-768x512.jpg 768w, https:\/\/micks-touren.de\/wp-content\/uploads\/2017\/09\/Dres01-525x350.jpg 525w, https:\/\/micks-touren.de\/wp-content\/uploads\/2017\/09\/Dres01-150x100.jpg 150w, https:\/\/micks-touren.de\/wp-content\/uploads\/2017\/09\/Dres01.jpg 2000w\" sizes=\"auto, (max-width: 900px) 100vw, 900px\" \/>Blick von der Augustusbr\u00fccke auf die Akademie der Bildenden K\u00fcnste und die Frauenkirche<\/p>\n<p>Nach einer ruhigen Nacht und einem ausreichenden Fr\u00fchst\u00fcck bin ich dann nach Dresden-Cotta gefahren und habe einen Festgottesdienst der dortigen Ev.-freikirchlichen Gemeinde besucht. Die hatten 125. Geburtstag und gleichzeitig Richtfest f\u00fcr einen Neubau. Mein Auto konnte ich anschlie\u00dfend in einer ruhigen Stra\u00dfe stehen lassen, weil direkt um die Ecke eine Stra\u00dfenbahnhaltestelle war, die mich in die Innenstadt gebracht hat.<br \/>\nZiel Nummer 1 war der Zwinger, und das bei bestem Wetter. Der Zwinger wurde Anfang des 18. Jahrhunderts gebaut, und zwar als Gartenanlage und Festareal. Bei der Gr\u00f6\u00dfe m\u00fcssen das wirklich gro\u00dfe Feste gewesen sein !<br \/>\nTeilweise kann man eine Etage h\u00f6her um das Gel\u00e4nde herumgehen und hat dann einen tollen Ausblick:<\/p>\n<p><img loading=\"lazy\" decoding=\"async\" class=\"aligncenter size-large wp-image-536\" src=\"https:\/\/micks-touren.de\/wp-content\/uploads\/2017\/09\/Dres02-1024x682.jpg\" alt=\"\" width=\"900\" height=\"599\" srcset=\"https:\/\/micks-touren.de\/wp-content\/uploads\/2017\/09\/Dres02-1024x682.jpg 1024w, https:\/\/micks-touren.de\/wp-content\/uploads\/2017\/09\/Dres02-300x200.jpg 300w, https:\/\/micks-touren.de\/wp-content\/uploads\/2017\/09\/Dres02-768x512.jpg 768w, https:\/\/micks-touren.de\/wp-content\/uploads\/2017\/09\/Dres02-525x350.jpg 525w, https:\/\/micks-touren.de\/wp-content\/uploads\/2017\/09\/Dres02-150x100.jpg 150w, https:\/\/micks-touren.de\/wp-content\/uploads\/2017\/09\/Dres02.jpg 2000w\" sizes=\"auto, (max-width: 900px) 100vw, 900px\" \/>Der Zwinger von au\u00dfen<\/p>\n<p><img loading=\"lazy\" decoding=\"async\" class=\"aligncenter size-large wp-image-537\" src=\"https:\/\/micks-touren.de\/wp-content\/uploads\/2017\/09\/Dres03-1024x682.jpg\" alt=\"\" width=\"900\" height=\"599\" srcset=\"https:\/\/micks-touren.de\/wp-content\/uploads\/2017\/09\/Dres03-1024x682.jpg 1024w, https:\/\/micks-touren.de\/wp-content\/uploads\/2017\/09\/Dres03-300x200.jpg 300w, https:\/\/micks-touren.de\/wp-content\/uploads\/2017\/09\/Dres03-768x512.jpg 768w, https:\/\/micks-touren.de\/wp-content\/uploads\/2017\/09\/Dres03-525x350.jpg 525w, https:\/\/micks-touren.de\/wp-content\/uploads\/2017\/09\/Dres03-150x100.jpg 150w, https:\/\/micks-touren.de\/wp-content\/uploads\/2017\/09\/Dres03.jpg 2000w\" sizes=\"auto, (max-width: 900px) 100vw, 900px\" \/>Das Gel\u00e4nde von vorne &#8230;<\/p>\n<p><img loading=\"lazy\" decoding=\"async\" class=\"aligncenter size-large wp-image-538\" src=\"https:\/\/micks-touren.de\/wp-content\/uploads\/2017\/09\/Dres04-1024x682.jpg\" alt=\"\" width=\"900\" height=\"599\" srcset=\"https:\/\/micks-touren.de\/wp-content\/uploads\/2017\/09\/Dres04-1024x682.jpg 1024w, https:\/\/micks-touren.de\/wp-content\/uploads\/2017\/09\/Dres04-300x200.jpg 300w, https:\/\/micks-touren.de\/wp-content\/uploads\/2017\/09\/Dres04-768x512.jpg 768w, https:\/\/micks-touren.de\/wp-content\/uploads\/2017\/09\/Dres04-525x350.jpg 525w, https:\/\/micks-touren.de\/wp-content\/uploads\/2017\/09\/Dres04-150x100.jpg 150w, https:\/\/micks-touren.de\/wp-content\/uploads\/2017\/09\/Dres04.jpg 2000w\" sizes=\"auto, (max-width: 900px) 100vw, 900px\" \/>&#8230; und von hinten<\/p>\n<p>Das Ganze wirkt durch die vielen Steinfiguren, Brunnen usw. ziemlich verspielt. Sogar einen Mini-Wasserfall gibt es hier:<\/p>\n<p><img loading=\"lazy\" decoding=\"async\" class=\"aligncenter size-large wp-image-539\" src=\"https:\/\/micks-touren.de\/wp-content\/uploads\/2017\/09\/Dres05-1024x682.jpg\" alt=\"\" width=\"900\" height=\"599\" srcset=\"https:\/\/micks-touren.de\/wp-content\/uploads\/2017\/09\/Dres05-1024x682.jpg 1024w, https:\/\/micks-touren.de\/wp-content\/uploads\/2017\/09\/Dres05-300x200.jpg 300w, https:\/\/micks-touren.de\/wp-content\/uploads\/2017\/09\/Dres05-768x512.jpg 768w, https:\/\/micks-touren.de\/wp-content\/uploads\/2017\/09\/Dres05-525x350.jpg 525w, https:\/\/micks-touren.de\/wp-content\/uploads\/2017\/09\/Dres05-150x100.jpg 150w, https:\/\/micks-touren.de\/wp-content\/uploads\/2017\/09\/Dres05.jpg 2000w\" sizes=\"auto, (max-width: 900px) 100vw, 900px\" \/><\/p>\n<p>Direkt nebenan ist die Semper-Oper. Ich war allerdings nicht drin.<\/p>\n<p><img loading=\"lazy\" decoding=\"async\" class=\"aligncenter size-large wp-image-542\" src=\"https:\/\/micks-touren.de\/wp-content\/uploads\/2017\/09\/Dres06-1024x682.jpg\" alt=\"\" width=\"900\" height=\"599\" srcset=\"https:\/\/micks-touren.de\/wp-content\/uploads\/2017\/09\/Dres06-1024x682.jpg 1024w, https:\/\/micks-touren.de\/wp-content\/uploads\/2017\/09\/Dres06-300x200.jpg 300w, https:\/\/micks-touren.de\/wp-content\/uploads\/2017\/09\/Dres06-768x512.jpg 768w, https:\/\/micks-touren.de\/wp-content\/uploads\/2017\/09\/Dres06-525x350.jpg 525w, https:\/\/micks-touren.de\/wp-content\/uploads\/2017\/09\/Dres06-150x100.jpg 150w, https:\/\/micks-touren.de\/wp-content\/uploads\/2017\/09\/Dres06.jpg 2000w\" sizes=\"auto, (max-width: 900px) 100vw, 900px\" \/><\/p>\n<p>Die n\u00e4chste Station war die Frauenkirche. Die sieht von innen recht interessant aus, weil die Kirchenb\u00e4nke rund sind. Au\u00dferdem gibt es nicht nur eine Empore, sondern ganz viele. Damit man das besser erkennt, habe ich mal ein Panoramafoto gemacht.<\/p>\n<p><img loading=\"lazy\" decoding=\"async\" class=\"aligncenter size-large wp-image-543\" src=\"https:\/\/micks-touren.de\/wp-content\/uploads\/2017\/09\/Dres07-682x1024.jpg\" alt=\"\" width=\"682\" height=\"1024\" srcset=\"https:\/\/micks-touren.de\/wp-content\/uploads\/2017\/09\/Dres07-682x1024.jpg 682w, https:\/\/micks-touren.de\/wp-content\/uploads\/2017\/09\/Dres07-200x300.jpg 200w, https:\/\/micks-touren.de\/wp-content\/uploads\/2017\/09\/Dres07-768x1152.jpg 768w, https:\/\/micks-touren.de\/wp-content\/uploads\/2017\/09\/Dres07-233x350.jpg 233w, https:\/\/micks-touren.de\/wp-content\/uploads\/2017\/09\/Dres07-100x150.jpg 100w, https:\/\/micks-touren.de\/wp-content\/uploads\/2017\/09\/Dres07.jpg 1333w\" sizes=\"auto, (max-width: 682px) 100vw, 682px\" \/>Die Frauenkirche, im Vordergrund ein Denkmal von Martin Luther.<\/p>\n<p><img loading=\"lazy\" decoding=\"async\" class=\"aligncenter size-large wp-image-544\" src=\"https:\/\/micks-touren.de\/wp-content\/uploads\/2017\/09\/Dres08-1024x353.jpg\" alt=\"\" width=\"900\" height=\"310\" srcset=\"https:\/\/micks-touren.de\/wp-content\/uploads\/2017\/09\/Dres08-1024x353.jpg 1024w, https:\/\/micks-touren.de\/wp-content\/uploads\/2017\/09\/Dres08-300x103.jpg 300w, https:\/\/micks-touren.de\/wp-content\/uploads\/2017\/09\/Dres08-768x265.jpg 768w, https:\/\/micks-touren.de\/wp-content\/uploads\/2017\/09\/Dres08-900x310.jpg 900w, https:\/\/micks-touren.de\/wp-content\/uploads\/2017\/09\/Dres08-150x52.jpg 150w, https:\/\/micks-touren.de\/wp-content\/uploads\/2017\/09\/Dres08.jpg 1332w\" sizes=\"auto, (max-width: 900px) 100vw, 900px\" \/><\/p>\n<p>Sozusagen um die Ecke kann man den sog. &#8222;F\u00fcrstenzug&#8220; bewundern. Das ist ein \u00fcber 100 Meter langes Mosaik aus 23 000 Porzellan-Platten. Zu sehen ist dabei das Ahnengeschlecht der F\u00fcrsten von Sachsen aus 750 Jahren. Hier nur ein kleiner Ausschnitt:<\/p>\n<p><img loading=\"lazy\" decoding=\"async\" class=\"aligncenter size-large wp-image-545\" src=\"https:\/\/micks-touren.de\/wp-content\/uploads\/2017\/09\/Dres09-1024x682.jpg\" alt=\"\" width=\"900\" height=\"599\" srcset=\"https:\/\/micks-touren.de\/wp-content\/uploads\/2017\/09\/Dres09-1024x682.jpg 1024w, https:\/\/micks-touren.de\/wp-content\/uploads\/2017\/09\/Dres09-300x200.jpg 300w, https:\/\/micks-touren.de\/wp-content\/uploads\/2017\/09\/Dres09-768x512.jpg 768w, https:\/\/micks-touren.de\/wp-content\/uploads\/2017\/09\/Dres09-525x350.jpg 525w, https:\/\/micks-touren.de\/wp-content\/uploads\/2017\/09\/Dres09-150x100.jpg 150w, https:\/\/micks-touren.de\/wp-content\/uploads\/2017\/09\/Dres09.jpg 2000w\" sizes=\"auto, (max-width: 900px) 100vw, 900px\" \/><\/p>\n<p>Ab und zu kann man Kurioses sehen: Wer mich kennt, der wei\u00df, dass ich aus einer Weingegend komme. Und das hier ist normalerweise in <u>unserer<\/u> Gegend eine Art Nationalgericht:<\/p>\n<p><img loading=\"lazy\" decoding=\"async\" class=\"aligncenter size-large wp-image-555\" src=\"https:\/\/micks-touren.de\/wp-content\/uploads\/2017\/09\/Dres09b-682x1024.jpg\" alt=\"\" width=\"682\" height=\"1024\" srcset=\"https:\/\/micks-touren.de\/wp-content\/uploads\/2017\/09\/Dres09b-682x1024.jpg 682w, https:\/\/micks-touren.de\/wp-content\/uploads\/2017\/09\/Dres09b-200x300.jpg 200w, https:\/\/micks-touren.de\/wp-content\/uploads\/2017\/09\/Dres09b-768x1152.jpg 768w, https:\/\/micks-touren.de\/wp-content\/uploads\/2017\/09\/Dres09b-233x350.jpg 233w, https:\/\/micks-touren.de\/wp-content\/uploads\/2017\/09\/Dres09b-100x150.jpg 100w, https:\/\/micks-touren.de\/wp-content\/uploads\/2017\/09\/Dres09b.jpg 1333w\" sizes=\"auto, (max-width: 682px) 100vw, 682px\" \/>Gesehen an einem Cafe an der Elbpromenade \ud83d\ude09<\/p>\n<p>Nat\u00fcrlich gab es noch ein paar andere Dinge zu sehen. Das Highlight war allerdings am Abend das <a href=\"https:\/\/www.rollercoaster-dresden.de\" target=\"_blank\" rel=\"noopener\">Restaurant &#8222;Schwerelos&#8220;. <\/a>Trekkie-Fans werden sich hier wohlf\u00fchlen \ud83d\ude00<br \/>\nDas Restaurant befindet sich genau gegen\u00fcber dem Hauptbahnhof in einer Glaskuppel.<\/p>\n<p><img loading=\"lazy\" decoding=\"async\" class=\"aligncenter size-large wp-image-546\" src=\"https:\/\/micks-touren.de\/wp-content\/uploads\/2017\/09\/Dres10-1024x682.jpg\" alt=\"\" width=\"900\" height=\"599\" srcset=\"https:\/\/micks-touren.de\/wp-content\/uploads\/2017\/09\/Dres10-1024x682.jpg 1024w, https:\/\/micks-touren.de\/wp-content\/uploads\/2017\/09\/Dres10-300x200.jpg 300w, https:\/\/micks-touren.de\/wp-content\/uploads\/2017\/09\/Dres10-768x512.jpg 768w, https:\/\/micks-touren.de\/wp-content\/uploads\/2017\/09\/Dres10-525x350.jpg 525w, https:\/\/micks-touren.de\/wp-content\/uploads\/2017\/09\/Dres10-150x100.jpg 150w, https:\/\/micks-touren.de\/wp-content\/uploads\/2017\/09\/Dres10.jpg 2000w\" sizes=\"auto, (max-width: 900px) 100vw, 900px\" \/><\/p>\n<p>Innen ist alles auf &#8222;Raumschiff Enterprise&#8220; getrimmt. Sogar das Personal hat die entsprechende Kleidung an.<\/p>\n<p><img loading=\"lazy\" decoding=\"async\" class=\"aligncenter size-large wp-image-547\" src=\"https:\/\/micks-touren.de\/wp-content\/uploads\/2017\/09\/Dres11-1024x768.jpg\" alt=\"\" width=\"900\" height=\"675\" srcset=\"https:\/\/micks-touren.de\/wp-content\/uploads\/2017\/09\/Dres11-1024x768.jpg 1024w, https:\/\/micks-touren.de\/wp-content\/uploads\/2017\/09\/Dres11-300x225.jpg 300w, https:\/\/micks-touren.de\/wp-content\/uploads\/2017\/09\/Dres11-768x576.jpg 768w, https:\/\/micks-touren.de\/wp-content\/uploads\/2017\/09\/Dres11-467x350.jpg 467w, https:\/\/micks-touren.de\/wp-content\/uploads\/2017\/09\/Dres11-150x113.jpg 150w, https:\/\/micks-touren.de\/wp-content\/uploads\/2017\/09\/Dres11.jpg 2000w\" sizes=\"auto, (max-width: 900px) 100vw, 900px\" \/><\/p>\n<p>Man sitzt an runden Tischen, bestellt wird \u00fcber Tablets:<\/p>\n<p><img loading=\"lazy\" decoding=\"async\" class=\"aligncenter size-large wp-image-548\" src=\"https:\/\/micks-touren.de\/wp-content\/uploads\/2017\/09\/Dres12-1024x768.jpg\" alt=\"\" width=\"900\" height=\"675\" srcset=\"https:\/\/micks-touren.de\/wp-content\/uploads\/2017\/09\/Dres12-1024x768.jpg 1024w, https:\/\/micks-touren.de\/wp-content\/uploads\/2017\/09\/Dres12-300x225.jpg 300w, https:\/\/micks-touren.de\/wp-content\/uploads\/2017\/09\/Dres12-768x576.jpg 768w, https:\/\/micks-touren.de\/wp-content\/uploads\/2017\/09\/Dres12-467x350.jpg 467w, https:\/\/micks-touren.de\/wp-content\/uploads\/2017\/09\/Dres12-150x113.jpg 150w, https:\/\/micks-touren.de\/wp-content\/uploads\/2017\/09\/Dres12.jpg 2000w\" sizes=\"auto, (max-width: 900px) 100vw, 900px\" \/><\/p>\n<p>Nach nur wenigen Minuten bekommt man dann seine Bestellung. Essen und Getr\u00e4nke werden dabei \u00fcber ein Schienensystem in kleinen Schlitten an den Tisch geliefert. Damit man sich das vorstellen kann, hab ich mal ein kleines Video gedreht:<\/p>\n<div style=\"width: 900px;\" class=\"wp-video\"><video class=\"wp-video-shortcode\" id=\"video-530-1\" width=\"900\" height=\"506\" preload=\"metadata\" controls=\"controls\"><source type=\"video\/mp4\" src=\"https:\/\/micks-touren.de\/wp-content\/uploads\/2017\/09\/Dres13.mp4?_=1\" \/><a href=\"https:\/\/micks-touren.de\/wp-content\/uploads\/2017\/09\/Dres13.mp4\">https:\/\/micks-touren.de\/wp-content\/uploads\/2017\/09\/Dres13.mp4<\/a><\/video><\/div>\n<p>Noch ein <span style=\"color: #ff0000;\"><strong>TIPP<\/strong><\/span> zwischendurch: Wie bei vielen Touristen-St\u00e4dten gibt es auch in Dresden verschiedene Vorteilskarten. Mit der g\u00fcnstigsten, der City Card, kann man bis zu 3 Tage lang kostenlos Bus und Stra\u00dfenbahn fahren und bekommt in diversen Museen und Restaurants Rabatt. Mehr Infos findet ihr <a href=\"https:\/\/www.dresden.de\/de\/tourismus\/dresden-welcome-cards.php\" target=\"_blank\" rel=\"noopener\">hier<\/a>.<\/p>\n<p>Neben Museen, Kirchen und Restaurants gibt es auch was f\u00fcr nostalgische Technikfans. Im Ortsteil Loschwitz im Westen von Dresden wurden vor \u00fcber 100 Jahren zwei Bahnen gebaut, die heute noch in Betrieb sind: Die Standseilbahn und die \u00e4lteste Schwebebahn der Welt. Beide \u00fcberwinden in ein paar Minuten knapp 100 H\u00f6henmeter. Oben angekommen hat man dann einen tollen Ausblick \u00fcber Dresden und das Elbtal.<\/p>\n<p><img loading=\"lazy\" decoding=\"async\" class=\"aligncenter size-large wp-image-556\" src=\"https:\/\/micks-touren.de\/wp-content\/uploads\/2017\/09\/Dres14-1024x682.jpg\" alt=\"\" width=\"900\" height=\"599\" srcset=\"https:\/\/micks-touren.de\/wp-content\/uploads\/2017\/09\/Dres14-1024x682.jpg 1024w, https:\/\/micks-touren.de\/wp-content\/uploads\/2017\/09\/Dres14-300x200.jpg 300w, https:\/\/micks-touren.de\/wp-content\/uploads\/2017\/09\/Dres14-768x512.jpg 768w, https:\/\/micks-touren.de\/wp-content\/uploads\/2017\/09\/Dres14-525x350.jpg 525w, https:\/\/micks-touren.de\/wp-content\/uploads\/2017\/09\/Dres14-150x100.jpg 150w, https:\/\/micks-touren.de\/wp-content\/uploads\/2017\/09\/Dres14.jpg 2000w\" sizes=\"auto, (max-width: 900px) 100vw, 900px\" \/>Die Standseilbahn<\/p>\n<p><img loading=\"lazy\" decoding=\"async\" class=\"aligncenter size-large wp-image-557\" src=\"https:\/\/micks-touren.de\/wp-content\/uploads\/2017\/09\/Dres15-1024x682.jpg\" alt=\"\" width=\"900\" height=\"599\" srcset=\"https:\/\/micks-touren.de\/wp-content\/uploads\/2017\/09\/Dres15-1024x682.jpg 1024w, https:\/\/micks-touren.de\/wp-content\/uploads\/2017\/09\/Dres15-300x200.jpg 300w, https:\/\/micks-touren.de\/wp-content\/uploads\/2017\/09\/Dres15-768x512.jpg 768w, https:\/\/micks-touren.de\/wp-content\/uploads\/2017\/09\/Dres15-525x350.jpg 525w, https:\/\/micks-touren.de\/wp-content\/uploads\/2017\/09\/Dres15-150x100.jpg 150w, https:\/\/micks-touren.de\/wp-content\/uploads\/2017\/09\/Dres15.jpg 2000w\" sizes=\"auto, (max-width: 900px) 100vw, 900px\" \/>Die Schwebebahn<\/p>\n<p><img loading=\"lazy\" decoding=\"async\" class=\"aligncenter size-large wp-image-558\" src=\"https:\/\/micks-touren.de\/wp-content\/uploads\/2017\/09\/Dres16-1024x682.jpg\" alt=\"\" width=\"900\" height=\"599\" srcset=\"https:\/\/micks-touren.de\/wp-content\/uploads\/2017\/09\/Dres16-1024x682.jpg 1024w, https:\/\/micks-touren.de\/wp-content\/uploads\/2017\/09\/Dres16-300x200.jpg 300w, https:\/\/micks-touren.de\/wp-content\/uploads\/2017\/09\/Dres16-768x512.jpg 768w, https:\/\/micks-touren.de\/wp-content\/uploads\/2017\/09\/Dres16-525x350.jpg 525w, https:\/\/micks-touren.de\/wp-content\/uploads\/2017\/09\/Dres16-150x100.jpg 150w, https:\/\/micks-touren.de\/wp-content\/uploads\/2017\/09\/Dres16.jpg 2000w\" sizes=\"auto, (max-width: 900px) 100vw, 900px\" \/>Die Aussicht<\/p>\n<p>Dresden ist keine hektische Stadt wie so manche andere. Trotzdem kann es sein, dass man mal ein paar Stunden seine Ruhe haben will. Ideal daf\u00fcr ist der &#8222;Gro\u00dfe Garten&#8220; mit seinem Palais und diversen Seen. Er wird von gro\u00dfen Alleen durchzogen, hat aber genauso auch kleine ruhige Wege. Es gibt dort au\u00dferdem eine kleine Bahn, mit der man durch den Park fahren kann. Leider f\u00e4hrt sie montags nicht. Und dreimal d\u00fcrft Ihr raten, wer montags im Park war &#8230; \ud83d\ude10<\/p>\n<p>An meinem letzten Tag war nochmal ein bi\u00dfchen Kultur angesagt. Ich besuchte das Panometer &#8211; und war schlicht und ergreifend begeistert. Das Panometer ist ein altes Gasometer mit einem 360\u00b0-Bild von Dresden in der Barockzeit. Nur um sich das Ganze mal vorstellen zu k\u00f6nnen: Das Bild ist 27 Meter hoch und hat einen Umfang von 108 Metern ! Generiert wurde es am Computer, die dargestellten Personen sind allerdings echt, wurden fotografiert und dann in das Bild eingef\u00fcgt. In der Mitte der Halle steht ein Turm mit vier Plattformen. Von jeder entdeckt man neue Details. Um das Ganze noch interessanter zu gestalten, wurde es multimedial aufbereitet, z.B. werden in ca. 10 Minuten Tag und Nacht simuliert. Ich war ca. 1 Stunde dort und ging nur deshalb, weil ich ja noch was anderes vorhatte \ud83d\ude09<br \/>\nHier mal ein paar Fotos:<\/p>\n<p><img loading=\"lazy\" decoding=\"async\" class=\"aligncenter size-large wp-image-564\" src=\"https:\/\/micks-touren.de\/wp-content\/uploads\/2017\/09\/Dres17-682x1024.jpg\" alt=\"\" width=\"682\" height=\"1024\" srcset=\"https:\/\/micks-touren.de\/wp-content\/uploads\/2017\/09\/Dres17-682x1024.jpg 682w, https:\/\/micks-touren.de\/wp-content\/uploads\/2017\/09\/Dres17-200x300.jpg 200w, https:\/\/micks-touren.de\/wp-content\/uploads\/2017\/09\/Dres17-768x1152.jpg 768w, https:\/\/micks-touren.de\/wp-content\/uploads\/2017\/09\/Dres17-233x350.jpg 233w, https:\/\/micks-touren.de\/wp-content\/uploads\/2017\/09\/Dres17-100x150.jpg 100w, https:\/\/micks-touren.de\/wp-content\/uploads\/2017\/09\/Dres17.jpg 1333w\" sizes=\"auto, (max-width: 682px) 100vw, 682px\" \/><br \/>\n<img loading=\"lazy\" decoding=\"async\" class=\"aligncenter size-large wp-image-565\" src=\"https:\/\/micks-touren.de\/wp-content\/uploads\/2017\/09\/Dres18-1024x682.jpg\" alt=\"\" width=\"900\" height=\"599\" srcset=\"https:\/\/micks-touren.de\/wp-content\/uploads\/2017\/09\/Dres18-1024x682.jpg 1024w, https:\/\/micks-touren.de\/wp-content\/uploads\/2017\/09\/Dres18-300x200.jpg 300w, https:\/\/micks-touren.de\/wp-content\/uploads\/2017\/09\/Dres18-768x512.jpg 768w, https:\/\/micks-touren.de\/wp-content\/uploads\/2017\/09\/Dres18-525x350.jpg 525w, https:\/\/micks-touren.de\/wp-content\/uploads\/2017\/09\/Dres18-150x100.jpg 150w, https:\/\/micks-touren.de\/wp-content\/uploads\/2017\/09\/Dres18.jpg 2000w\" sizes=\"auto, (max-width: 900px) 100vw, 900px\" \/><br \/>\n<img loading=\"lazy\" decoding=\"async\" class=\"aligncenter size-large wp-image-566\" src=\"https:\/\/micks-touren.de\/wp-content\/uploads\/2017\/09\/Dres19-1024x682.jpg\" alt=\"\" width=\"900\" height=\"599\" srcset=\"https:\/\/micks-touren.de\/wp-content\/uploads\/2017\/09\/Dres19-1024x682.jpg 1024w, https:\/\/micks-touren.de\/wp-content\/uploads\/2017\/09\/Dres19-300x200.jpg 300w, https:\/\/micks-touren.de\/wp-content\/uploads\/2017\/09\/Dres19-768x512.jpg 768w, https:\/\/micks-touren.de\/wp-content\/uploads\/2017\/09\/Dres19-525x350.jpg 525w, https:\/\/micks-touren.de\/wp-content\/uploads\/2017\/09\/Dres19-150x100.jpg 150w, https:\/\/micks-touren.de\/wp-content\/uploads\/2017\/09\/Dres19.jpg 2000w\" sizes=\"auto, (max-width: 900px) 100vw, 900px\" \/><\/p>\n<p>Im Panometer bekam ich noch eine Rabattkarte f\u00fcr den Glockenturm der Frauenkirche. Da ich sowieso in die N\u00e4he wollte, nutzte ich das Angebot und wurde mit einer sensationellen Aussicht belohnt.<br \/>\nWer jetzt Lust bekommen hat, sich Dresden mal selber anzuschauen, kann mich gerne kontaktieren. Ich fand es toll.<\/p>\n<p><img loading=\"lazy\" decoding=\"async\" class=\"aligncenter size-large wp-image-567\" src=\"https:\/\/micks-touren.de\/wp-content\/uploads\/2017\/09\/Dres20-1024x190.jpg\" alt=\"\" width=\"900\" height=\"167\" srcset=\"https:\/\/micks-touren.de\/wp-content\/uploads\/2017\/09\/Dres20-1024x190.jpg 1024w, https:\/\/micks-touren.de\/wp-content\/uploads\/2017\/09\/Dres20-300x56.jpg 300w, https:\/\/micks-touren.de\/wp-content\/uploads\/2017\/09\/Dres20-768x143.jpg 768w, https:\/\/micks-touren.de\/wp-content\/uploads\/2017\/09\/Dres20-900x167.jpg 900w, https:\/\/micks-touren.de\/wp-content\/uploads\/2017\/09\/Dres20-150x28.jpg 150w, https:\/\/micks-touren.de\/wp-content\/uploads\/2017\/09\/Dres20.jpg 2000w\" sizes=\"auto, (max-width: 900px) 100vw, 900px\" \/><\/p>\n","protected":false},"excerpt":{"rendered":"<p>Ich hatte mal wieder ein paar Tage Urlaub geplant und wollte mich in Kultur \u00fcben. Da man das auch in Deutschland gut machen kann, bin ich Mitte September f\u00fcr 5 Tage nach Dresden gefahren. Von dieser Stadt kennt man ja so einiges: Semper-Oper, Zwinger, Frauenkirche &#8230; Es gibt aber noch&#8230;<\/p>\n<p class=\"continue-reading-button\"> <a class=\"continue-reading-link\" href=\"https:\/\/micks-touren.de\/?page_id=530\">Continue reading<i class=\"crycon-right-dir\"><\/i><\/a><\/p>\n","protected":false},"author":1,"featured_media":0,"parent":0,"menu_order":0,"comment_status":"open","ping_status":"closed","template":"","meta":{"footnotes":""},"class_list":["post-530","page","type-page","status-publish","hentry"],"_links":{"self":[{"href":"https:\/\/micks-touren.de\/index.php?rest_route=\/wp\/v2\/pages\/530","targetHints":{"allow":["GET"]}}],"collection":[{"href":"https:\/\/micks-touren.de\/index.php?rest_route=\/wp\/v2\/pages"}],"about":[{"href":"https:\/\/micks-touren.de\/index.php?rest_route=\/wp\/v2\/types\/page"}],"author":[{"embeddable":true,"href":"https:\/\/micks-touren.de\/index.php?rest_route=\/wp\/v2\/users\/1"}],"replies":[{"embeddable":true,"href":"https:\/\/micks-touren.de\/index.php?rest_route=%2Fwp%2Fv2%2Fcomments&post=530"}],"version-history":[{"count":25,"href":"https:\/\/micks-touren.de\/index.php?rest_route=\/wp\/v2\/pages\/530\/revisions"}],"predecessor-version":[{"id":1092,"href":"https:\/\/micks-touren.de\/index.php?rest_route=\/wp\/v2\/pages\/530\/revisions\/1092"}],"wp:attachment":[{"href":"https:\/\/micks-touren.de\/index.php?rest_route=%2Fwp%2Fv2%2Fmedia&parent=530"}],"curies":[{"name":"wp","href":"https:\/\/api.w.org\/{rel}","templated":true}]}}