{"id":37,"date":"2017-05-25T16:26:51","date_gmt":"2017-05-25T16:26:51","guid":{"rendered":"http:\/\/mini-ps.de\/?page_id=37"},"modified":"2018-02-09T19:02:14","modified_gmt":"2018-02-09T19:02:14","slug":"istanbul-2016","status":"publish","type":"page","link":"https:\/\/micks-touren.de\/?page_id=37","title":{"rendered":"Istanbul (2016)"},"content":{"rendered":"<p>Unverhofft kommt oft &#8230;<\/p>\n<p>Auf die n\u00e4heren Umst\u00e4nde will ich gar nicht eingehen, aber \u00fcber Ostern bin ich sehr kurzfristig mit einer Freundin nach Istanbul geflogen. Vorneweg: Eigentlich hat mich die T\u00fcrkei nie gereizt (T\u00fcrkei-Liebhaber werden das nicht verstehen k\u00f6nnen), aber wie gesagt, es hat sich irgendwie kurzfristig so ergeben.<\/p>\n<p>Gewohnt haben wir in einem kleinen Hotel in der N\u00e4he der bekanntesten Sehensw\u00fcrdigkeiten von Istanbul. Topkapi, Hagia Sofia, die Blaue Moschee, der gro\u00dfe Basar, der Gew\u00fcrzbasar und vieles mehr &#8211; alles war in maximal 20 Minuten zu Fu\u00df erreichbar. Und wir haben nat\u00fcrlich alles angeschaut \ud83d\ude09<\/p>\n<p>Eins noch am Anfang: Flug und Hotel waren gebucht &#8211; und genau an diesem Tag gab es in einer beliebten Einkaufsstra\u00dfe Istanbuls einen Terror-Anschlag. Nichtsdestotrotz sind wir geflogen &#8211; und haben es nicht bereut. Sicher gef\u00fchlt haben wir uns die ganze Zeit: \u00dcberall hat man Sicherheitskr\u00e4fte gesehen, an vielen Stellen wurde man mit Handscannern kontrolliert, sogar an den Haltestellen der Stra\u00dfenbahn.<\/p>\n<p><img loading=\"lazy\" decoding=\"async\" class=\"aligncenter size-full wp-image-263\" src=\"https:\/\/micks-touren.de\/wp-content\/uploads\/2017\/05\/Ista1.jpg\" alt=\"\" width=\"900\" height=\"600\" srcset=\"https:\/\/micks-touren.de\/wp-content\/uploads\/2017\/05\/Ista1.jpg 900w, https:\/\/micks-touren.de\/wp-content\/uploads\/2017\/05\/Ista1-300x200.jpg 300w, https:\/\/micks-touren.de\/wp-content\/uploads\/2017\/05\/Ista1-768x512.jpg 768w, https:\/\/micks-touren.de\/wp-content\/uploads\/2017\/05\/Ista1-525x350.jpg 525w, https:\/\/micks-touren.de\/wp-content\/uploads\/2017\/05\/Ista1-150x100.jpg 150w\" sizes=\"auto, (max-width: 900px) 100vw, 900px\" \/><\/p>\n<p>Direkt neben dem Hotel, durch eine H\u00e4userreihe getrennt, liegt der G\u00fclhane-Park. Wir sind nur ein St\u00fcckchen weit hineingegangen, weil wir an diesem Tag noch so einiges andere vorhatten. Aber wie man sieht: Er ist schnuckelig. Direkt daneben gehts dann zum Topkapi-Palast, bekannt aus dem gleichnamigen Film. Wir haben uns allerdings nur das Eingangstor angeschaut und sind dann weiter zur Cisterna Basilica.<\/p>\n<p><img loading=\"lazy\" decoding=\"async\" class=\"aligncenter size-full wp-image-264\" src=\"https:\/\/micks-touren.de\/wp-content\/uploads\/2017\/05\/Ista2.jpg\" alt=\"\" width=\"900\" height=\"600\" srcset=\"https:\/\/micks-touren.de\/wp-content\/uploads\/2017\/05\/Ista2.jpg 900w, https:\/\/micks-touren.de\/wp-content\/uploads\/2017\/05\/Ista2-300x200.jpg 300w, https:\/\/micks-touren.de\/wp-content\/uploads\/2017\/05\/Ista2-768x512.jpg 768w, https:\/\/micks-touren.de\/wp-content\/uploads\/2017\/05\/Ista2-525x350.jpg 525w, https:\/\/micks-touren.de\/wp-content\/uploads\/2017\/05\/Ista2-150x100.jpg 150w\" sizes=\"auto, (max-width: 900px) 100vw, 900px\" \/><\/p>\n<p>Der Eingang vom Topkapi-Palast.<\/p>\n<p><img loading=\"lazy\" decoding=\"async\" class=\"aligncenter size-full wp-image-265\" src=\"https:\/\/micks-touren.de\/wp-content\/uploads\/2017\/05\/Ista3.jpg\" alt=\"\" width=\"900\" height=\"600\" srcset=\"https:\/\/micks-touren.de\/wp-content\/uploads\/2017\/05\/Ista3.jpg 900w, https:\/\/micks-touren.de\/wp-content\/uploads\/2017\/05\/Ista3-300x200.jpg 300w, https:\/\/micks-touren.de\/wp-content\/uploads\/2017\/05\/Ista3-768x512.jpg 768w, https:\/\/micks-touren.de\/wp-content\/uploads\/2017\/05\/Ista3-525x350.jpg 525w, https:\/\/micks-touren.de\/wp-content\/uploads\/2017\/05\/Ista3-150x100.jpg 150w\" sizes=\"auto, (max-width: 900px) 100vw, 900px\" \/><\/p>\n<p>Die Zisterne ist fast 1500 Jahre alt und diente damals als Wasserreservoir f\u00fcr den Gro\u00dfen Palast. Das Wasser daf\u00fcr kam aus 19 km Entfernung \u00fcber Viadukte. Es ist sehr beeindruckend, was hier geschaffen wurde. Es gibt \u00fcber 300 S\u00e4ulen, die das Gew\u00f6lbe st\u00fctzen, das Reservoir fasst ungef\u00e4hr 80.000 Kubikmeter Wasser. Die Zisterne war \u00fcbrigens ebenfalls Schauplatz einiger Filme.<\/p>\n<p>Weiter gings \u00fcber eine Stra\u00dfe zur Hagia Sofia. Sie wurde ebenfalls im 6. Jahrhundert gebaut und ist immer noch ein Wunderwerk der Architektur. Die Kuppel mit 32 Metern Durchmesser liegt auf nur 4 St\u00fctzpunkten.<\/p>\n<p><img loading=\"lazy\" decoding=\"async\" class=\"aligncenter size-full wp-image-266\" src=\"https:\/\/micks-touren.de\/wp-content\/uploads\/2017\/05\/Ista4.jpg\" alt=\"\" width=\"900\" height=\"600\" srcset=\"https:\/\/micks-touren.de\/wp-content\/uploads\/2017\/05\/Ista4.jpg 900w, https:\/\/micks-touren.de\/wp-content\/uploads\/2017\/05\/Ista4-300x200.jpg 300w, https:\/\/micks-touren.de\/wp-content\/uploads\/2017\/05\/Ista4-768x512.jpg 768w, https:\/\/micks-touren.de\/wp-content\/uploads\/2017\/05\/Ista4-525x350.jpg 525w, https:\/\/micks-touren.de\/wp-content\/uploads\/2017\/05\/Ista4-150x100.jpg 150w\" sizes=\"auto, (max-width: 900px) 100vw, 900px\" \/><\/p>\n<p><img loading=\"lazy\" decoding=\"async\" class=\"aligncenter size-full wp-image-267\" src=\"https:\/\/micks-touren.de\/wp-content\/uploads\/2017\/05\/Ista5.jpg\" alt=\"\" width=\"900\" height=\"600\" srcset=\"https:\/\/micks-touren.de\/wp-content\/uploads\/2017\/05\/Ista5.jpg 900w, https:\/\/micks-touren.de\/wp-content\/uploads\/2017\/05\/Ista5-300x200.jpg 300w, https:\/\/micks-touren.de\/wp-content\/uploads\/2017\/05\/Ista5-768x512.jpg 768w, https:\/\/micks-touren.de\/wp-content\/uploads\/2017\/05\/Ista5-525x350.jpg 525w, https:\/\/micks-touren.de\/wp-content\/uploads\/2017\/05\/Ista5-150x100.jpg 150w\" sizes=\"auto, (max-width: 900px) 100vw, 900px\" \/><\/p>\n<p>1453 wurde die Stadt von den Osmanen erobert, aus der Kirche wurde eine Moschee &#8211; und 1934 wurde aus der Moschee dann ein Museum. Deshalb sieht man heutzutage auch noch viele christliche Symbole, die im 15. Jahrhundert einfach \u00fcbert\u00fcncht wurden.<\/p>\n<p><img loading=\"lazy\" decoding=\"async\" class=\"aligncenter size-full wp-image-268\" src=\"https:\/\/micks-touren.de\/wp-content\/uploads\/2017\/05\/Ista6.jpg\" alt=\"\" width=\"900\" height=\"600\" srcset=\"https:\/\/micks-touren.de\/wp-content\/uploads\/2017\/05\/Ista6.jpg 900w, https:\/\/micks-touren.de\/wp-content\/uploads\/2017\/05\/Ista6-300x200.jpg 300w, https:\/\/micks-touren.de\/wp-content\/uploads\/2017\/05\/Ista6-768x512.jpg 768w, https:\/\/micks-touren.de\/wp-content\/uploads\/2017\/05\/Ista6-525x350.jpg 525w, https:\/\/micks-touren.de\/wp-content\/uploads\/2017\/05\/Ista6-150x100.jpg 150w\" sizes=\"auto, (max-width: 900px) 100vw, 900px\" \/><\/p>\n<p>Der n\u00e4chste Punkt auf der Besuchs-Liste war die Blaue Moschee. Die ist 24 Stunden ge\u00f6ffnet &#8211; au\u00dfer es findet ein Gottesdienst statt. Besucher d\u00fcrfen durch einen Seiteneingang rein, wenn sie sich an die vorgeschriebene Kleiderordnung halten. Kurze Hosen? Tabu. Kurze R\u00f6cke? Noch mehr tabu. Frauen m\u00fcssen ein Kopftuch tragen. Aber zum Gl\u00fcck gibts am Eingang R\u00f6cke und Kopft\u00fccher zum kostenlosen Ausleihen. Dann noch die Schuhe ausziehen und man darf ins Innere.<\/p>\n<p><img loading=\"lazy\" decoding=\"async\" class=\"aligncenter size-full wp-image-270\" src=\"https:\/\/micks-touren.de\/wp-content\/uploads\/2017\/05\/Ista7.jpg\" alt=\"\" width=\"900\" height=\"600\" srcset=\"https:\/\/micks-touren.de\/wp-content\/uploads\/2017\/05\/Ista7.jpg 900w, https:\/\/micks-touren.de\/wp-content\/uploads\/2017\/05\/Ista7-300x200.jpg 300w, https:\/\/micks-touren.de\/wp-content\/uploads\/2017\/05\/Ista7-768x512.jpg 768w, https:\/\/micks-touren.de\/wp-content\/uploads\/2017\/05\/Ista7-525x350.jpg 525w, https:\/\/micks-touren.de\/wp-content\/uploads\/2017\/05\/Ista7-150x100.jpg 150w\" sizes=\"auto, (max-width: 900px) 100vw, 900px\" \/><\/p>\n<p><img loading=\"lazy\" decoding=\"async\" class=\"aligncenter size-full wp-image-257\" src=\"https:\/\/micks-touren.de\/wp-content\/uploads\/2017\/05\/Ista8.jpg\" alt=\"\" width=\"900\" height=\"600\" srcset=\"https:\/\/micks-touren.de\/wp-content\/uploads\/2017\/05\/Ista8.jpg 900w, https:\/\/micks-touren.de\/wp-content\/uploads\/2017\/05\/Ista8-300x200.jpg 300w, https:\/\/micks-touren.de\/wp-content\/uploads\/2017\/05\/Ista8-768x512.jpg 768w, https:\/\/micks-touren.de\/wp-content\/uploads\/2017\/05\/Ista8-525x350.jpg 525w, https:\/\/micks-touren.de\/wp-content\/uploads\/2017\/05\/Ista8-150x100.jpg 150w\" sizes=\"auto, (max-width: 900px) 100vw, 900px\" \/><\/p>\n<p>Viele Ornamente sind im Blauton gehalten, dshalb hei\u00dft sie wohl auch &#8222;Blaue Moschee&#8220;. Sie ist \u00fcbrigens komplett mit Teppich ausgelegt, deshalb bekommt man auch als Tourist keine kalten F\u00fc\u00dfe.<\/p>\n<p>Was man in Istanbul keinesfalls verpassen darf: Einen oder mehrere der Basare besuchen. Zu meiner Schande muss ich gestehen, dass ich davon kein einziges Bild habe. Der Eindruck dort war einfach zu \u00fcberw\u00e4ltigend. Besonders der sogenannte &#8222;Gro\u00dfe Basar&#8220; (er wird auch &#8222;\u00e4gyptischer Basar&#8220; genannt) ist eine kleine Stadt f\u00fcr sich. Komplett \u00fcberdacht ist er mit seinen vielen kleinen Gassen und den wirklich Hunderten von Gesch\u00e4ften und Verkaufsst\u00e4nden ein echtes Labyrinth. Wenn man ein paarmal rechts und links abbiegt, hat man echte Schwierigkeiten, wieder herauszufinden. Zum Gl\u00fcck gibt es auch jede Menge Ein- und Ausg\u00e4nge, es ist halt nur die Frage, in welchem Teil der Stadt man wieder rauskommt.<\/p>\n<p>Ganz in der N\u00e4he des Hotels war auch der F\u00e4hrhafen von Emin\u00f6nu (so hie\u00df unser Ortsteil). Die F\u00e4hren verbinden so ziemlich ganz Istanbul auf dem Wasserweg &#8211; jedenfalls die Stadtteile, die am Wasser liegen. \u00dcbrigens ist hier das &#8222;Goldene Horn&#8220;, eine Bucht des Bosporus, die im europ\u00e4ischen Teil von Istanbul den Norden vom S\u00fcden trennt. Eine der Br\u00fccken \u00fcber diese Bucht ist die Galata-Br\u00fccke: Oben Verkehr, unten Gesch\u00e4fte und Restaurants:<\/p>\n<p><img loading=\"lazy\" decoding=\"async\" class=\"aligncenter size-full wp-image-258\" src=\"https:\/\/micks-touren.de\/wp-content\/uploads\/2017\/05\/Ista9.jpg\" alt=\"\" width=\"900\" height=\"600\" srcset=\"https:\/\/micks-touren.de\/wp-content\/uploads\/2017\/05\/Ista9.jpg 900w, https:\/\/micks-touren.de\/wp-content\/uploads\/2017\/05\/Ista9-300x200.jpg 300w, https:\/\/micks-touren.de\/wp-content\/uploads\/2017\/05\/Ista9-768x512.jpg 768w, https:\/\/micks-touren.de\/wp-content\/uploads\/2017\/05\/Ista9-525x350.jpg 525w, https:\/\/micks-touren.de\/wp-content\/uploads\/2017\/05\/Ista9-150x100.jpg 150w\" sizes=\"auto, (max-width: 900px) 100vw, 900px\" \/><\/p>\n<p>Auf der Br\u00fccke (oben) standen weit \u00fcber hundert Angler.<\/p>\n<p>\u00dcber die Br\u00fccke kommt man in die Stadtteile Karak\u00f6y und anschlie\u00dfend Beyoglu. Beyoglu hat zwei Merkmale: Hier gibt es ein Stadion, dass den Namen des t\u00fcrkischen Ministerpr\u00e4sidenten tr\u00e4gt. Und hier ist die beliebte Einkaufsstra\u00dfe Istiklal Cadessi, in der Mitte M\u00e4rz der Anschlag stattfand. Aufgefallen ist uns eine Woche sp\u00e4ter dort aber nichts.<\/p>\n<p><img loading=\"lazy\" decoding=\"async\" class=\"aligncenter size-full wp-image-259\" src=\"https:\/\/micks-touren.de\/wp-content\/uploads\/2017\/05\/Ista10.jpg\" alt=\"\" width=\"506\" height=\"900\" srcset=\"https:\/\/micks-touren.de\/wp-content\/uploads\/2017\/05\/Ista10.jpg 506w, https:\/\/micks-touren.de\/wp-content\/uploads\/2017\/05\/Ista10-169x300.jpg 169w, https:\/\/micks-touren.de\/wp-content\/uploads\/2017\/05\/Ista10-197x350.jpg 197w, https:\/\/micks-touren.de\/wp-content\/uploads\/2017\/05\/Ista10-84x150.jpg 84w\" sizes=\"auto, (max-width: 506px) 100vw, 506px\" \/><\/p>\n<p>Eine uralte Stra\u00dfenbahn, die durch die komplette Istiklal Cadessi f\u00e4hrt. Mehr als 20 Leute passen nicht rein &#8211; und die m\u00fcssen sich quetschen.<\/p>\n<p>Noch etwas empfehlenswertes: Die &#8222;Long Bosporus Tour&#8220; mit einer F\u00e4hre. Die f\u00e4hrt dann vom Hafen in Emin\u00f6n\u00fc den kompletten Bosporus hoch bis zur Endstelle Anadolu Kavagi im asiatischen Teil Istanbuls. Von hier aus kann man dann den Beginn des Schwarzen Meeres sehen &#8211; besonders, wenn man sich die M\u00fche macht und zur alten Burgruine Yoros Kalesi wandert (Vorsicht: Nichts f\u00fcr Asthmatiker !!! Es geht ca. 1 km ziemlich steil hoch und dann kommen noch jede Menge Treppen).<\/p>\n<p><img loading=\"lazy\" decoding=\"async\" class=\"aligncenter size-full wp-image-260\" src=\"https:\/\/micks-touren.de\/wp-content\/uploads\/2017\/05\/Ista11.jpg\" alt=\"\" width=\"900\" height=\"600\" srcset=\"https:\/\/micks-touren.de\/wp-content\/uploads\/2017\/05\/Ista11.jpg 900w, https:\/\/micks-touren.de\/wp-content\/uploads\/2017\/05\/Ista11-300x200.jpg 300w, https:\/\/micks-touren.de\/wp-content\/uploads\/2017\/05\/Ista11-768x512.jpg 768w, https:\/\/micks-touren.de\/wp-content\/uploads\/2017\/05\/Ista11-525x350.jpg 525w, https:\/\/micks-touren.de\/wp-content\/uploads\/2017\/05\/Ista11-150x100.jpg 150w\" sizes=\"auto, (max-width: 900px) 100vw, 900px\" \/><\/p>\n<p>Die Fahrt mit der F\u00e4hre dauert einfach ca. 1,5 Stunden. An Bord gibt es aber Getr\u00e4nke und Snacks. W\u00e4hrend der Fahrt kommt man an einer ganzen Reihe von Moscheen und Pal\u00e4sten vorbei, am Stadion von Besiktas Istanbul und f\u00e4hrt unter der bekannten Bosporus-Br\u00fccke durch, die Europa mit Asien verbindet.<\/p>\n<p><img loading=\"lazy\" decoding=\"async\" class=\"aligncenter size-full wp-image-261\" src=\"https:\/\/micks-touren.de\/wp-content\/uploads\/2017\/05\/Ista12.jpg\" alt=\"\" width=\"900\" height=\"600\" srcset=\"https:\/\/micks-touren.de\/wp-content\/uploads\/2017\/05\/Ista12.jpg 900w, https:\/\/micks-touren.de\/wp-content\/uploads\/2017\/05\/Ista12-300x200.jpg 300w, https:\/\/micks-touren.de\/wp-content\/uploads\/2017\/05\/Ista12-768x512.jpg 768w, https:\/\/micks-touren.de\/wp-content\/uploads\/2017\/05\/Ista12-525x350.jpg 525w, https:\/\/micks-touren.de\/wp-content\/uploads\/2017\/05\/Ista12-150x100.jpg 150w\" sizes=\"auto, (max-width: 900px) 100vw, 900px\" \/><\/p>\n<p>Was man in Istanbul keinesfalls vers\u00e4umen darf: Geht in eine der vielen Konditoreien und futtert Euch durch die absolut gigantisch aussehenden Kuchen !! Die meisten sind zwar papps\u00fc\u00df (und totale Kalorienbomben), aber da muss man durch \ud83d\ude09<\/p>\n<p><img loading=\"lazy\" decoding=\"async\" class=\"aligncenter size-full wp-image-262\" src=\"https:\/\/micks-touren.de\/wp-content\/uploads\/2017\/05\/Ista13.jpg\" alt=\"\" width=\"900\" height=\"506\" srcset=\"https:\/\/micks-touren.de\/wp-content\/uploads\/2017\/05\/Ista13.jpg 900w, https:\/\/micks-touren.de\/wp-content\/uploads\/2017\/05\/Ista13-300x169.jpg 300w, https:\/\/micks-touren.de\/wp-content\/uploads\/2017\/05\/Ista13-768x432.jpg 768w, https:\/\/micks-touren.de\/wp-content\/uploads\/2017\/05\/Ista13-623x350.jpg 623w, https:\/\/micks-touren.de\/wp-content\/uploads\/2017\/05\/Ista13-150x84.jpg 150w\" sizes=\"auto, (max-width: 900px) 100vw, 900px\" \/><\/p>\n<p>Danke an Susi f\u00fcr das Foto, ich hatte n\u00e4mlich keins \ud83d\ude09<\/p>\n<p>Zum Schluss ein Res\u00fcmee: Istanbul ist gro\u00df, laut, hektisch und nichts f\u00fcr schwache Nerven. An allen Ecken und Enden wird man fast schon gen\u00f6tigt, in ein Restaurant oder ein Gesch\u00e4ft zu gehen. Das h\u00e4ufigste Wort f\u00fcr mich war &#8222;no&#8220; \ud83d\ude00 Ansonsten ist die Stadt echt faszinierend. Kurz nach diesem Trip h\u00e4tte ich mir vorstellen k\u00f6nnen, in ein paar Jahren oder so noch mal f\u00fcr ein paar Tage hinzufliegen. Aber mittlerweile, bei der dortigen politischen Lage &#8230;<\/p>\n","protected":false},"excerpt":{"rendered":"<p>Unverhofft kommt oft &#8230; Auf die n\u00e4heren Umst\u00e4nde will ich gar nicht eingehen, aber \u00fcber Ostern bin ich sehr kurzfristig mit einer Freundin nach Istanbul geflogen. Vorneweg: Eigentlich hat mich die T\u00fcrkei nie gereizt (T\u00fcrkei-Liebhaber werden das nicht verstehen k\u00f6nnen), aber wie gesagt, es hat sich irgendwie kurzfristig so ergeben&#8230;.<\/p>\n<p class=\"continue-reading-button\"> <a class=\"continue-reading-link\" href=\"https:\/\/micks-touren.de\/?page_id=37\">Continue reading<i class=\"crycon-right-dir\"><\/i><\/a><\/p>\n","protected":false},"author":1,"featured_media":0,"parent":0,"menu_order":0,"comment_status":"open","ping_status":"closed","template":"","meta":{"footnotes":""},"class_list":["post-37","page","type-page","status-publish","hentry"],"_links":{"self":[{"href":"https:\/\/micks-touren.de\/index.php?rest_route=\/wp\/v2\/pages\/37","targetHints":{"allow":["GET"]}}],"collection":[{"href":"https:\/\/micks-touren.de\/index.php?rest_route=\/wp\/v2\/pages"}],"about":[{"href":"https:\/\/micks-touren.de\/index.php?rest_route=\/wp\/v2\/types\/page"}],"author":[{"embeddable":true,"href":"https:\/\/micks-touren.de\/index.php?rest_route=\/wp\/v2\/users\/1"}],"replies":[{"embeddable":true,"href":"https:\/\/micks-touren.de\/index.php?rest_route=%2Fwp%2Fv2%2Fcomments&post=37"}],"version-history":[{"count":5,"href":"https:\/\/micks-touren.de\/index.php?rest_route=\/wp\/v2\/pages\/37\/revisions"}],"predecessor-version":[{"id":671,"href":"https:\/\/micks-touren.de\/index.php?rest_route=\/wp\/v2\/pages\/37\/revisions\/671"}],"wp:attachment":[{"href":"https:\/\/micks-touren.de\/index.php?rest_route=%2Fwp%2Fv2%2Fmedia&parent=37"}],"curies":[{"name":"wp","href":"https:\/\/api.w.org\/{rel}","templated":true}]}}