{"id":33,"date":"2017-05-25T16:26:08","date_gmt":"2017-05-25T16:26:08","guid":{"rendered":"http:\/\/mini-ps.de\/?page_id=33"},"modified":"2018-03-09T20:54:24","modified_gmt":"2018-03-09T20:54:24","slug":"malta-2015","status":"publish","type":"page","link":"https:\/\/micks-touren.de\/?page_id=33","title":{"rendered":"Malta (2015)"},"content":{"rendered":"<p>Als ich mir vor Jahren \u00fcberlegt habe, wo ich mal mit meinem Sohn eine Woche Urlaub machen k\u00f6nnte, kam ich irgendwann auf Malta. Was mir damals gar nicht so bewusst war: Auch Malta ist beliebt bei Touristen. Haupts\u00e4chlich handelt es sich dabei um Briten, weil Malta bis 1964 britische Kolonie war. Aber auch immer mehr Deutsche zieht es dort hin. Eigentlich kein Wunder: Geographisch ist man auf der H\u00f6he von Tunesien, politisch in Europa.<\/p>\n<p>Der Inselstaat ist zwar klein, aber wahnsinnig reich an Geschichte. Man findet Belege, dass dort schon vor 7000 Jahren Menschen gewohnt haben. Und dadurch, dass Malta strategisch recht g\u00fcnstig im Mittelmeer liegt, wurde es immer wieder erobert: Von Ph\u00f6niziern, Griechen, R\u00f6mern, Vandalen, Arabern, Spaniern, Franzosen &#8230; nicht zu vergessen Kulturen, von denen man nur noch Tempelreste und Gr\u00e4ber gefunden hat.<\/p>\n<p>Der Urlaub damals hat mich mit dem Malta-Virus infiziert. Die Insel ist einfach faszinierend, auch wenn sie recht karg ist (Wald im eigentlichen Sinne gibt es hier nicht) und nur eine Handvoll Sandstr\u00e4nde hat. Aber man kann jeden Tag etwas Neues erleben und entdecken. F\u00fcr mich war klar: Hier mache ich nochmal Urlaub &#8211; und letztes Jahr war es dann soweit.<\/p>\n<p><img loading=\"lazy\" decoding=\"async\" class=\"size-large wp-image-116 aligncenter\" src=\"https:\/\/micks-touren.de\/wp-content\/uploads\/2017\/05\/Malt1-1024x768.jpg\" alt=\"\" width=\"900\" height=\"675\" srcset=\"https:\/\/micks-touren.de\/wp-content\/uploads\/2017\/05\/Malt1.jpg 1024w, https:\/\/micks-touren.de\/wp-content\/uploads\/2017\/05\/Malt1-300x225.jpg 300w, https:\/\/micks-touren.de\/wp-content\/uploads\/2017\/05\/Malt1-768x576.jpg 768w, https:\/\/micks-touren.de\/wp-content\/uploads\/2017\/05\/Malt1-467x350.jpg 467w, https:\/\/micks-touren.de\/wp-content\/uploads\/2017\/05\/Malt1-150x113.jpg 150w\" sizes=\"auto, (max-width: 900px) 100vw, 900px\" \/><\/p>\n<p>Malta im Landeanflug<\/p>\n<p>Diesmal suchte ich mir ein Hotel an der Nordk\u00fcste aus, mit direktem Blick auf die Nachbarinseln Comino und Gozo. Und wieder mal hatte ich Gl\u00fcck: Kein Meerblick gebucht, aber Meerblick bekommen \ud83d\ude00<\/p>\n<p><img loading=\"lazy\" decoding=\"async\" class=\"alignnone size-large wp-image-117 aligncenter\" src=\"https:\/\/micks-touren.de\/wp-content\/uploads\/2017\/05\/Malt2-1024x683.jpg\" alt=\"\" width=\"900\" height=\"600\" srcset=\"https:\/\/micks-touren.de\/wp-content\/uploads\/2017\/05\/Malt2-1024x683.jpg 1024w, https:\/\/micks-touren.de\/wp-content\/uploads\/2017\/05\/Malt2-300x200.jpg 300w, https:\/\/micks-touren.de\/wp-content\/uploads\/2017\/05\/Malt2-768x512.jpg 768w, https:\/\/micks-touren.de\/wp-content\/uploads\/2017\/05\/Malt2-525x350.jpg 525w, https:\/\/micks-touren.de\/wp-content\/uploads\/2017\/05\/Malt2-150x100.jpg 150w\" sizes=\"auto, (max-width: 900px) 100vw, 900px\" \/><\/p>\n<p>Blick auf Gozo<\/p>\n<p>Das Hotel hatte einen eigenen kleinen Sandstrand &#8211; den ich kein einziges Mal nutzte. Ich wei\u00df auch nicht, irgendwie kam ich nicht dazu. Aber andererseits: So sehr wurde er auch von anderen G\u00e4sten nicht genutzt, obwohl das Hotel ziemlich ausgebucht war.<\/p>\n<p><img loading=\"lazy\" decoding=\"async\" class=\"alignnone size-large wp-image-118 aligncenter\" src=\"https:\/\/micks-touren.de\/wp-content\/uploads\/2017\/05\/Malt3-1024x683.jpg\" alt=\"\" width=\"900\" height=\"600\" srcset=\"https:\/\/micks-touren.de\/wp-content\/uploads\/2017\/05\/Malt3-1024x683.jpg 1024w, https:\/\/micks-touren.de\/wp-content\/uploads\/2017\/05\/Malt3-300x200.jpg 300w, https:\/\/micks-touren.de\/wp-content\/uploads\/2017\/05\/Malt3-768x512.jpg 768w, https:\/\/micks-touren.de\/wp-content\/uploads\/2017\/05\/Malt3-525x350.jpg 525w, https:\/\/micks-touren.de\/wp-content\/uploads\/2017\/05\/Malt3-150x100.jpg 150w\" sizes=\"auto, (max-width: 900px) 100vw, 900px\" \/><\/p>\n<p>Hotel Ramla Bay Resort<\/p>\n<p>Gleich ein <span style=\"color: #ff0000;\"><strong>Tipp<\/strong><\/span> vorneweg: Auto mieten auf Malta? Nein ! F\u00fcr einen Bruchteil des Geldes kann man sich eine Wochenkarte f\u00fcr die Buslinien besorgen. Ich habe daf\u00fcr 6,50 Euro bezahlt. Und ganz ehrlich: Im Bus sieht man auch was von der herben Sch\u00f6nheit der Insel. Bis zur n\u00e4chsten Bushaltestelle ist es eigentlich nie weit &#8211; und auch wenn man vielleicht ein- oder zweimal umsteigen muss: Man ist dort im Urlaub und sollte Zeit genug haben \ud83d\ude09<\/p>\n<p>Bei meinem ersten Aufenthalt 2008 gab es noch eine Reihe von alten Bussen. Und mit alt meine ich &#8222;richtig alt&#8220;. Wir sind mal in einem gefahren, der keine Tasten f\u00fcr den Haltewunsch hatte. Stattdessen verlief mitten durch den Bus an der Decke ein Seil, an dem man ziehen musste. Das hatte Charme. Leider wurde vor ein paar Jahren der Anbieter gewechselt &#8211; und damit kam eine komplett neue moderne Busflotte zum Einsatz. Naja, die sind klimatisiert, das hat im Sommer bei Temperaturen \u00fcber 30 Grad auch was &#8230;<\/p>\n<p>Was man sich unbedingt ansehen muss ist die Hauptstadt Valetta. F\u00fcr die meisten Touristen beschr\u00e4nkt sich das dann auf das Viertel, in dem die Barrakka Gardens, die Co-Kathedrale und ein paar Dinge mehr zu finden sind. Aber selbst in diesem Viertel kann man einen interessanten Tag verbringen.<\/p>\n<p><img loading=\"lazy\" decoding=\"async\" class=\"size-large wp-image-140 aligncenter\" src=\"https:\/\/micks-touren.de\/wp-content\/uploads\/2017\/05\/Malta12-1024x683.jpg\" alt=\"\" width=\"900\" height=\"600\" srcset=\"https:\/\/micks-touren.de\/wp-content\/uploads\/2017\/05\/Malta12-1024x683.jpg 1024w, https:\/\/micks-touren.de\/wp-content\/uploads\/2017\/05\/Malta12-300x200.jpg 300w, https:\/\/micks-touren.de\/wp-content\/uploads\/2017\/05\/Malta12-768x512.jpg 768w, https:\/\/micks-touren.de\/wp-content\/uploads\/2017\/05\/Malta12-525x350.jpg 525w, https:\/\/micks-touren.de\/wp-content\/uploads\/2017\/05\/Malta12-150x100.jpg 150w\" sizes=\"auto, (max-width: 900px) 100vw, 900px\" \/><\/p>\n<p><span style=\"color: #ff0000;\"><strong>Tipp<\/strong><\/span>: Unbedingt empfehlenswert ist die &#8222;<a href=\"https:\/\/www.themaltaexperience.com\/?lang=de\" target=\"_blank\" rel=\"noopener noreferrer\">Malta Experience<\/a>&#8222;, eine Multimedia-Show \u00fcber die Geschichte der Inseln. Direkt am Vorf\u00fchrgeb\u00e4ude hat man einen herrlichen Ausblick \u00fcber die Hafenanlage.<\/p>\n<p><img loading=\"lazy\" decoding=\"async\" class=\"size-large wp-image-119 aligncenter\" src=\"https:\/\/micks-touren.de\/wp-content\/uploads\/2017\/05\/Malt4-1024x212.jpg\" alt=\"\" width=\"900\" height=\"186\" srcset=\"https:\/\/micks-touren.de\/wp-content\/uploads\/2017\/05\/Malt4-1024x212.jpg 1024w, https:\/\/micks-touren.de\/wp-content\/uploads\/2017\/05\/Malt4-300x62.jpg 300w, https:\/\/micks-touren.de\/wp-content\/uploads\/2017\/05\/Malt4-768x159.jpg 768w, https:\/\/micks-touren.de\/wp-content\/uploads\/2017\/05\/Malt4-900x186.jpg 900w, https:\/\/micks-touren.de\/wp-content\/uploads\/2017\/05\/Malt4-150x31.jpg 150w, https:\/\/micks-touren.de\/wp-content\/uploads\/2017\/05\/Malt4.jpg 1400w\" sizes=\"auto, (max-width: 900px) 100vw, 900px\" \/><\/p>\n<p>Eine 170\u00b0-Panorama-Aufnahme vom Hafen<\/p>\n<p>Nach der Multimedia-Show gehts \u00fcber die Stra\u00dfe in das ehemalige Hospital der Johanniter, das &#8222;Sacra infermeria&#8220;. Gegr\u00fcndet wurde es im 16. Jahrhundert und war eines der gr\u00f6\u00dften und modernsten Krankenh\u00e4user \u00fcberhaupt, besonders was Hygiene betraf. Jeder Patient hatte sein eigenes Bett, t\u00e4glich wurde die Bettw\u00e4sche gewechselt, pro Patient gab es 2 (!!) Betreuer &#8230; Es gab je nach Krankheit verschiedene Abteilungen. Alles recht interessant &#8211; wenn man einigerma\u00dfen gut Englisch versteht. \u00dcbersetzungen gibt es leider keine \ud83d\ude09<\/p>\n<p>In den Upper Barrakka Gardens, einer Art kleiner Park, wird um 12 Uhr eine Kanone \u00fcber dem Hafen abgefeuert. Die Vorbereitungen dauern ewig, sind aber lustig anzuschauen. Zwei Soldaten (sie sehen so aus, wie man sich die englischen Besatzer im 19. Jh. vorstellt): einer l\u00e4dt auf Kommando 2 Kanonen, der andere br\u00fcllt die Befehle und schaut dann minutenlang auf seine Armbanduhr, damit die beiden auf keinen Fall den richtigen Zeitpunkt zum Abfeuern verpassen. Man sollte mindestens eine Viertelstunde vorher da sein, damit man noch einen Platz in vorderster Reihe bekommt und alles sehen kann.<\/p>\n<p>Die St. Johns Co-Cathedral wurde so genannt, weil sie sozusagen der Zweitsitz des maltesischen Erzbischofs ist. Es gibt eine Hauptkathedrale, St. Pauls , und zwar in Mdina, der (zeitweise) ehemaligen Hauptstadt der Insel. In der Co-Cathedral l\u00e4uft man ab und zu \u00fcber die Grabplatten verstorbener Ritter des Malteser-Ordens. Wer auf Kirchen-Prunk steht, der ist hier richtig.<\/p>\n<p><img loading=\"lazy\" decoding=\"async\" class=\"size-large wp-image-120 aligncenter\" src=\"https:\/\/micks-touren.de\/wp-content\/uploads\/2017\/05\/Malt5-1024x768.jpg\" alt=\"\" width=\"900\" height=\"675\" srcset=\"https:\/\/micks-touren.de\/wp-content\/uploads\/2017\/05\/Malt5.jpg 1024w, https:\/\/micks-touren.de\/wp-content\/uploads\/2017\/05\/Malt5-300x225.jpg 300w, https:\/\/micks-touren.de\/wp-content\/uploads\/2017\/05\/Malt5-768x576.jpg 768w, https:\/\/micks-touren.de\/wp-content\/uploads\/2017\/05\/Malt5-467x350.jpg 467w, https:\/\/micks-touren.de\/wp-content\/uploads\/2017\/05\/Malt5-150x113.jpg 150w\" sizes=\"auto, (max-width: 900px) 100vw, 900px\" \/><\/p>\n<p><img loading=\"lazy\" decoding=\"async\" class=\"size-large wp-image-121 aligncenter\" src=\"https:\/\/micks-touren.de\/wp-content\/uploads\/2017\/05\/Malt6-1024x768.jpg\" alt=\"\" width=\"900\" height=\"675\" srcset=\"https:\/\/micks-touren.de\/wp-content\/uploads\/2017\/05\/Malt6.jpg 1024w, https:\/\/micks-touren.de\/wp-content\/uploads\/2017\/05\/Malt6-300x225.jpg 300w, https:\/\/micks-touren.de\/wp-content\/uploads\/2017\/05\/Malt6-768x576.jpg 768w, https:\/\/micks-touren.de\/wp-content\/uploads\/2017\/05\/Malt6-467x350.jpg 467w, https:\/\/micks-touren.de\/wp-content\/uploads\/2017\/05\/Malt6-150x113.jpg 150w\" sizes=\"auto, (max-width: 900px) 100vw, 900px\" \/><\/p>\n<p>Dass Malta reich an Geschichte ist, habe ich schon erw\u00e4hnt. Ein Ziel, das man ansteuern kann, sind die St\u00e4dte Rabat und Mdina, die nur durch eine Art Bundesstra\u00dfe getrennt sind. Eine Besonderheit in Mdina: Die Stra\u00dfen und Gassen sind leicht gebogen angelegt. Man kann von der Stra\u00dfe immer nur soweit sehen, wie ein Pfeil fliegen w\u00fcrde. Das wurde extra so gemacht, um die Stadt im Fall der F\u00e4lle leichter verteidigen zu k\u00f6nnen.<\/p>\n<p><img loading=\"lazy\" decoding=\"async\" class=\"size-large wp-image-122 aligncenter\" src=\"https:\/\/micks-touren.de\/wp-content\/uploads\/2017\/05\/Malt7-1024x683.jpg\" alt=\"\" width=\"900\" height=\"600\" srcset=\"https:\/\/micks-touren.de\/wp-content\/uploads\/2017\/05\/Malt7-1024x683.jpg 1024w, https:\/\/micks-touren.de\/wp-content\/uploads\/2017\/05\/Malt7-300x200.jpg 300w, https:\/\/micks-touren.de\/wp-content\/uploads\/2017\/05\/Malt7-768x512.jpg 768w, https:\/\/micks-touren.de\/wp-content\/uploads\/2017\/05\/Malt7-525x350.jpg 525w, https:\/\/micks-touren.de\/wp-content\/uploads\/2017\/05\/Malt7-150x100.jpg 150w\" sizes=\"auto, (max-width: 900px) 100vw, 900px\" \/><\/p>\n<p>St. Pauls-Cathedral in Mdina<\/p>\n<p>Wenn man \u00fcber die Stra\u00dfe l\u00e4uft, befindet man sich in Rabat. Auch hier gibt es ein paar Sehensw\u00fcrdigkeiten. Ich war in den Katakomben unterhalb einer Kirche. Jahrhunderte lang hat man dort seine Toten bestattet, und zwar in unterschiedlichster Weise. Manche hatten einfach eine Nische in der Wand, manche richtige Kammern mit Vorr\u00e4umen. Der Museumsf\u00fchrer erz\u00e4hlte uns, dass man heute noch Knochen finden kann. Ich habe darauf verzichtet, welche zu suchen \ud83d\ude09 Die Katakomben selbst sind fast ein Labyrinth und sehr eng. Mit meiner Gr\u00f6\u00dfe kam ich gerade so durch die G\u00e4nge. Also nichts f\u00fcr Klaustrophobiker !!! Wer es sehen will: <a href=\"https:\/\/wignacourtmuseum.com\/\" target=\"_blank\" rel=\"noopener\">Wignacourt Museum<\/a>.<\/p>\n<p>Hier findet man auch eine Kammer, in der laut der Legende der Apostel Paulus mehrere Monate gelebt haben soll. Bibelfeste wissen, dass er auf einer seiner Reisen auf Malta gestrandet ist und dort sehr gro\u00dfen Eindruck hinterlassen hat (zum Nachlesen: Apostelgeschichte Kapitel 27 und 28).<\/p>\n<p>Warum in die Ferne schweifen usw. &#8230; direkt am Hotel gibt es einen Bootsverleih, der auch Touren anbietet. Ich buchte eine Tour rund um die Insel Comino inkl. 2 Stunden Zeitvertreib in der Blauen Lagune. Die Fahrt war einfach toll: Die schroffe K\u00fcste, jede Menge H\u00f6hlen, in die wir teilweise auch hineingefahren sind &#8211; und dann die &#8222;Blue Lagoon&#8220;. Das Dilemma ist: Auf dem Sandstrand haben ca. 50 Leute Platz, anwesend waren aber eher 1000. Der Rest muss sich ein Pl\u00e4tzchen auf den Felsbl\u00f6cken suchen &#8211; was nicht unbedingt bequem ist. Daf\u00fcr ist die Aussicht klasse.<\/p>\n<p><img loading=\"lazy\" decoding=\"async\" class=\"size-large wp-image-123 aligncenter\" src=\"https:\/\/micks-touren.de\/wp-content\/uploads\/2017\/05\/Malt8-1024x325.jpg\" alt=\"\" width=\"900\" height=\"286\" srcset=\"https:\/\/micks-touren.de\/wp-content\/uploads\/2017\/05\/Malt8-1024x325.jpg 1024w, https:\/\/micks-touren.de\/wp-content\/uploads\/2017\/05\/Malt8-300x95.jpg 300w, https:\/\/micks-touren.de\/wp-content\/uploads\/2017\/05\/Malt8-768x244.jpg 768w, https:\/\/micks-touren.de\/wp-content\/uploads\/2017\/05\/Malt8-900x286.jpg 900w, https:\/\/micks-touren.de\/wp-content\/uploads\/2017\/05\/Malt8-150x48.jpg 150w, https:\/\/micks-touren.de\/wp-content\/uploads\/2017\/05\/Malt8.jpg 2016w\" sizes=\"auto, (max-width: 900px) 100vw, 900px\" \/><\/p>\n<p>Panorama-Foto der Blue Lagoon, gegen\u00fcber sieht man Cominotto<\/p>\n<p>Da ich eher der Typ bin, der sich die Gegend anschauen will, habe ich die zwei Stunden Aufenthalt genutzt und bin \u00fcber die Insel marschiert. Ziel war St. Agatha&#8217;s Tower, ein riesiger Wachturm, von dem man einen phantastischen Ausblick \u00fcber Malta, Comino und Gozo haben muss. Leider war der Turm an diesem Tag geschlossen, auf den offiziellen Seiten habe ich dazu nichts gefunden. Aber auch so lohnt sich eine Wanderung \u00fcber die Insel, wenn man beeindruckende Perspektiven sehen will.<\/p>\n<p><img loading=\"lazy\" decoding=\"async\" class=\"size-large wp-image-141 aligncenter\" src=\"https:\/\/micks-touren.de\/wp-content\/uploads\/2017\/05\/Malt13-1024x683.jpg\" alt=\"\" width=\"900\" height=\"600\" srcset=\"https:\/\/micks-touren.de\/wp-content\/uploads\/2017\/05\/Malt13-1024x683.jpg 1024w, https:\/\/micks-touren.de\/wp-content\/uploads\/2017\/05\/Malt13-300x200.jpg 300w, https:\/\/micks-touren.de\/wp-content\/uploads\/2017\/05\/Malt13-768x512.jpg 768w, https:\/\/micks-touren.de\/wp-content\/uploads\/2017\/05\/Malt13-525x350.jpg 525w, https:\/\/micks-touren.de\/wp-content\/uploads\/2017\/05\/Malt13-150x100.jpg 150w\" sizes=\"auto, (max-width: 900px) 100vw, 900px\" \/><\/p>\n<p><img loading=\"lazy\" decoding=\"async\" class=\"size-large wp-image-124 aligncenter\" src=\"https:\/\/micks-touren.de\/wp-content\/uploads\/2017\/05\/Malt9-1024x683.jpg\" alt=\"\" width=\"900\" height=\"600\" srcset=\"https:\/\/micks-touren.de\/wp-content\/uploads\/2017\/05\/Malt9-1024x683.jpg 1024w, https:\/\/micks-touren.de\/wp-content\/uploads\/2017\/05\/Malt9-300x200.jpg 300w, https:\/\/micks-touren.de\/wp-content\/uploads\/2017\/05\/Malt9-768x512.jpg 768w, https:\/\/micks-touren.de\/wp-content\/uploads\/2017\/05\/Malt9-525x350.jpg 525w, https:\/\/micks-touren.de\/wp-content\/uploads\/2017\/05\/Malt9-150x100.jpg 150w\" sizes=\"auto, (max-width: 900px) 100vw, 900px\" \/><\/p>\n<p><img loading=\"lazy\" decoding=\"async\" class=\"size-large wp-image-125 aligncenter\" src=\"https:\/\/micks-touren.de\/wp-content\/uploads\/2017\/05\/Malt10-1024x683.jpg\" alt=\"\" width=\"900\" height=\"600\" srcset=\"https:\/\/micks-touren.de\/wp-content\/uploads\/2017\/05\/Malt10-1024x683.jpg 1024w, https:\/\/micks-touren.de\/wp-content\/uploads\/2017\/05\/Malt10-300x200.jpg 300w, https:\/\/micks-touren.de\/wp-content\/uploads\/2017\/05\/Malt10-768x512.jpg 768w, https:\/\/micks-touren.de\/wp-content\/uploads\/2017\/05\/Malt10-525x350.jpg 525w, https:\/\/micks-touren.de\/wp-content\/uploads\/2017\/05\/Malt10-150x100.jpg 150w\" sizes=\"auto, (max-width: 900px) 100vw, 900px\" \/><\/p>\n<p><img loading=\"lazy\" decoding=\"async\" class=\"size-large wp-image-115 aligncenter\" src=\"https:\/\/micks-touren.de\/wp-content\/uploads\/2017\/05\/Malt11-1024x683.jpg\" alt=\"\" width=\"900\" height=\"600\" srcset=\"https:\/\/micks-touren.de\/wp-content\/uploads\/2017\/05\/Malt11-1024x683.jpg 1024w, https:\/\/micks-touren.de\/wp-content\/uploads\/2017\/05\/Malt11-300x200.jpg 300w, https:\/\/micks-touren.de\/wp-content\/uploads\/2017\/05\/Malt11-768x512.jpg 768w, https:\/\/micks-touren.de\/wp-content\/uploads\/2017\/05\/Malt11-525x350.jpg 525w, https:\/\/micks-touren.de\/wp-content\/uploads\/2017\/05\/Malt11-150x100.jpg 150w\" sizes=\"auto, (max-width: 900px) 100vw, 900px\" \/><\/p>\n<p>So vieles habe ich nicht gesehen, das kommt beim n\u00e4chsten Mal in ein paar Jahren. Zum Beispiel verschiedene Tempel aus der Steinzeit, die Insel Gozo, der S\u00fcden &#8230;<\/p>\n<p>Auf der Fahrt vom Hotel zum Flughafen habe ich mich mit dem Fahrer des Gro\u00df-Taxis unterhalten. Er hat mich gefragt, wie es mir gefallen habe. Und er schien erfreut (und ein kleines bi\u00dfchen stolz) zu sein, als ich ihm erz\u00e4hlte, dass das schon mein zweiter Urlaub auf Malta und ganz sicher nicht mein letzter war, weil die Insel einfach toll w\u00e4re.<\/p>\n<p>Zum Schluss noch ein paar <span style=\"color: #ff0000;\"><strong>Tipps<\/strong><\/span>:<\/p>\n<p>1. Blo\u00df gut eincremen ! Und f\u00fcr M\u00e4nner wie mich empfiehlt sich eine Kappe oder ein Hut \ud83d\ude09<\/p>\n<p>2. Die Insel eignet sich auch f\u00fcr Familien mit kleineren Kindern. Dann ist die Auswahl an Urlaubsorten allerdings etwas eingeschr\u00e4nkter (was nat\u00fcrlich von den Urlaubsvorlieben abh\u00e4ngt).<\/p>\n<p>3. Eine ganze Reihe von Filmen ist auf Malta gedreht worden, z.B. &#8222;Popeye&#8220; mit Robin Williams. Die Kulissen stehen immer noch. Einfach nach Popeye&#8217;s Village googeln. Und auf keinen Fall die Bootstour verpassen !<\/p>\n<p>4. Die Malteser sind sehr h\u00f6flich. Steigt man mit Baby oder Kleinkind auf dem Arm in einen vollbesetzten Bus, bekommt man in der Regel sofort einen Sitzplatz angeboten. Oder wenn man erkennbar im Rentenalter ist.<\/p>\n<p>5. Ein Tipp, den ich von meinem Vater habe (und der weltweit G\u00fcltigkeit hat): Trinkgeld f\u00fcr den Room-Service gleich am ersten Tag bereitlegen. Die Zimmerm\u00e4dchen wissen dann, dass man spendabel ist und strengen sich gleich ein bi\u00dfchen mehr an.<\/p>\n","protected":false},"excerpt":{"rendered":"<p>Als ich mir vor Jahren \u00fcberlegt habe, wo ich mal mit meinem Sohn eine Woche Urlaub machen k\u00f6nnte, kam ich irgendwann auf Malta. Was mir damals gar nicht so bewusst war: Auch Malta ist beliebt bei Touristen. Haupts\u00e4chlich handelt es sich dabei um Briten, weil Malta bis 1964 britische Kolonie&#8230;<\/p>\n<p class=\"continue-reading-button\"> <a class=\"continue-reading-link\" href=\"https:\/\/micks-touren.de\/?page_id=33\">Continue reading<i class=\"crycon-right-dir\"><\/i><\/a><\/p>\n","protected":false},"author":1,"featured_media":0,"parent":0,"menu_order":0,"comment_status":"open","ping_status":"closed","template":"","meta":{"footnotes":""},"class_list":["post-33","page","type-page","status-publish","hentry"],"_links":{"self":[{"href":"https:\/\/micks-touren.de\/index.php?rest_route=\/wp\/v2\/pages\/33","targetHints":{"allow":["GET"]}}],"collection":[{"href":"https:\/\/micks-touren.de\/index.php?rest_route=\/wp\/v2\/pages"}],"about":[{"href":"https:\/\/micks-touren.de\/index.php?rest_route=\/wp\/v2\/types\/page"}],"author":[{"embeddable":true,"href":"https:\/\/micks-touren.de\/index.php?rest_route=\/wp\/v2\/users\/1"}],"replies":[{"embeddable":true,"href":"https:\/\/micks-touren.de\/index.php?rest_route=%2Fwp%2Fv2%2Fcomments&post=33"}],"version-history":[{"count":11,"href":"https:\/\/micks-touren.de\/index.php?rest_route=\/wp\/v2\/pages\/33\/revisions"}],"predecessor-version":[{"id":727,"href":"https:\/\/micks-touren.de\/index.php?rest_route=\/wp\/v2\/pages\/33\/revisions\/727"}],"wp:attachment":[{"href":"https:\/\/micks-touren.de\/index.php?rest_route=%2Fwp%2Fv2%2Fmedia&parent=33"}],"curies":[{"name":"wp","href":"https:\/\/api.w.org\/{rel}","templated":true}]}}