{"id":31,"date":"2017-05-25T16:25:39","date_gmt":"2017-05-25T16:25:39","guid":{"rendered":"http:\/\/mini-ps.de\/?page_id=31"},"modified":"2018-02-09T20:32:19","modified_gmt":"2018-02-09T20:32:19","slug":"mallorca-2014","status":"publish","type":"page","link":"https:\/\/micks-touren.de\/?page_id=31","title":{"rendered":"Mallorca (2014)"},"content":{"rendered":"<div class=\"article-main-content\">\n<div class=\"article-content\">\n<p>Im Mai 2014 war ich auf Mallorca. Bei vielen spukt vielleicht noch der Begriff &#8222;Hausfrauen-Insel&#8220; im Kopf herum, &#8222;Ballermann&#8220;, &#8222;Bes\u00e4ufnisse&#8220;, &#8222;Party&#8220; usw. Aber das alles stimmt so nicht. Ballermann existiert &#8211; aber das ist nur ein ganz kleiner Teil im S\u00fcden der Insel. Auf dem riesigen Rest geht es gesittet zu.<\/p>\n<p>Ich habe mich damals nach langer Suche f\u00fcr ein Hotel in Cala D&#8217;Or entschieden. Cala d&#8217;or liegt an der Ostk\u00fcste und hat zwar 5 Str\u00e4nde, allerdings sind alle recht klein. Hier ist einer davon, gerade mal 2 Minuten von meinem Hotel entfernt:<\/p>\n<p><img loading=\"lazy\" decoding=\"async\" class=\"size-full wp-image-94 aligncenter\" src=\"https:\/\/micks-touren.de\/wp-content\/uploads\/2017\/05\/Mall01.jpg\" alt=\"\" width=\"1024\" height=\"768\" \/><\/p>\n<p>Cala d&#8217;Or ist zwar eine Ferienkolonie, allerdings gibt es hier eine Vorschrift, dass die H\u00e4user nicht h\u00f6her als 3 Stockwerke gebaut werden d\u00fcrfen, um das Gesamtbild nicht zu st\u00f6ren. Um das Dorf zu besichtigen eignen sich die MiniTren, 2 kleine Miniz\u00fcge auf verschiedenen Strecken, mit denen man auch tolle Rundfahrten machen kann. Eine komplette Rundfahrt von ca. 1 Stunde Dauer kostet 4 Euro, aber die sind gut angelegt.<\/p>\n<p><img loading=\"lazy\" decoding=\"async\" class=\"size-full wp-image-95 aligncenter\" src=\"https:\/\/micks-touren.de\/wp-content\/uploads\/2017\/05\/Mall92.jpg\" alt=\"\" width=\"1024\" height=\"768\" \/><\/p>\n<p>Hinter dem Zug sieht man das Firmenschild von Avis, hier habe ich mir sehr g\u00fcnstig einen Mietwagen besorgt. Man muss nicht immer zu NoName-Anbietern gehen &#8230;<\/p>\n<p>Am ersten Tag habe ich eine Tour entlang der Ost- und Nordk\u00fcste gemacht. An der Ostk\u00fcste gibt es drei sehr gro\u00dfe und bekannte H\u00f6hlensysteme, die man besichtigen kann. In der Coves del Drac war ich bei meinem ersten Besuch 1989, deshalb ging es jetzt etwas weiter n\u00f6rdlich in die Coves d&#8217;Arta in der N\u00e4he von Canyamel. Allein der Ausblick von dort \u00fcber die K\u00fcste ist einen Abstecher wert:<\/p>\n<p><img loading=\"lazy\" decoding=\"async\" class=\"size-full wp-image-96 aligncenter\" src=\"https:\/\/micks-touren.de\/wp-content\/uploads\/2017\/05\/Mall31.jpg\" alt=\"\" width=\"1024\" height=\"768\" \/><\/p>\n<p>&nbsp;<\/p>\n<p><img loading=\"lazy\" decoding=\"async\" class=\"size-full wp-image-97 aligncenter\" src=\"https:\/\/micks-touren.de\/wp-content\/uploads\/2017\/05\/Mall32.jpg\" alt=\"\" width=\"1024\" height=\"768\" \/><\/p>\n<p>Beeindruckend ist die &#8222;S\u00e4ulenk\u00f6nigin&#8220;. Laut dem F\u00fchrer w\u00e4chst sie pro Jahr um 1 mm nach oben, in 5000 Jahren wird sie die Decke erreichen. Wer dieses Ereignis also mitbekommen will, der hat noch Zeit zum Planen \ud83d\ude09<\/p>\n<p>&nbsp;<\/p>\n<p>Die Tour ging weiter nach Cala Ratjada zum Mittagessen und dann die Nordk\u00fcste entlang zum n\u00f6rdlichsten Zipfel der Insel, dem Cap Formentor mit seinem Leuchtturm. Die Fahrt dahin geht zwar \u00fcber jede Menge Serpentinen (f\u00fcr Fahr\u00e4nf\u00e4nger ziemlich anstrengend), aber die vielen Aussichten lohnen sich:<\/p>\n<p><img loading=\"lazy\" decoding=\"async\" class=\"size-full wp-image-98 aligncenter\" src=\"https:\/\/micks-touren.de\/wp-content\/uploads\/2017\/05\/Mall44.jpg\" alt=\"\" width=\"450\" height=\"600\" \/><\/p>\n<p><img loading=\"lazy\" decoding=\"async\" class=\"size-large wp-image-110 aligncenter\" src=\"https:\/\/micks-touren.de\/wp-content\/uploads\/2017\/05\/Mall48-1024x683.jpg\" alt=\"\" width=\"900\" height=\"600\" srcset=\"https:\/\/micks-touren.de\/wp-content\/uploads\/2017\/05\/Mall48-1024x683.jpg 1024w, https:\/\/micks-touren.de\/wp-content\/uploads\/2017\/05\/Mall48-300x200.jpg 300w, https:\/\/micks-touren.de\/wp-content\/uploads\/2017\/05\/Mall48-768x512.jpg 768w, https:\/\/micks-touren.de\/wp-content\/uploads\/2017\/05\/Mall48-525x350.jpg 525w, https:\/\/micks-touren.de\/wp-content\/uploads\/2017\/05\/Mall48-150x100.jpg 150w\" sizes=\"auto, (max-width: 900px) 100vw, 900px\" \/><\/p>\n<p><img loading=\"lazy\" decoding=\"async\" class=\"alignnone size-large wp-image-102 aligncenter\" src=\"https:\/\/micks-touren.de\/wp-content\/uploads\/2017\/05\/Mall49-1024x683.jpg\" alt=\"\" width=\"900\" height=\"600\" srcset=\"https:\/\/micks-touren.de\/wp-content\/uploads\/2017\/05\/Mall49-1024x683.jpg 1024w, https:\/\/micks-touren.de\/wp-content\/uploads\/2017\/05\/Mall49-300x200.jpg 300w, https:\/\/micks-touren.de\/wp-content\/uploads\/2017\/05\/Mall49-768x512.jpg 768w, https:\/\/micks-touren.de\/wp-content\/uploads\/2017\/05\/Mall49-525x350.jpg 525w, https:\/\/micks-touren.de\/wp-content\/uploads\/2017\/05\/Mall49-150x100.jpg 150w\" sizes=\"auto, (max-width: 900px) 100vw, 900px\" \/><\/p>\n<p>&nbsp;<\/p>\n<p>Am zweiten Tag ging es nach Palma zum Bahnhof des &#8222;Roten Blitzes&#8220;, einer uralten Eisenbahn zwischen Palma und Soller. Die Fahrt dauert etwas \u00fcber eine Stunde, ist aber ein absolutes Erlebnis (<span style=\"color: #ff0000;\"><strong>Tipp<\/strong><\/span>: Im Bahnhof ein Kombi-Ticket f\u00fcr die Weiterfahrt nach Port de Soller kaufen !). Die Eisenbahn wurde vor rund 100 Jahren gebaut, weil der Transport der angebauten Orangen mit Eseln und Karren zu lange und zu beschwerlich war. Insgesamt f\u00e4hrt der Zug durch 14 Tunnel (wenn ich mich nicht verz\u00e4hlt habe).<\/p>\n<p><img loading=\"lazy\" decoding=\"async\" class=\"size-large wp-image-112 aligncenter\" src=\"https:\/\/micks-touren.de\/wp-content\/uploads\/2017\/05\/Mall57-1024x683.jpg\" alt=\"\" width=\"900\" height=\"600\" srcset=\"https:\/\/micks-touren.de\/wp-content\/uploads\/2017\/05\/Mall57-1024x683.jpg 1024w, https:\/\/micks-touren.de\/wp-content\/uploads\/2017\/05\/Mall57-300x200.jpg 300w, https:\/\/micks-touren.de\/wp-content\/uploads\/2017\/05\/Mall57-768x512.jpg 768w, https:\/\/micks-touren.de\/wp-content\/uploads\/2017\/05\/Mall57-525x350.jpg 525w, https:\/\/micks-touren.de\/wp-content\/uploads\/2017\/05\/Mall57-150x100.jpg 150w\" sizes=\"auto, (max-width: 900px) 100vw, 900px\" \/><\/p>\n<p>Mitten auf der Strecke muss der Zug auf den Gegenverkehr warten, weil die ganze Strecke nur eingleisig ist.<\/p>\n<p>In Soller angekommen kann man direkt am Bahnhof in die Stra\u00dfenbahn einsteigen. Die sieht teilweise \u00e4hnlich antiquiert aus wie der Rote Blitz. <span style=\"color: #ff0000;\"><strong>Tipp<\/strong><\/span>: Auf eine offene Stra\u00dfenbahn warten, im Sommer ist das erstens angenehmer und zweitens kann man besser fotografieren.<\/p>\n<p><img loading=\"lazy\" decoding=\"async\" class=\"size-large wp-image-108 aligncenter\" src=\"https:\/\/micks-touren.de\/wp-content\/uploads\/2017\/05\/Mall65-1024x683.jpg\" alt=\"\" width=\"900\" height=\"600\" srcset=\"https:\/\/micks-touren.de\/wp-content\/uploads\/2017\/05\/Mall65-1024x683.jpg 1024w, https:\/\/micks-touren.de\/wp-content\/uploads\/2017\/05\/Mall65-300x200.jpg 300w, https:\/\/micks-touren.de\/wp-content\/uploads\/2017\/05\/Mall65-768x512.jpg 768w, https:\/\/micks-touren.de\/wp-content\/uploads\/2017\/05\/Mall65-525x350.jpg 525w, https:\/\/micks-touren.de\/wp-content\/uploads\/2017\/05\/Mall65-150x100.jpg 150w\" sizes=\"auto, (max-width: 900px) 100vw, 900px\" \/><\/p>\n<p>Port de Soller hat mich jetzt nicht so vom Hocker gehauen. Ich war eine Stunde da, hab ein wahnsinnig teures Eis gegessen, ein paar Fotos geschossen &#8211; und bin wieder zur\u00fcckgefahren. Wenn man einen reinen Strandurlaub machen will, dann ist man dort sicher gut aufgehoben.<\/p>\n<p><img loading=\"lazy\" decoding=\"async\" class=\"size-large wp-image-113 aligncenter\" src=\"https:\/\/micks-touren.de\/wp-content\/uploads\/2017\/05\/Mall61-1024x683.jpg\" alt=\"\" width=\"900\" height=\"600\" srcset=\"https:\/\/micks-touren.de\/wp-content\/uploads\/2017\/05\/Mall61-1024x683.jpg 1024w, https:\/\/micks-touren.de\/wp-content\/uploads\/2017\/05\/Mall61-300x200.jpg 300w, https:\/\/micks-touren.de\/wp-content\/uploads\/2017\/05\/Mall61-768x512.jpg 768w, https:\/\/micks-touren.de\/wp-content\/uploads\/2017\/05\/Mall61-525x350.jpg 525w, https:\/\/micks-touren.de\/wp-content\/uploads\/2017\/05\/Mall61-150x100.jpg 150w\" sizes=\"auto, (max-width: 900px) 100vw, 900px\" \/><\/p>\n<p>Soller bietet schon etwas mehr: Ein kleiner Spaziergang durch die Innenstadt ist immer eine gute Idee, bevor man dann wieder mit dem Roten Blitz zur\u00fcckf\u00e4hrt.<\/p>\n<p>Was man auf jeden Fall auf Mallorca machen muss: Die Hauptstadt Palma besuchen. Von Cala d&#8217;Or aus f\u00e4hrt man zwar ca. 1 Stunde, die sich etwas ziehen, aber Palma selbst entsch\u00e4digt dann f\u00fcr alles.<\/p>\n<p><span style=\"color: #ff0000;\"><strong>Tipp<\/strong><\/span>: Wenn man vor halb 10 Uhr ankommt, findet man immer einen Parkplatz unter dem Parc de la mar gegen\u00fcber der Kathedrale. Zentraler kann man kaum parken.<\/p>\n<p><img loading=\"lazy\" decoding=\"async\" class=\"size-large wp-image-109 aligncenter\" src=\"https:\/\/micks-touren.de\/wp-content\/uploads\/2017\/05\/Mall73-1024x683.jpg\" alt=\"\" width=\"900\" height=\"600\" srcset=\"https:\/\/micks-touren.de\/wp-content\/uploads\/2017\/05\/Mall73-1024x683.jpg 1024w, https:\/\/micks-touren.de\/wp-content\/uploads\/2017\/05\/Mall73-300x200.jpg 300w, https:\/\/micks-touren.de\/wp-content\/uploads\/2017\/05\/Mall73-768x512.jpg 768w, https:\/\/micks-touren.de\/wp-content\/uploads\/2017\/05\/Mall73-525x350.jpg 525w, https:\/\/micks-touren.de\/wp-content\/uploads\/2017\/05\/Mall73-150x100.jpg 150w\" sizes=\"auto, (max-width: 900px) 100vw, 900px\" \/><\/p>\n<p>Direkt neben der Kathedrale ist der Urlaubspalast der K\u00f6nigsfamilie. Ich glaube, die waren sogar zu Hause. Mehr Fotos von Palma und Mallorca generell findet Ihr in meinem <a href=\"https:\/\/mickhome.sytes.net\/photo\/#%21Albums\/album_32303134202d204d616c6c6f726361\" target=\"_blank\" rel=\"noopener noreferrer\">Fotoalbum<\/a>.<\/p>\n<p>Noch ein Wort zu meinem Hotel in Cala d&#8217;Or: Ich habe vor Jahren schon aufgeh\u00f6rt, nur nach der g\u00fcnstigsten Unterkunft zu suchen. Es soll nicht die Welt kosten, aber es muss mir gefallen und ein gescheites Preis-Leistungs-Verh\u00e4ltnis haben. Von daher suche ich Hotels mit mindestens 3 Sternen aus. Und ich war auch hier mit meiner Wahl sehr zufrieden. Wer meine Bewertung lesen will, der kann das gerne auf <a href=\"https:\/\/www.tripadvisor.de\/ShowUserReviews-g580287-d502301-r209355789-Club_Martha_s_Aparthotel-Cala_d_Or_Majorca_Balearic_Islands.html#CHECK_RATES_CONT\" target=\"_blank\" rel=\"noopener noreferrer\">Tripadvisor.de<\/a> machen.<\/p>\n<p>Fazit: Mallorca ist nicht nur eine Reise wert. Besonders f\u00fcr diejenigen, die nicht nur braun werden, sondern Land und Leute kennenlernen wollen. Zu sehen und zu erleben gibt es genug. Leider war auch hier eine Woche zu kurz. Deshalb fliege ich in ein paar Jahren sicher noch einmal hin.<\/p>\n<\/div>\n<\/div>\n","protected":false},"excerpt":{"rendered":"<p>Im Mai 2014 war ich auf Mallorca. Bei vielen spukt vielleicht noch der Begriff &#8222;Hausfrauen-Insel&#8220; im Kopf herum, &#8222;Ballermann&#8220;, &#8222;Bes\u00e4ufnisse&#8220;, &#8222;Party&#8220; usw. Aber das alles stimmt so nicht. Ballermann existiert &#8211; aber das ist nur ein ganz kleiner Teil im S\u00fcden der Insel. Auf dem riesigen Rest geht es gesittet&#8230;<\/p>\n<p class=\"continue-reading-button\"> <a class=\"continue-reading-link\" href=\"https:\/\/micks-touren.de\/?page_id=31\">Continue reading<i class=\"crycon-right-dir\"><\/i><\/a><\/p>\n","protected":false},"author":1,"featured_media":0,"parent":0,"menu_order":0,"comment_status":"open","ping_status":"closed","template":"","meta":{"footnotes":""},"class_list":["post-31","page","type-page","status-publish","hentry"],"_links":{"self":[{"href":"https:\/\/micks-touren.de\/index.php?rest_route=\/wp\/v2\/pages\/31","targetHints":{"allow":["GET"]}}],"collection":[{"href":"https:\/\/micks-touren.de\/index.php?rest_route=\/wp\/v2\/pages"}],"about":[{"href":"https:\/\/micks-touren.de\/index.php?rest_route=\/wp\/v2\/types\/page"}],"author":[{"embeddable":true,"href":"https:\/\/micks-touren.de\/index.php?rest_route=\/wp\/v2\/users\/1"}],"replies":[{"embeddable":true,"href":"https:\/\/micks-touren.de\/index.php?rest_route=%2Fwp%2Fv2%2Fcomments&post=31"}],"version-history":[{"count":10,"href":"https:\/\/micks-touren.de\/index.php?rest_route=\/wp\/v2\/pages\/31\/revisions"}],"predecessor-version":[{"id":675,"href":"https:\/\/micks-touren.de\/index.php?rest_route=\/wp\/v2\/pages\/31\/revisions\/675"}],"wp:attachment":[{"href":"https:\/\/micks-touren.de\/index.php?rest_route=%2Fwp%2Fv2%2Fmedia&parent=31"}],"curies":[{"name":"wp","href":"https:\/\/api.w.org\/{rel}","templated":true}]}}