{"id":20,"date":"2017-05-25T16:22:11","date_gmt":"2017-05-25T16:22:11","guid":{"rendered":"http:\/\/mini-ps.de\/?page_id=20"},"modified":"2025-08-14T21:02:10","modified_gmt":"2025-08-14T20:02:10","slug":"sonstiges","status":"publish","type":"page","link":"https:\/\/micks-touren.de\/?page_id=20","title":{"rendered":"Tipps"},"content":{"rendered":"<p>Ich bin ein Schn\u00e4ppchensucher !\u00a0 Es kann durchaus sein, dass ich monatelang nach einem g\u00fcnstigen Angebot zu meinem Wunschziel suche &#8211; und dann ein ganz anderes Ziel buche. So zum Beispiel bei meiner Reise nach Khao Lak. Urspr\u00fcnglich suchte ich was in Sri Lanka, st\u00f6berte dann mehr oder minder zuf\u00e4llig in den Thailand-Angeboten, fand ein tolles Angebot &#8211; und hatte 5 Minuten sp\u00e4ter gebucht.<\/p>\n<p>Von daher mein Tipp: Lasst Euch Zeit mit der Suche. Und sucht nicht nur bei <a href=\"https:\/\/www.expedia.de\">Expedia.de<\/a>. Ich kucke gerne auch bei <a href=\"https:\/\/www.kayak.de\" target=\"_blank\" rel=\"noopener noreferrer\">Kayak.de<\/a> und habe dar\u00fcber indirekt schon ca. 150 Euro f\u00fcr einen Mietwagen auf Island gespart. Oft kommt man auch g\u00fcnstiger weg, wenn man Unterk\u00fcnfte direkt bucht und nicht \u00fcber ein Portal.<\/p>\n<p>Bei Pauschalreisen sollte man sich durchaus die Reiseseiten von Aldi, Lidl, Netto, Tchibo, Rewe usw. anschauen &#8211; und das nicht nur einmal !! Und auch die \u00fcblichen Reiseveranstalter darf man nicht au\u00dfer acht lassen. Marrakesch mit Flug und 4 \u00dc\/F in einem zentral gelegenen 3*-Hotel habe ich f\u00fcr 207 Euro bei Neckermann gefunden. Was interessant ist: Die Preise schwanken !\u00a0 Ich habe zum Beispiel das Marrakesch-Angebot \u00fcber Wochen immer mal wieder gesehen, die Preise lagen dabei zwischen 200 und 270 Euro. Als es dann ans Buchen ging, gab es diese Schwankungen auch &#8211; an einem Tag !! Logisch, dass ich gewartet habe, bis das g\u00fcnstigste Angebot wieder zu haben war\u00a0 \ud83d\ude09<\/p>\n<p>Ich bevorzuge eigentlich Appartments, Ferienwohnungen, Ferienh\u00e4user &#8230; allerdings ist es oft g\u00fcnstiger, wenn man ein Pauschalangebot mit Hotel bucht. Island ist da das Gegenbeispiel: Ich habe alles einzeln gebucht und bezahlte f\u00fcr Flug (IcelandAir !), 10 Tage 2-Zimmer-Appartment und 10 Tage Kleinwagen ca. 1300 Euro. F\u00fcr 7 Tage Bus-Rundreise h\u00e4tte ich mindestens 1200 Euro bezahlt.<\/p>\n<p>F\u00fcr Unterk\u00fcnfte schaue ich in der Regel bei <a href=\"https:\/\/www.fewo-direkt.de\">Fewo-direkt<\/a>, <a href=\"https:\/\/www.hometogo.de\" target=\"_blank\" rel=\"noopener noreferrer\">HomeToGo<\/a> oder <a href=\"https:\/\/www.airbnb.de\">AirBnB<\/a> vorbei. Aber auch da findet man nicht immer etwas.\u00a0 F\u00fcr ein paar Tage in Wetzlar hatte ich nichts Gescheites gefunden; die L\u00f6sung lag auf der Homepage der Stadt: Auch hier werden sehr oft Unterk\u00fcnfte angeboten.<\/p>\n<p>Meine n\u00e4chsten Pl\u00e4ne und Ideen:<\/p>\n<ul>\n<li>M\u00fcnchen<\/li>\n<li>Montenegro<\/li>\n<\/ul>\n\n\n<p><\/p>\n","protected":false},"excerpt":{"rendered":"<p>Ich bin ein Schn\u00e4ppchensucher !\u00a0 Es kann durchaus sein, dass ich monatelang nach einem g\u00fcnstigen Angebot zu meinem Wunschziel suche &#8211; und dann ein ganz anderes Ziel buche. So zum Beispiel bei meiner Reise nach Khao Lak. Urspr\u00fcnglich suchte ich was in Sri Lanka, st\u00f6berte dann mehr oder minder zuf\u00e4llig&#8230;<\/p>\n<p class=\"continue-reading-button\"> <a class=\"continue-reading-link\" href=\"https:\/\/micks-touren.de\/?page_id=20\">Continue reading<i class=\"crycon-right-dir\"><\/i><\/a><\/p>\n","protected":false},"author":1,"featured_media":0,"parent":0,"menu_order":0,"comment_status":"closed","ping_status":"closed","template":"","meta":{"footnotes":""},"class_list":["post-20","page","type-page","status-publish","hentry"],"_links":{"self":[{"href":"https:\/\/micks-touren.de\/index.php?rest_route=\/wp\/v2\/pages\/20","targetHints":{"allow":["GET"]}}],"collection":[{"href":"https:\/\/micks-touren.de\/index.php?rest_route=\/wp\/v2\/pages"}],"about":[{"href":"https:\/\/micks-touren.de\/index.php?rest_route=\/wp\/v2\/types\/page"}],"author":[{"embeddable":true,"href":"https:\/\/micks-touren.de\/index.php?rest_route=\/wp\/v2\/users\/1"}],"replies":[{"embeddable":true,"href":"https:\/\/micks-touren.de\/index.php?rest_route=%2Fwp%2Fv2%2Fcomments&post=20"}],"version-history":[{"count":25,"href":"https:\/\/micks-touren.de\/index.php?rest_route=\/wp\/v2\/pages\/20\/revisions"}],"predecessor-version":[{"id":1472,"href":"https:\/\/micks-touren.de\/index.php?rest_route=\/wp\/v2\/pages\/20\/revisions\/1472"}],"wp:attachment":[{"href":"https:\/\/micks-touren.de\/index.php?rest_route=%2Fwp%2Fv2%2Fmedia&parent=20"}],"curies":[{"name":"wp","href":"https:\/\/api.w.org\/{rel}","templated":true}]}}