{"id":183,"date":"2017-05-28T19:48:32","date_gmt":"2017-05-28T19:48:32","guid":{"rendered":"http:\/\/mini-ps.de\/?page_id=183"},"modified":"2018-02-09T20:54:37","modified_gmt":"2018-02-09T20:54:37","slug":"wien-2016","status":"publish","type":"page","link":"https:\/\/micks-touren.de\/?page_id=183","title":{"rendered":"Wien (2015)"},"content":{"rendered":"<p>Eine Woche Malta bei 3 Wochen Urlaub &#8230; irgendwie hat mir das nicht gereicht \ud83d\ude09 Und deshalb habe ich ein Experiment gewagt und bin mit dem Fernbus f\u00fcr ein paar Tage nach Wien gefahren ! Ok, 12 Stunden Fahrt klingen lange, aber man lernt Leute kennen (einen habe ich sogar auf der R\u00fcckfahrt wieder getroffen), man sieht was von der Gegend (Alternative: Man macht die Augen zu) und kommt recht entspannt an. Und das f\u00fcr 33 Euro pro Fahrt !<\/p>\n<p>Zu Wien selbst: Ok, ich war da und habe mir so einiges angeschaut. Nochmal muss ich nicht hin, h\u00f6chstens als Reisebegleitung f\u00fcr jemanden, der noch nicht dort war.<\/p>\n<p>Rund um den Stephansdom kann man eine ganze Reihe von Sehensw\u00fcrdigkeiten finden. Wenn man nicht \u00fcberall reinwill, dann kann man an einem knappen Tag einen sch\u00f6nen Rundgang machen.<\/p>\n<p><img loading=\"lazy\" decoding=\"async\" class=\"size-large wp-image-185 aligncenter\" src=\"https:\/\/micks-touren.de\/wp-content\/uploads\/2017\/05\/Wien1-576x1024.jpg\" alt=\"\" width=\"576\" height=\"1024\" srcset=\"https:\/\/micks-touren.de\/wp-content\/uploads\/2017\/05\/Wien1-576x1024.jpg 576w, https:\/\/micks-touren.de\/wp-content\/uploads\/2017\/05\/Wien1-169x300.jpg 169w, https:\/\/micks-touren.de\/wp-content\/uploads\/2017\/05\/Wien1-197x350.jpg 197w, https:\/\/micks-touren.de\/wp-content\/uploads\/2017\/05\/Wien1-84x150.jpg 84w, https:\/\/micks-touren.de\/wp-content\/uploads\/2017\/05\/Wien1.jpg 720w\" sizes=\"auto, (max-width: 576px) 100vw, 576px\" \/><\/p>\n<p>Stephansdom &#8211; da oben war ich !<\/p>\n<p><img loading=\"lazy\" decoding=\"async\" class=\"size-large wp-image-186 aligncenter\" src=\"https:\/\/micks-touren.de\/wp-content\/uploads\/2017\/05\/Wien2-1024x682.jpg\" alt=\"\" width=\"900\" height=\"599\" srcset=\"https:\/\/micks-touren.de\/wp-content\/uploads\/2017\/05\/Wien2-1024x682.jpg 1024w, https:\/\/micks-touren.de\/wp-content\/uploads\/2017\/05\/Wien2-300x200.jpg 300w, https:\/\/micks-touren.de\/wp-content\/uploads\/2017\/05\/Wien2-768x512.jpg 768w, https:\/\/micks-touren.de\/wp-content\/uploads\/2017\/05\/Wien2-525x350.jpg 525w, https:\/\/micks-touren.de\/wp-content\/uploads\/2017\/05\/Wien2-150x100.jpg 150w, https:\/\/micks-touren.de\/wp-content\/uploads\/2017\/05\/Wien2.jpg 1280w\" sizes=\"auto, (max-width: 900px) 100vw, 900px\" \/><\/p>\n<p>Das Hundertwasser-Haus<\/p>\n<p><img loading=\"lazy\" decoding=\"async\" class=\"size-large wp-image-187 aligncenter\" src=\"https:\/\/micks-touren.de\/wp-content\/uploads\/2017\/05\/Wien3-1024x682.jpg\" alt=\"\" width=\"900\" height=\"599\" srcset=\"https:\/\/micks-touren.de\/wp-content\/uploads\/2017\/05\/Wien3-1024x682.jpg 1024w, https:\/\/micks-touren.de\/wp-content\/uploads\/2017\/05\/Wien3-300x200.jpg 300w, https:\/\/micks-touren.de\/wp-content\/uploads\/2017\/05\/Wien3-768x512.jpg 768w, https:\/\/micks-touren.de\/wp-content\/uploads\/2017\/05\/Wien3-525x350.jpg 525w, https:\/\/micks-touren.de\/wp-content\/uploads\/2017\/05\/Wien3-150x100.jpg 150w, https:\/\/micks-touren.de\/wp-content\/uploads\/2017\/05\/Wien3.jpg 1280w\" sizes=\"auto, (max-width: 900px) 100vw, 900px\" \/><\/p>\n<p>Die Wiener Hofburg<\/p>\n<p>Nat\u00fcrlich ist der Besuch des Praters obligatorisch. Fr\u00fcher war das mal ein Park, heute ist es eine vollgestopfte Kirmes. An allen Ecken und Enden gibt es Fahrgesch\u00e4fte, Fressbuden usw.<\/p>\n<p><img loading=\"lazy\" decoding=\"async\" class=\"size-large wp-image-188 aligncenter\" src=\"https:\/\/micks-touren.de\/wp-content\/uploads\/2017\/05\/Wien4-1024x682.jpg\" alt=\"\" width=\"900\" height=\"599\" srcset=\"https:\/\/micks-touren.de\/wp-content\/uploads\/2017\/05\/Wien4-1024x682.jpg 1024w, https:\/\/micks-touren.de\/wp-content\/uploads\/2017\/05\/Wien4-300x200.jpg 300w, https:\/\/micks-touren.de\/wp-content\/uploads\/2017\/05\/Wien4-768x512.jpg 768w, https:\/\/micks-touren.de\/wp-content\/uploads\/2017\/05\/Wien4-525x350.jpg 525w, https:\/\/micks-touren.de\/wp-content\/uploads\/2017\/05\/Wien4-150x100.jpg 150w, https:\/\/micks-touren.de\/wp-content\/uploads\/2017\/05\/Wien4.jpg 1280w\" sizes=\"auto, (max-width: 900px) 100vw, 900px\" \/><\/p>\n<p>Was ein echter k.u.k.-Fan erleben muss, ist Schloss Sch\u00f6nbrunn. Allerdings: Will man ALLES sehen, zahlt man sich dumm und d\u00e4mlich. Der Eintritt f\u00fcr das komplette Paket kostet etwa 50 Euro. Und ganz ehrlich: Nach einer halben Stunde F\u00fchrung im eigentlichen Schloss brummt einem schon der Kopf und man h\u00f6rt gar nicht mehr hin, wer hier geschlafen, gewohnt, regiert hat oder sonstwie aktiv war.<\/p>\n<p><img loading=\"lazy\" decoding=\"async\" class=\"size-large wp-image-184 aligncenter\" src=\"https:\/\/micks-touren.de\/wp-content\/uploads\/2017\/05\/Wien5-1024x576.jpg\" alt=\"\" width=\"900\" height=\"506\" srcset=\"https:\/\/micks-touren.de\/wp-content\/uploads\/2017\/05\/Wien5-1024x576.jpg 1024w, https:\/\/micks-touren.de\/wp-content\/uploads\/2017\/05\/Wien5-300x169.jpg 300w, https:\/\/micks-touren.de\/wp-content\/uploads\/2017\/05\/Wien5-768x432.jpg 768w, https:\/\/micks-touren.de\/wp-content\/uploads\/2017\/05\/Wien5-622x350.jpg 622w, https:\/\/micks-touren.de\/wp-content\/uploads\/2017\/05\/Wien5-150x84.jpg 150w, https:\/\/micks-touren.de\/wp-content\/uploads\/2017\/05\/Wien5.jpg 1280w\" sizes=\"auto, (max-width: 900px) 100vw, 900px\" \/>Schloss Sch\u00f6nbrunn &#8211; und der Beweis, dass ich wirklich dort war \ud83d\ude09<\/p>\n<p><span style=\"color: #ff0000;\"><strong>Reisetipp<\/strong><\/span>:<\/p>\n<p>Wer keinen Wert auf ein 4-5 Sterne-Hotel legt, der ist im ibis Budget Sankt Marx ganz gut aufgehoben. Bis zum Fernbus-Bahnhof sind es 10 Minuten zu Fuss, rundherum gibt es 3 Superm\u00e4rkte und man braucht 5 Minuten bis zur n\u00e4chsten U-Bahn-Station. Die Zimmer sind ok, allzu laut ist es auch nicht &#8211; und vor allem g\u00fcnstig.<\/p>\n<p>Noch ein <span style=\"color: #ff0000;\"><strong>Tipp<\/strong><\/span>: Die Wien-Karte. Sie kostet 20 Euro, ist 72 Stunden g\u00fcltig und bietet neben der Benutzung von U-Bahn und Bussen auch massenhaft Verg\u00fcnstigungen bei Eintritten, Gesch\u00e4ften und Restaurants. Alleine durch das U-Bahnfahren und Schloss Sch\u00f6nbrunn hat sie sich schon bezahlt gemacht.<\/p>\n<p><span style=\"color: #ff0000;\"><strong>Tipp<\/strong><\/span> Nummer 3: Leo&#8217;s W\u00fcrstelstand. Hinfahren ist ein Muss. Ich war in 3 Tagen 2x da.<\/p>\n","protected":false},"excerpt":{"rendered":"<p>Eine Woche Malta bei 3 Wochen Urlaub &#8230; irgendwie hat mir das nicht gereicht \ud83d\ude09 Und deshalb habe ich ein Experiment gewagt und bin mit dem Fernbus f\u00fcr ein paar Tage nach Wien gefahren ! Ok, 12 Stunden Fahrt klingen lange, aber man lernt Leute kennen (einen habe ich sogar&#8230;<\/p>\n<p class=\"continue-reading-button\"> <a class=\"continue-reading-link\" href=\"https:\/\/micks-touren.de\/?page_id=183\">Continue reading<i class=\"crycon-right-dir\"><\/i><\/a><\/p>\n","protected":false},"author":1,"featured_media":0,"parent":0,"menu_order":0,"comment_status":"open","ping_status":"closed","template":"","meta":{"footnotes":""},"class_list":["post-183","page","type-page","status-publish","hentry"],"_links":{"self":[{"href":"https:\/\/micks-touren.de\/index.php?rest_route=\/wp\/v2\/pages\/183","targetHints":{"allow":["GET"]}}],"collection":[{"href":"https:\/\/micks-touren.de\/index.php?rest_route=\/wp\/v2\/pages"}],"about":[{"href":"https:\/\/micks-touren.de\/index.php?rest_route=\/wp\/v2\/types\/page"}],"author":[{"embeddable":true,"href":"https:\/\/micks-touren.de\/index.php?rest_route=\/wp\/v2\/users\/1"}],"replies":[{"embeddable":true,"href":"https:\/\/micks-touren.de\/index.php?rest_route=%2Fwp%2Fv2%2Fcomments&post=183"}],"version-history":[{"count":6,"href":"https:\/\/micks-touren.de\/index.php?rest_route=\/wp\/v2\/pages\/183\/revisions"}],"predecessor-version":[{"id":679,"href":"https:\/\/micks-touren.de\/index.php?rest_route=\/wp\/v2\/pages\/183\/revisions\/679"}],"wp:attachment":[{"href":"https:\/\/micks-touren.de\/index.php?rest_route=%2Fwp%2Fv2%2Fmedia&parent=183"}],"curies":[{"name":"wp","href":"https:\/\/api.w.org\/{rel}","templated":true}]}}