{"id":180,"date":"2017-05-28T19:34:42","date_gmt":"2017-05-28T19:34:42","guid":{"rendered":"http:\/\/mini-ps.de\/?page_id=180"},"modified":"2017-07-10T17:24:04","modified_gmt":"2017-07-10T17:24:04","slug":"luisenpark-mannheim-2017","status":"publish","type":"page","link":"https:\/\/micks-touren.de\/?page_id=180","title":{"rendered":"Luisenpark Mannheim (2017)"},"content":{"rendered":"<p>Ich hatte es schon lange vor, und am Karfreitag hatte ich sowohl Zeit als auch Lust, mal wieder in den Luisenpark nach Mannheim zu fahren. Das Wetter hat auch gepasst, also gab es keine Gr\u00fcnde, das wieder abzusagen \ud83d\ude09<\/p>\n<p><img loading=\"lazy\" decoding=\"async\" class=\"size-large wp-image-162 aligncenter\" src=\"https:\/\/micks-touren.de\/wp-content\/uploads\/2017\/05\/Lui01-768x1024.jpg\" alt=\"\" width=\"768\" height=\"1024\" srcset=\"https:\/\/micks-touren.de\/wp-content\/uploads\/2017\/05\/Lui01.jpg 768w, https:\/\/micks-touren.de\/wp-content\/uploads\/2017\/05\/Lui01-225x300.jpg 225w, https:\/\/micks-touren.de\/wp-content\/uploads\/2017\/05\/Lui01-263x350.jpg 263w, https:\/\/micks-touren.de\/wp-content\/uploads\/2017\/05\/Lui01-113x150.jpg 113w\" sizes=\"auto, (max-width: 768px) 100vw, 768px\" \/><\/p>\n<p>Der Luisenpark wurde 1975 zur Bundesgartenschau angelegt. Zeitgleich entstand auch der Fernsehturm, der mit 217 Metern einer der gr\u00f6\u00dften in Deutschland ist. Besonders interessant ist das Dreh-Restaurant in 125 Metern H\u00f6he und direkt darunter eine Aussichtsplattform, von denen aus man zig Kilometer weit sehen kann (gutes Wetter vorausgesetzt).<\/p>\n<p><img loading=\"lazy\" decoding=\"async\" class=\"size-large wp-image-163 aligncenter\" src=\"https:\/\/micks-touren.de\/wp-content\/uploads\/2017\/05\/Lui02-1024x768.jpg\" alt=\"\" width=\"900\" height=\"675\" srcset=\"https:\/\/micks-touren.de\/wp-content\/uploads\/2017\/05\/Lui02.jpg 1024w, https:\/\/micks-touren.de\/wp-content\/uploads\/2017\/05\/Lui02-300x225.jpg 300w, https:\/\/micks-touren.de\/wp-content\/uploads\/2017\/05\/Lui02-768x576.jpg 768w, https:\/\/micks-touren.de\/wp-content\/uploads\/2017\/05\/Lui02-467x350.jpg 467w, https:\/\/micks-touren.de\/wp-content\/uploads\/2017\/05\/Lui02-150x113.jpg 150w\" sizes=\"auto, (max-width: 900px) 100vw, 900px\" \/><\/p>\n<p><img loading=\"lazy\" decoding=\"async\" class=\"size-large wp-image-164 aligncenter\" src=\"https:\/\/micks-touren.de\/wp-content\/uploads\/2017\/05\/Lui03-1024x768.jpg\" alt=\"\" width=\"900\" height=\"675\" srcset=\"https:\/\/micks-touren.de\/wp-content\/uploads\/2017\/05\/Lui03.jpg 1024w, https:\/\/micks-touren.de\/wp-content\/uploads\/2017\/05\/Lui03-300x225.jpg 300w, https:\/\/micks-touren.de\/wp-content\/uploads\/2017\/05\/Lui03-768x576.jpg 768w, https:\/\/micks-touren.de\/wp-content\/uploads\/2017\/05\/Lui03-467x350.jpg 467w, https:\/\/micks-touren.de\/wp-content\/uploads\/2017\/05\/Lui03-150x113.jpg 150w\" sizes=\"auto, (max-width: 900px) 100vw, 900px\" \/><\/p>\n<p>Neben jeder Menge Blumen, anderen Pflanzen und auch Tieren gibt es ein Pflanzenschauhaus mit Urwaldatmosph\u00e4re, einem Terrarium, einem Schmetterlingshaus und und und.<\/p>\n<p><img loading=\"lazy\" decoding=\"async\" class=\"size-large wp-image-166 aligncenter\" src=\"https:\/\/micks-touren.de\/wp-content\/uploads\/2017\/05\/Lui05-1024x768.jpg\" alt=\"\" width=\"900\" height=\"675\" srcset=\"https:\/\/micks-touren.de\/wp-content\/uploads\/2017\/05\/Lui05.jpg 1024w, https:\/\/micks-touren.de\/wp-content\/uploads\/2017\/05\/Lui05-300x225.jpg 300w, https:\/\/micks-touren.de\/wp-content\/uploads\/2017\/05\/Lui05-768x576.jpg 768w, https:\/\/micks-touren.de\/wp-content\/uploads\/2017\/05\/Lui05-467x350.jpg 467w, https:\/\/micks-touren.de\/wp-content\/uploads\/2017\/05\/Lui05-150x113.jpg 150w\" sizes=\"auto, (max-width: 900px) 100vw, 900px\" \/><\/p>\n<p>Die hatten anscheinend auch Urlaub &#8230;<\/p>\n<p>Kulturbegeisterte kommen nicht zu kurz: In einem Teil des Parks sind interessante Skulpturen aufgestellt. Ich muss zugeben, aus so manchen bin ich auch nicht schlau geworden. Bei dieser hier war es zum Gl\u00fcck anders \ud83d\ude09<\/p>\n<p><img loading=\"lazy\" decoding=\"async\" class=\"size-large wp-image-165 aligncenter\" src=\"https:\/\/micks-touren.de\/wp-content\/uploads\/2017\/05\/Lui04-768x1024.jpg\" alt=\"\" width=\"768\" height=\"1024\" srcset=\"https:\/\/micks-touren.de\/wp-content\/uploads\/2017\/05\/Lui04.jpg 768w, https:\/\/micks-touren.de\/wp-content\/uploads\/2017\/05\/Lui04-225x300.jpg 225w, https:\/\/micks-touren.de\/wp-content\/uploads\/2017\/05\/Lui04-263x350.jpg 263w, https:\/\/micks-touren.de\/wp-content\/uploads\/2017\/05\/Lui04-113x150.jpg 113w\" sizes=\"auto, (max-width: 768px) 100vw, 768px\" \/><\/p>\n<p>F\u00fcr den Park sollte man genug Zeit und Muse mitbringen. Und, falls man Kinder hat, noch mehr Zeit. Es gibt massenhaft Spielpl\u00e4tze und sonstige Dinge, die unbedingt ausprobiert werden m\u00fcssen. Dazu geh\u00f6ren auf jeden Fall die Gondolettas, die \u00fcber den parkeigenen See schippern. Und wenn man regelm\u00e4\u00dfig ins Wasser schaut, sieht man Unmengen von riesigen Barschen, die man teilweise sogar streicheln kann.<\/p>\n<p><img loading=\"lazy\" decoding=\"async\" class=\"size-large wp-image-168 aligncenter\" src=\"https:\/\/micks-touren.de\/wp-content\/uploads\/2017\/05\/Lui07-1024x768.jpg\" alt=\"\" width=\"900\" height=\"675\" srcset=\"https:\/\/micks-touren.de\/wp-content\/uploads\/2017\/05\/Lui07.jpg 1024w, https:\/\/micks-touren.de\/wp-content\/uploads\/2017\/05\/Lui07-300x225.jpg 300w, https:\/\/micks-touren.de\/wp-content\/uploads\/2017\/05\/Lui07-768x576.jpg 768w, https:\/\/micks-touren.de\/wp-content\/uploads\/2017\/05\/Lui07-467x350.jpg 467w, https:\/\/micks-touren.de\/wp-content\/uploads\/2017\/05\/Lui07-150x113.jpg 150w\" sizes=\"auto, (max-width: 900px) 100vw, 900px\" \/><\/p>\n<p>Im Bereich &#8222;Kultur&#8220; gibt es noch den chinesischen Garten mit dem gr\u00f6\u00dften chinesischen Teehaus Europas.<\/p>\n<p><img loading=\"lazy\" decoding=\"async\" class=\"size-large wp-image-170 aligncenter\" src=\"https:\/\/micks-touren.de\/wp-content\/uploads\/2017\/05\/Lui09-1024x768.jpg\" alt=\"\" width=\"900\" height=\"675\" srcset=\"https:\/\/micks-touren.de\/wp-content\/uploads\/2017\/05\/Lui09.jpg 1024w, https:\/\/micks-touren.de\/wp-content\/uploads\/2017\/05\/Lui09-300x225.jpg 300w, https:\/\/micks-touren.de\/wp-content\/uploads\/2017\/05\/Lui09-768x576.jpg 768w, https:\/\/micks-touren.de\/wp-content\/uploads\/2017\/05\/Lui09-467x350.jpg 467w, https:\/\/micks-touren.de\/wp-content\/uploads\/2017\/05\/Lui09-150x113.jpg 150w\" sizes=\"auto, (max-width: 900px) 100vw, 900px\" \/><\/p>\n<p>&nbsp;<\/p>\n<p>Bekannt ist der Luisenpark auch f\u00fcr seine St\u00f6rche. Jedes Jahr br\u00fcten hier einige P\u00e4rchen, sie sollen sogar ihre eigene Webcam haben (hab sie leider nicht gesehen).<\/p>\n<p><img loading=\"lazy\" decoding=\"async\" class=\"size-large wp-image-173 aligncenter\" src=\"https:\/\/micks-touren.de\/wp-content\/uploads\/2017\/05\/Lui12-768x1024.jpg\" alt=\"\" width=\"768\" height=\"1024\" srcset=\"https:\/\/micks-touren.de\/wp-content\/uploads\/2017\/05\/Lui12.jpg 768w, https:\/\/micks-touren.de\/wp-content\/uploads\/2017\/05\/Lui12-225x300.jpg 225w, https:\/\/micks-touren.de\/wp-content\/uploads\/2017\/05\/Lui12-263x350.jpg 263w, https:\/\/micks-touren.de\/wp-content\/uploads\/2017\/05\/Lui12-113x150.jpg 113w\" sizes=\"auto, (max-width: 768px) 100vw, 768px\" \/><\/p>\n<p>Schwindelfreie sollten auf jeden Fall mal den Fernsehturm hinauffahren. Leider ist das nicht ganz billig, Erwachsene kosten 7 Euro. Daf\u00fcr hat man aber auch einen wirklich tollen Ausblick.<\/p>\n<p><img loading=\"lazy\" decoding=\"async\" class=\"size-large wp-image-176 aligncenter\" src=\"https:\/\/micks-touren.de\/wp-content\/uploads\/2017\/05\/Lui15-768x1024.jpg\" alt=\"\" width=\"768\" height=\"1024\" srcset=\"https:\/\/micks-touren.de\/wp-content\/uploads\/2017\/05\/Lui15.jpg 768w, https:\/\/micks-touren.de\/wp-content\/uploads\/2017\/05\/Lui15-225x300.jpg 225w, https:\/\/micks-touren.de\/wp-content\/uploads\/2017\/05\/Lui15-263x350.jpg 263w, https:\/\/micks-touren.de\/wp-content\/uploads\/2017\/05\/Lui15-113x150.jpg 113w\" sizes=\"auto, (max-width: 768px) 100vw, 768px\" \/><\/p>\n<p><img loading=\"lazy\" decoding=\"async\" class=\"size-large wp-image-178 aligncenter\" src=\"https:\/\/micks-touren.de\/wp-content\/uploads\/2017\/05\/Lui17-1024x768.jpg\" alt=\"\" width=\"900\" height=\"675\" srcset=\"https:\/\/micks-touren.de\/wp-content\/uploads\/2017\/05\/Lui17.jpg 1024w, https:\/\/micks-touren.de\/wp-content\/uploads\/2017\/05\/Lui17-300x225.jpg 300w, https:\/\/micks-touren.de\/wp-content\/uploads\/2017\/05\/Lui17-768x576.jpg 768w, https:\/\/micks-touren.de\/wp-content\/uploads\/2017\/05\/Lui17-467x350.jpg 467w, https:\/\/micks-touren.de\/wp-content\/uploads\/2017\/05\/Lui17-150x113.jpg 150w\" sizes=\"auto, (max-width: 900px) 100vw, 900px\" \/><\/p>\n<p>Auch wenn man nicht unbedingt der Park-Fan ist: Es lohnt sich durchaus, mal in den Luisenpark zu fahren. Es gibt dort noch eine ganze Menge anderes zu sehen und zu erleben, was ich hier gar nicht beschrieben habe.<\/p>\n<p>Mehr Infos gibt es hier: <a title=\"www.luisenpark.de\" href=\"https:\/\/www.luisenpark.de\" target=\"_blank\" rel=\"noopener noreferrer\">www.luisenpark.de<\/a><\/p>\n","protected":false},"excerpt":{"rendered":"<p>Ich hatte es schon lange vor, und am Karfreitag hatte ich sowohl Zeit als auch Lust, mal wieder in den Luisenpark nach Mannheim zu fahren. Das Wetter hat auch gepasst, also gab es keine Gr\u00fcnde, das wieder abzusagen \ud83d\ude09 Der Luisenpark wurde 1975 zur Bundesgartenschau angelegt. Zeitgleich entstand auch der&#8230;<\/p>\n<p class=\"continue-reading-button\"> <a class=\"continue-reading-link\" href=\"https:\/\/micks-touren.de\/?page_id=180\">Continue reading<i class=\"crycon-right-dir\"><\/i><\/a><\/p>\n","protected":false},"author":1,"featured_media":0,"parent":0,"menu_order":0,"comment_status":"open","ping_status":"closed","template":"","meta":{"footnotes":""},"class_list":["post-180","page","type-page","status-publish","hentry"],"_links":{"self":[{"href":"https:\/\/micks-touren.de\/index.php?rest_route=\/wp\/v2\/pages\/180","targetHints":{"allow":["GET"]}}],"collection":[{"href":"https:\/\/micks-touren.de\/index.php?rest_route=\/wp\/v2\/pages"}],"about":[{"href":"https:\/\/micks-touren.de\/index.php?rest_route=\/wp\/v2\/types\/page"}],"author":[{"embeddable":true,"href":"https:\/\/micks-touren.de\/index.php?rest_route=\/wp\/v2\/users\/1"}],"replies":[{"embeddable":true,"href":"https:\/\/micks-touren.de\/index.php?rest_route=%2Fwp%2Fv2%2Fcomments&post=180"}],"version-history":[{"count":2,"href":"https:\/\/micks-touren.de\/index.php?rest_route=\/wp\/v2\/pages\/180\/revisions"}],"predecessor-version":[{"id":474,"href":"https:\/\/micks-touren.de\/index.php?rest_route=\/wp\/v2\/pages\/180\/revisions\/474"}],"wp:attachment":[{"href":"https:\/\/micks-touren.de\/index.php?rest_route=%2Fwp%2Fv2%2Fmedia&parent=180"}],"curies":[{"name":"wp","href":"https:\/\/api.w.org\/{rel}","templated":true}]}}