{"id":159,"date":"2017-05-28T19:24:06","date_gmt":"2017-05-28T19:24:06","guid":{"rendered":"http:\/\/mini-ps.de\/?page_id=159"},"modified":"2017-07-10T17:19:54","modified_gmt":"2017-07-10T17:19:54","slug":"hessenpark-saalburg-2016","status":"publish","type":"page","link":"https:\/\/micks-touren.de\/?page_id=159","title":{"rendered":"Hessenpark \/ Saalburg (2016)"},"content":{"rendered":"<div class=\"article-main-content\">\n<div class=\"article-content\">\n<p>Ab und zu \u00fcberkommt es mich &#8211; und dann mache ich einen auf Kultur  \ud83d\ude09<\/p>\n<p>Da ich nichts Besseres zu tun hatte, bin ich mal zum Hessenpark bei Bad Homburg gefahren, einem riesigen Freilichtmuseum mit Geb\u00e4uden und Geschichte aus 4 Jahrhunderten. In viele H\u00e4user kann man reingehen und diverse Austellungen besichtigen, die alle etwas mit Hessen zu tun haben.<\/p>\n<p><img loading=\"lazy\" decoding=\"async\" class=\"size-large wp-image-157 aligncenter\" src=\"https:\/\/micks-touren.de\/wp-content\/uploads\/2017\/05\/hess01-1024x683.jpg\" alt=\"\" width=\"900\" height=\"600\" srcset=\"https:\/\/micks-touren.de\/wp-content\/uploads\/2017\/05\/hess01.jpg 1024w, https:\/\/micks-touren.de\/wp-content\/uploads\/2017\/05\/hess01-300x200.jpg 300w, https:\/\/micks-touren.de\/wp-content\/uploads\/2017\/05\/hess01-768x512.jpg 768w, https:\/\/micks-touren.de\/wp-content\/uploads\/2017\/05\/hess01-525x350.jpg 525w, https:\/\/micks-touren.de\/wp-content\/uploads\/2017\/05\/hess01-150x100.jpg 150w\" sizes=\"auto, (max-width: 900px) 100vw, 900px\" \/>Der &#8222;Marktplatz&#8220;<\/p>\n<p>Wie man oben auf dem Foto sehen kann, gibt es im Hessenpark die M\u00f6glichkeit, zu heiraten. Ein Standesamt und ein paar Kirchen stehen zur Auswahl &#8211; und f\u00fcr die Hochzeitsfotos muss man auch nicht weit laufen.<\/p>\n<p>Der Park ist in verschiedene Bereiche unterteilt: H\u00e4user und Geb\u00e4ude aus verschiedenen Landesteilen wie Osthessen, Mittelhessen, S\u00fcdhessen (\u00fcbrigens alles Originalbauten, die abgetragen und hier wieder aufgebaut wurden !!) &#8230; und dann gibt es auch noch Bereiche, die sich mit Handwerk und Landwirtschaft besch\u00e4ftigen. Selbstredend geh\u00f6ren da Tiere und M\u00fchlen dazu \ud83d\ude09<\/p>\n<p><img loading=\"lazy\" decoding=\"async\" class=\"size-large wp-image-158 aligncenter\" src=\"https:\/\/micks-touren.de\/wp-content\/uploads\/2017\/05\/hess02-1024x683.jpg\" alt=\"\" width=\"900\" height=\"600\" srcset=\"https:\/\/micks-touren.de\/wp-content\/uploads\/2017\/05\/hess02.jpg 1024w, https:\/\/micks-touren.de\/wp-content\/uploads\/2017\/05\/hess02-300x200.jpg 300w, https:\/\/micks-touren.de\/wp-content\/uploads\/2017\/05\/hess02-768x512.jpg 768w, https:\/\/micks-touren.de\/wp-content\/uploads\/2017\/05\/hess02-525x350.jpg 525w, https:\/\/micks-touren.de\/wp-content\/uploads\/2017\/05\/hess02-150x100.jpg 150w\" sizes=\"auto, (max-width: 900px) 100vw, 900px\" \/><\/p>\n<p><img loading=\"lazy\" decoding=\"async\" class=\"size-large wp-image-143 aligncenter\" src=\"https:\/\/micks-touren.de\/wp-content\/uploads\/2017\/05\/hess03-683x1024.jpg\" alt=\"\" width=\"683\" height=\"1024\" srcset=\"https:\/\/micks-touren.de\/wp-content\/uploads\/2017\/05\/hess03-683x1024.jpg 683w, https:\/\/micks-touren.de\/wp-content\/uploads\/2017\/05\/hess03-200x300.jpg 200w, https:\/\/micks-touren.de\/wp-content\/uploads\/2017\/05\/hess03-768x1152.jpg 768w, https:\/\/micks-touren.de\/wp-content\/uploads\/2017\/05\/hess03-233x350.jpg 233w, https:\/\/micks-touren.de\/wp-content\/uploads\/2017\/05\/hess03-100x150.jpg 100w\" sizes=\"auto, (max-width: 683px) 100vw, 683px\" \/><\/p>\n<p>Dass &#8222;Handwerk&#8220; nicht nur Schmiedekunst, Wollverarbeitung, Schreinerei und \u00e4hnliches bedeuten muss, sieht man gleich in einem der ersten H\u00e4user am Marktplatz: Hier ist auf drei Etagen eine Ausstellung \u00fcber hessische Kamerahersteller zu bestaunen. Ich kenne Leute, die w\u00fcrden hier Stunden verbringen  \ud83d\ude09<\/p>\n<p>Besonders beeindruckt hat mich dieses Monstrum hier:<\/p>\n<p><img loading=\"lazy\" decoding=\"async\" class=\"size-large wp-image-144 aligncenter\" src=\"https:\/\/micks-touren.de\/wp-content\/uploads\/2017\/05\/hess04-1024x683.jpg\" alt=\"\" width=\"900\" height=\"600\" srcset=\"https:\/\/micks-touren.de\/wp-content\/uploads\/2017\/05\/hess04.jpg 1024w, https:\/\/micks-touren.de\/wp-content\/uploads\/2017\/05\/hess04-300x200.jpg 300w, https:\/\/micks-touren.de\/wp-content\/uploads\/2017\/05\/hess04-768x512.jpg 768w, https:\/\/micks-touren.de\/wp-content\/uploads\/2017\/05\/hess04-525x350.jpg 525w, https:\/\/micks-touren.de\/wp-content\/uploads\/2017\/05\/hess04-150x100.jpg 150w\" sizes=\"auto, (max-width: 900px) 100vw, 900px\" \/><\/p>\n<p>Es ist ungef\u00e4hr halb so lang wie ich  \ud83d\ude00<\/p>\n<p>Und jetzt lasse ich einfach mal noch ein paar Bilder sprechen &#8230;<\/p>\n<p><img loading=\"lazy\" decoding=\"async\" class=\"size-large wp-image-145 aligncenter\" src=\"https:\/\/micks-touren.de\/wp-content\/uploads\/2017\/05\/hess05-683x1024.jpg\" alt=\"\" width=\"683\" height=\"1024\" srcset=\"https:\/\/micks-touren.de\/wp-content\/uploads\/2017\/05\/hess05.jpg 683w, https:\/\/micks-touren.de\/wp-content\/uploads\/2017\/05\/hess05-200x300.jpg 200w, https:\/\/micks-touren.de\/wp-content\/uploads\/2017\/05\/hess05-233x350.jpg 233w, https:\/\/micks-touren.de\/wp-content\/uploads\/2017\/05\/hess05-100x150.jpg 100w\" sizes=\"auto, (max-width: 683px) 100vw, 683px\" \/><\/p>\n<p><img loading=\"lazy\" decoding=\"async\" class=\"size-large wp-image-146 aligncenter\" src=\"https:\/\/micks-touren.de\/wp-content\/uploads\/2017\/05\/hess06-1024x683.jpg\" alt=\"\" width=\"900\" height=\"600\" srcset=\"https:\/\/micks-touren.de\/wp-content\/uploads\/2017\/05\/hess06-1024x683.jpg 1024w, https:\/\/micks-touren.de\/wp-content\/uploads\/2017\/05\/hess06-300x200.jpg 300w, https:\/\/micks-touren.de\/wp-content\/uploads\/2017\/05\/hess06-768x512.jpg 768w, https:\/\/micks-touren.de\/wp-content\/uploads\/2017\/05\/hess06-525x350.jpg 525w, https:\/\/micks-touren.de\/wp-content\/uploads\/2017\/05\/hess06-150x100.jpg 150w, https:\/\/micks-touren.de\/wp-content\/uploads\/2017\/05\/hess06.jpg 1072w\" sizes=\"auto, (max-width: 900px) 100vw, 900px\" \/><\/p>\n<p><img loading=\"lazy\" decoding=\"async\" class=\"size-large wp-image-147 aligncenter\" src=\"https:\/\/micks-touren.de\/wp-content\/uploads\/2017\/05\/hess07-1024x683.jpg\" alt=\"\" width=\"900\" height=\"600\" srcset=\"https:\/\/micks-touren.de\/wp-content\/uploads\/2017\/05\/hess07.jpg 1024w, https:\/\/micks-touren.de\/wp-content\/uploads\/2017\/05\/hess07-300x200.jpg 300w, https:\/\/micks-touren.de\/wp-content\/uploads\/2017\/05\/hess07-768x512.jpg 768w, https:\/\/micks-touren.de\/wp-content\/uploads\/2017\/05\/hess07-525x350.jpg 525w, https:\/\/micks-touren.de\/wp-content\/uploads\/2017\/05\/hess07-150x100.jpg 150w\" sizes=\"auto, (max-width: 900px) 100vw, 900px\" \/><\/p>\n<p><img loading=\"lazy\" decoding=\"async\" class=\"size-large wp-image-148 aligncenter\" src=\"https:\/\/micks-touren.de\/wp-content\/uploads\/2017\/05\/hess08-1024x683.jpg\" alt=\"\" width=\"900\" height=\"600\" srcset=\"https:\/\/micks-touren.de\/wp-content\/uploads\/2017\/05\/hess08.jpg 1024w, https:\/\/micks-touren.de\/wp-content\/uploads\/2017\/05\/hess08-300x200.jpg 300w, https:\/\/micks-touren.de\/wp-content\/uploads\/2017\/05\/hess08-768x512.jpg 768w, https:\/\/micks-touren.de\/wp-content\/uploads\/2017\/05\/hess08-525x350.jpg 525w, https:\/\/micks-touren.de\/wp-content\/uploads\/2017\/05\/hess08-150x100.jpg 150w\" sizes=\"auto, (max-width: 900px) 100vw, 900px\" \/><\/p>\n<p>Eine alte Schule<\/p>\n<p><img loading=\"lazy\" decoding=\"async\" class=\"size-large wp-image-149 aligncenter\" src=\"https:\/\/micks-touren.de\/wp-content\/uploads\/2017\/05\/hess09-1024x683.jpg\" alt=\"\" width=\"900\" height=\"600\" srcset=\"https:\/\/micks-touren.de\/wp-content\/uploads\/2017\/05\/hess09.jpg 1024w, https:\/\/micks-touren.de\/wp-content\/uploads\/2017\/05\/hess09-300x200.jpg 300w, https:\/\/micks-touren.de\/wp-content\/uploads\/2017\/05\/hess09-768x512.jpg 768w, https:\/\/micks-touren.de\/wp-content\/uploads\/2017\/05\/hess09-525x350.jpg 525w, https:\/\/micks-touren.de\/wp-content\/uploads\/2017\/05\/hess09-150x100.jpg 150w\" sizes=\"auto, (max-width: 900px) 100vw, 900px\" \/><\/p>\n<p>Eine Schreinerei<\/p>\n<p><img loading=\"lazy\" decoding=\"async\" class=\"size-large wp-image-150 aligncenter\" src=\"https:\/\/micks-touren.de\/wp-content\/uploads\/2017\/05\/hess10-1024x683.jpg\" alt=\"\" width=\"900\" height=\"600\" srcset=\"https:\/\/micks-touren.de\/wp-content\/uploads\/2017\/05\/hess10.jpg 1024w, https:\/\/micks-touren.de\/wp-content\/uploads\/2017\/05\/hess10-300x200.jpg 300w, https:\/\/micks-touren.de\/wp-content\/uploads\/2017\/05\/hess10-768x512.jpg 768w, https:\/\/micks-touren.de\/wp-content\/uploads\/2017\/05\/hess10-525x350.jpg 525w, https:\/\/micks-touren.de\/wp-content\/uploads\/2017\/05\/hess10-150x100.jpg 150w\" sizes=\"auto, (max-width: 900px) 100vw, 900px\" \/><\/p>\n<p>Ein Pechofen<\/p>\n<p>Ganz in der N\u00e4he des Hessenparks ist die Saalburg. Sie wurde im 1. und 2. Jahrhundert von den R\u00f6mern als Kastell erbaut, und zwar direkt am Limes, dem r\u00f6mischen Grenzwall gegen die Germanen.<\/p>\n<p>Im Mittelalter und auch in der Neuzeit wurde das Kastell als Steinbruch verwendet. Erst gegen 1900 wurde dann mit der Restaurierung begonnen. Heute ist die Saalburg das am besten rekonstruierte Kastell am Limes.<\/p>\n<p>Irgendwann in der 6. oder 7. Klasse haben wir mal einen Schulausflug hierher gemacht. Nach fast 40 Jahren wurde es Zeit, dass ich mir das Kastell mal wieder anschaue  \ud83d\ude09<\/p>\n<p>&nbsp;<\/p>\n<p><img loading=\"lazy\" decoding=\"async\" class=\"size-large wp-image-151 aligncenter\" src=\"https:\/\/micks-touren.de\/wp-content\/uploads\/2017\/05\/hess11-1024x683.jpg\" alt=\"\" width=\"900\" height=\"600\" srcset=\"https:\/\/micks-touren.de\/wp-content\/uploads\/2017\/05\/hess11.jpg 1024w, https:\/\/micks-touren.de\/wp-content\/uploads\/2017\/05\/hess11-300x200.jpg 300w, https:\/\/micks-touren.de\/wp-content\/uploads\/2017\/05\/hess11-768x512.jpg 768w, https:\/\/micks-touren.de\/wp-content\/uploads\/2017\/05\/hess11-525x350.jpg 525w, https:\/\/micks-touren.de\/wp-content\/uploads\/2017\/05\/hess11-150x100.jpg 150w\" sizes=\"auto, (max-width: 900px) 100vw, 900px\" \/><\/p>\n<p>Das Haupttor, Porta Praetoria<\/p>\n<p><img loading=\"lazy\" decoding=\"async\" class=\"size-large wp-image-152 aligncenter\" src=\"https:\/\/micks-touren.de\/wp-content\/uploads\/2017\/05\/hess12-1024x683.jpg\" alt=\"\" width=\"900\" height=\"600\" srcset=\"https:\/\/micks-touren.de\/wp-content\/uploads\/2017\/05\/hess12.jpg 1024w, https:\/\/micks-touren.de\/wp-content\/uploads\/2017\/05\/hess12-300x200.jpg 300w, https:\/\/micks-touren.de\/wp-content\/uploads\/2017\/05\/hess12-768x512.jpg 768w, https:\/\/micks-touren.de\/wp-content\/uploads\/2017\/05\/hess12-525x350.jpg 525w, https:\/\/micks-touren.de\/wp-content\/uploads\/2017\/05\/hess12-150x100.jpg 150w\" sizes=\"auto, (max-width: 900px) 100vw, 900px\" \/><\/p>\n<p>Eines der drei Seitentore<\/p>\n<p><img loading=\"lazy\" decoding=\"async\" class=\"size-large wp-image-153 aligncenter\" src=\"https:\/\/micks-touren.de\/wp-content\/uploads\/2017\/05\/hess13-1024x683.jpg\" alt=\"\" width=\"900\" height=\"600\" srcset=\"https:\/\/micks-touren.de\/wp-content\/uploads\/2017\/05\/hess13.jpg 1024w, https:\/\/micks-touren.de\/wp-content\/uploads\/2017\/05\/hess13-300x200.jpg 300w, https:\/\/micks-touren.de\/wp-content\/uploads\/2017\/05\/hess13-768x512.jpg 768w, https:\/\/micks-touren.de\/wp-content\/uploads\/2017\/05\/hess13-525x350.jpg 525w, https:\/\/micks-touren.de\/wp-content\/uploads\/2017\/05\/hess13-150x100.jpg 150w\" sizes=\"auto, (max-width: 900px) 100vw, 900px\" \/><\/p>\n<p>Die Kastellmauer und ich &#8230; der Altersunterschied ist minimal  \ud83d\ude00<\/p>\n<p><img loading=\"lazy\" decoding=\"async\" class=\"size-large wp-image-154 aligncenter\" src=\"https:\/\/micks-touren.de\/wp-content\/uploads\/2017\/05\/hess14-1024x683.jpg\" alt=\"\" width=\"900\" height=\"600\" srcset=\"https:\/\/micks-touren.de\/wp-content\/uploads\/2017\/05\/hess14.jpg 1024w, https:\/\/micks-touren.de\/wp-content\/uploads\/2017\/05\/hess14-300x200.jpg 300w, https:\/\/micks-touren.de\/wp-content\/uploads\/2017\/05\/hess14-768x512.jpg 768w, https:\/\/micks-touren.de\/wp-content\/uploads\/2017\/05\/hess14-525x350.jpg 525w, https:\/\/micks-touren.de\/wp-content\/uploads\/2017\/05\/hess14-150x100.jpg 150w\" sizes=\"auto, (max-width: 900px) 100vw, 900px\" \/><\/p>\n<p>R\u00f6mische Back\u00f6fen &#8211; hier wurde Pizza gemacht &#8230; denke ich mal &#8230;<\/p>\n<p><img loading=\"lazy\" decoding=\"async\" class=\"size-large wp-image-155 aligncenter\" src=\"https:\/\/micks-touren.de\/wp-content\/uploads\/2017\/05\/hess15-1024x683.jpg\" alt=\"\" width=\"900\" height=\"600\" srcset=\"https:\/\/micks-touren.de\/wp-content\/uploads\/2017\/05\/hess15.jpg 1024w, https:\/\/micks-touren.de\/wp-content\/uploads\/2017\/05\/hess15-300x200.jpg 300w, https:\/\/micks-touren.de\/wp-content\/uploads\/2017\/05\/hess15-768x512.jpg 768w, https:\/\/micks-touren.de\/wp-content\/uploads\/2017\/05\/hess15-525x350.jpg 525w, https:\/\/micks-touren.de\/wp-content\/uploads\/2017\/05\/hess15-150x100.jpg 150w\" sizes=\"auto, (max-width: 900px) 100vw, 900px\" \/><\/p>\n<p>Der Hinterausgang<\/p>\n<p><img loading=\"lazy\" decoding=\"async\" class=\"size-large wp-image-156 aligncenter\" src=\"https:\/\/micks-touren.de\/wp-content\/uploads\/2017\/05\/hess16-1024x683.jpg\" alt=\"\" width=\"900\" height=\"600\" srcset=\"https:\/\/micks-touren.de\/wp-content\/uploads\/2017\/05\/hess16.jpg 1024w, https:\/\/micks-touren.de\/wp-content\/uploads\/2017\/05\/hess16-300x200.jpg 300w, https:\/\/micks-touren.de\/wp-content\/uploads\/2017\/05\/hess16-768x512.jpg 768w, https:\/\/micks-touren.de\/wp-content\/uploads\/2017\/05\/hess16-525x350.jpg 525w, https:\/\/micks-touren.de\/wp-content\/uploads\/2017\/05\/hess16-150x100.jpg 150w\" sizes=\"auto, (max-width: 900px) 100vw, 900px\" \/><\/p>\n<p>Das Kastell von au\u00dfen &#8211; mit typischem Graben gegen Angreifer<\/p>\n<\/div>\n<\/div>\n","protected":false},"excerpt":{"rendered":"<p>Ab und zu \u00fcberkommt es mich &#8211; und dann mache ich einen auf Kultur \ud83d\ude09 Da ich nichts Besseres zu tun hatte, bin ich mal zum Hessenpark bei Bad Homburg gefahren, einem riesigen Freilichtmuseum mit Geb\u00e4uden und Geschichte aus 4 Jahrhunderten. In viele H\u00e4user kann man reingehen und diverse Austellungen&#8230;<\/p>\n<p class=\"continue-reading-button\"> <a class=\"continue-reading-link\" href=\"https:\/\/micks-touren.de\/?page_id=159\">Continue reading<i class=\"crycon-right-dir\"><\/i><\/a><\/p>\n","protected":false},"author":1,"featured_media":0,"parent":0,"menu_order":0,"comment_status":"open","ping_status":"closed","template":"","meta":{"footnotes":""},"class_list":["post-159","page","type-page","status-publish","hentry"],"_links":{"self":[{"href":"https:\/\/micks-touren.de\/index.php?rest_route=\/wp\/v2\/pages\/159","targetHints":{"allow":["GET"]}}],"collection":[{"href":"https:\/\/micks-touren.de\/index.php?rest_route=\/wp\/v2\/pages"}],"about":[{"href":"https:\/\/micks-touren.de\/index.php?rest_route=\/wp\/v2\/types\/page"}],"author":[{"embeddable":true,"href":"https:\/\/micks-touren.de\/index.php?rest_route=\/wp\/v2\/users\/1"}],"replies":[{"embeddable":true,"href":"https:\/\/micks-touren.de\/index.php?rest_route=%2Fwp%2Fv2%2Fcomments&post=159"}],"version-history":[{"count":2,"href":"https:\/\/micks-touren.de\/index.php?rest_route=\/wp\/v2\/pages\/159\/revisions"}],"predecessor-version":[{"id":470,"href":"https:\/\/micks-touren.de\/index.php?rest_route=\/wp\/v2\/pages\/159\/revisions\/470"}],"wp:attachment":[{"href":"https:\/\/micks-touren.de\/index.php?rest_route=%2Fwp%2Fv2%2Fmedia&parent=159"}],"curies":[{"name":"wp","href":"https:\/\/api.w.org\/{rel}","templated":true}]}}