{"id":1453,"date":"2025-08-14T20:55:45","date_gmt":"2025-08-14T19:55:45","guid":{"rendered":"https:\/\/micks-touren.de\/?page_id=1453"},"modified":"2025-08-14T20:55:45","modified_gmt":"2025-08-14T19:55:45","slug":"bremen-2025","status":"publish","type":"page","link":"https:\/\/micks-touren.de\/?page_id=1453","title":{"rendered":"Bremen (2025)"},"content":{"rendered":"\n<p>Im April war es wieder soweit: Jahrestreffen meines Vereins, diesmal in Bremen.<\/p>\n\n\n<div class=\"wp-block-image\">\n<figure class=\"aligncenter size-large is-resized\"><img loading=\"lazy\" decoding=\"async\" width=\"1024\" height=\"751\" src=\"https:\/\/micks-touren.de\/wp-content\/uploads\/2025\/06\/Bre-00-1024x751.jpg\" alt=\"\" class=\"wp-image-1444\" style=\"width:840px;height:auto\" srcset=\"https:\/\/micks-touren.de\/wp-content\/uploads\/2025\/06\/Bre-00-1024x751.jpg 1024w, https:\/\/micks-touren.de\/wp-content\/uploads\/2025\/06\/Bre-00-300x220.jpg 300w, https:\/\/micks-touren.de\/wp-content\/uploads\/2025\/06\/Bre-00-768x563.jpg 768w, https:\/\/micks-touren.de\/wp-content\/uploads\/2025\/06\/Bre-00-150x110.jpg 150w, https:\/\/micks-touren.de\/wp-content\/uploads\/2025\/06\/Bre-00.jpg 1200w\" sizes=\"auto, (max-width: 1024px) 100vw, 1024px\" \/><\/figure><\/div>\n\n\n<p>Viele Unternehmungen fanden in der Altstadt statt, ich hatte mit Freunden eine Wohnung s\u00fcdlich davon in der Neustadt gebucht, aber dank dem guten Bus- und Stra\u00dfenbahnnetz kam man sehr schnell \u00fcberall hin.<\/p>\n\n\n\n<p>Nat\u00fcrlich gab es jeden Abend treffen in verschiedenen Restaurants und Bars. Viele davon befanden sich am Ufer der Weser in der &#8222;Schlachte&#8220;, die besonders abends bunt beleuchtet ist:<\/p>\n\n\n\n<figure class=\"wp-block-gallery has-nested-images columns-default is-cropped wp-block-gallery-1 is-layout-flex wp-block-gallery-is-layout-flex\"><div class=\"wp-block-image\">\n<figure class=\"aligncenter size-large\"><img loading=\"lazy\" decoding=\"async\" width=\"1024\" height=\"768\" data-id=\"1445\" src=\"https:\/\/micks-touren.de\/wp-content\/uploads\/2025\/06\/Bre-01-1024x768.jpg\" alt=\"\" class=\"wp-image-1445\" srcset=\"https:\/\/micks-touren.de\/wp-content\/uploads\/2025\/06\/Bre-01-1024x768.jpg 1024w, https:\/\/micks-touren.de\/wp-content\/uploads\/2025\/06\/Bre-01-300x225.jpg 300w, https:\/\/micks-touren.de\/wp-content\/uploads\/2025\/06\/Bre-01-768x576.jpg 768w, https:\/\/micks-touren.de\/wp-content\/uploads\/2025\/06\/Bre-01-150x113.jpg 150w, https:\/\/micks-touren.de\/wp-content\/uploads\/2025\/06\/Bre-01.jpg 1200w\" sizes=\"auto, (max-width: 1024px) 100vw, 1024px\" \/><\/figure><\/div>\n\n\n<figure class=\"wp-block-image size-large\"><img loading=\"lazy\" decoding=\"async\" width=\"1024\" height=\"768\" data-id=\"1446\" src=\"https:\/\/micks-touren.de\/wp-content\/uploads\/2025\/06\/Bre-02-1024x768.jpg\" alt=\"\" class=\"wp-image-1446\" srcset=\"https:\/\/micks-touren.de\/wp-content\/uploads\/2025\/06\/Bre-02-1024x768.jpg 1024w, https:\/\/micks-touren.de\/wp-content\/uploads\/2025\/06\/Bre-02-300x225.jpg 300w, https:\/\/micks-touren.de\/wp-content\/uploads\/2025\/06\/Bre-02-768x576.jpg 768w, https:\/\/micks-touren.de\/wp-content\/uploads\/2025\/06\/Bre-02-150x113.jpg 150w, https:\/\/micks-touren.de\/wp-content\/uploads\/2025\/06\/Bre-02.jpg 1200w\" sizes=\"auto, (max-width: 1024px) 100vw, 1024px\" \/><\/figure>\n<\/figure>\n\n\n\n<p>So wie letztes Jahr konnte man sich im Vorfeld interessante Vortr\u00e4ge, Exkursionen, Escape rooms und vieles mehr aussuchen und mit unterschiedlichen Priorit\u00e4ten angeben. An einem Stichtag wurde dann ein Algorithmus \u00fcber alle W\u00fcnsche gejagt &#8211; und dann konnte man gespannt sein, was man bekommt. Leider war bei meinen W\u00fcnschen nichts mit Priorit\u00e4t 1 dabei, zum Beispiel w\u00e4re ich gerne zur Weltraumsparte von Airbus gegangen. Tja &#8230; Deshalb besuchte ich am n\u00e4chsten Tag das Weser-Stadion von Werder Bremen.  Aber auch das war interessant, wir durften alles besichtigen: Die Kabine der Gastmannschaften (Holzklasse, es sah fast aus wie in der Schulturnhalle), Presseraum und Interviewzone, die Spielzone, einige Logen &#8230; alles garniert mit vielen interessanten Fakten.<\/p>\n\n\n\n<figure class=\"wp-block-gallery has-nested-images columns-default is-cropped wp-block-gallery-2 is-layout-flex wp-block-gallery-is-layout-flex\"><div class=\"wp-block-image\">\n<figure class=\"aligncenter size-large\"><img loading=\"lazy\" decoding=\"async\" width=\"1024\" height=\"768\" data-id=\"1447\" src=\"https:\/\/micks-touren.de\/wp-content\/uploads\/2025\/06\/Bre-03-1024x768.jpg\" alt=\"\" class=\"wp-image-1447\" srcset=\"https:\/\/micks-touren.de\/wp-content\/uploads\/2025\/06\/Bre-03-1024x768.jpg 1024w, https:\/\/micks-touren.de\/wp-content\/uploads\/2025\/06\/Bre-03-300x225.jpg 300w, https:\/\/micks-touren.de\/wp-content\/uploads\/2025\/06\/Bre-03-768x576.jpg 768w, https:\/\/micks-touren.de\/wp-content\/uploads\/2025\/06\/Bre-03-150x113.jpg 150w, https:\/\/micks-touren.de\/wp-content\/uploads\/2025\/06\/Bre-03.jpg 1200w\" sizes=\"auto, (max-width: 1024px) 100vw, 1024px\" \/><\/figure><\/div>\n\n<div class=\"wp-block-image\">\n<figure class=\"aligncenter size-large\"><img loading=\"lazy\" decoding=\"async\" width=\"1024\" height=\"768\" data-id=\"1448\" src=\"https:\/\/micks-touren.de\/wp-content\/uploads\/2025\/06\/Bre-04-1024x768.jpg\" alt=\"\" class=\"wp-image-1448\" srcset=\"https:\/\/micks-touren.de\/wp-content\/uploads\/2025\/06\/Bre-04-1024x768.jpg 1024w, https:\/\/micks-touren.de\/wp-content\/uploads\/2025\/06\/Bre-04-300x225.jpg 300w, https:\/\/micks-touren.de\/wp-content\/uploads\/2025\/06\/Bre-04-768x576.jpg 768w, https:\/\/micks-touren.de\/wp-content\/uploads\/2025\/06\/Bre-04-150x113.jpg 150w, https:\/\/micks-touren.de\/wp-content\/uploads\/2025\/06\/Bre-04.jpg 1200w\" sizes=\"auto, (max-width: 1024px) 100vw, 1024px\" \/><\/figure><\/div><\/figure>\n\n\n\n<p>Am n\u00e4chsten Tag gab es eine F\u00fchrung durch die Bremer Unterwelten, also Luftschutzbunker aus dem 2. Weltkrieg. Es gibt jede Menge davon, nur ganz wenige sind zur Besichtigung freigegeben &#8211; und keiner wei\u00df, ob wirklich schon alle gefunden wurden \ud83d\ude09  <\/p>\n\n\n\n<p>Der Beginn der Tour begann hier am &#8222;Elefanten&#8220;. Darunter befindet sich ein Raum, der an die Gefallenen im ersten Weltkrieg erinnern sollte.<\/p>\n\n\n\n<figure class=\"wp-block-gallery has-nested-images columns-default is-cropped wp-block-gallery-3 is-layout-flex wp-block-gallery-is-layout-flex\"><div class=\"wp-block-image\">\n<figure class=\"aligncenter size-large\"><img loading=\"lazy\" decoding=\"async\" width=\"1024\" height=\"768\" data-id=\"1449\" src=\"https:\/\/micks-touren.de\/wp-content\/uploads\/2025\/06\/Bre-05-1024x768.jpg\" alt=\"\" class=\"wp-image-1449\" srcset=\"https:\/\/micks-touren.de\/wp-content\/uploads\/2025\/06\/Bre-05-1024x768.jpg 1024w, https:\/\/micks-touren.de\/wp-content\/uploads\/2025\/06\/Bre-05-300x225.jpg 300w, https:\/\/micks-touren.de\/wp-content\/uploads\/2025\/06\/Bre-05-768x576.jpg 768w, https:\/\/micks-touren.de\/wp-content\/uploads\/2025\/06\/Bre-05-150x113.jpg 150w, https:\/\/micks-touren.de\/wp-content\/uploads\/2025\/06\/Bre-05.jpg 1200w\" sizes=\"auto, (max-width: 1024px) 100vw, 1024px\" \/><\/figure><\/div>\n\n<div class=\"wp-block-image\">\n<figure class=\"aligncenter size-large\"><img loading=\"lazy\" decoding=\"async\" width=\"1024\" height=\"768\" data-id=\"1450\" src=\"https:\/\/micks-touren.de\/wp-content\/uploads\/2025\/06\/Bre-06-1024x768.jpg\" alt=\"\" class=\"wp-image-1450\" srcset=\"https:\/\/micks-touren.de\/wp-content\/uploads\/2025\/06\/Bre-06-1024x768.jpg 1024w, https:\/\/micks-touren.de\/wp-content\/uploads\/2025\/06\/Bre-06-300x225.jpg 300w, https:\/\/micks-touren.de\/wp-content\/uploads\/2025\/06\/Bre-06-768x576.jpg 768w, https:\/\/micks-touren.de\/wp-content\/uploads\/2025\/06\/Bre-06-150x113.jpg 150w, https:\/\/micks-touren.de\/wp-content\/uploads\/2025\/06\/Bre-06.jpg 1200w\" sizes=\"auto, (max-width: 1024px) 100vw, 1024px\" \/><\/figure><\/div><\/figure>\n\n\n\n<p>Direkt am Hauptbahnhof gab es ebenfalls einen Luftschutzbunker mit Lagerr\u00e4umen, Parkpl\u00e4tzen, Arztzimmern &#8211; und einer Klappe, die mitten auf dem Bahnhofsvorplatz wieder ins Freie f\u00fchrte. <\/p>\n\n\n<div class=\"wp-block-image\">\n<figure class=\"aligncenter size-large\"><img loading=\"lazy\" decoding=\"async\" width=\"768\" height=\"1024\" src=\"https:\/\/micks-touren.de\/wp-content\/uploads\/2025\/06\/Bre-07-768x1024.jpg\" alt=\"\" class=\"wp-image-1451\" srcset=\"https:\/\/micks-touren.de\/wp-content\/uploads\/2025\/06\/Bre-07-768x1024.jpg 768w, https:\/\/micks-touren.de\/wp-content\/uploads\/2025\/06\/Bre-07-225x300.jpg 225w, https:\/\/micks-touren.de\/wp-content\/uploads\/2025\/06\/Bre-07-113x150.jpg 113w, https:\/\/micks-touren.de\/wp-content\/uploads\/2025\/06\/Bre-07.jpg 900w\" sizes=\"auto, (max-width: 768px) 100vw, 768px\" \/><figcaption class=\"wp-element-caption\">Auch eine M\u00fchle konnte man sehen.<\/figcaption><\/figure><\/div>\n\n\n<p>Was w\u00e4re ein Besuch in Bremen ohne die bekannten Touristen-Highlights: <\/p>\n\n\n<div class=\"wp-block-image\">\n<figure class=\"aligncenter size-large\"><img loading=\"lazy\" decoding=\"async\" width=\"768\" height=\"1024\" src=\"https:\/\/micks-touren.de\/wp-content\/uploads\/2025\/06\/Bre-08-768x1024.jpg\" alt=\"\" class=\"wp-image-1452\" srcset=\"https:\/\/micks-touren.de\/wp-content\/uploads\/2025\/06\/Bre-08-768x1024.jpg 768w, https:\/\/micks-touren.de\/wp-content\/uploads\/2025\/06\/Bre-08-225x300.jpg 225w, https:\/\/micks-touren.de\/wp-content\/uploads\/2025\/06\/Bre-08-113x150.jpg 113w, https:\/\/micks-touren.de\/wp-content\/uploads\/2025\/06\/Bre-08.jpg 900w\" sizes=\"auto, (max-width: 768px) 100vw, 768px\" \/><figcaption class=\"wp-element-caption\">Die Bremer Stadtmusikanten. Laut einer Legende muss man beide Beine des Esels ber\u00fchren, damit man Gl\u00fcck hat. Was aber nicht jeder wusste &#8230;<\/figcaption><\/figure><\/div>\n\n<div class=\"wp-block-image\">\n<figure class=\"aligncenter size-large\"><img loading=\"lazy\" decoding=\"async\" width=\"768\" height=\"1024\" src=\"https:\/\/micks-touren.de\/wp-content\/uploads\/2025\/06\/Bre-09-768x1024.jpg\" alt=\"\" class=\"wp-image-1443\" srcset=\"https:\/\/micks-touren.de\/wp-content\/uploads\/2025\/06\/Bre-09-768x1024.jpg 768w, https:\/\/micks-touren.de\/wp-content\/uploads\/2025\/06\/Bre-09-225x300.jpg 225w, https:\/\/micks-touren.de\/wp-content\/uploads\/2025\/06\/Bre-09-113x150.jpg 113w, https:\/\/micks-touren.de\/wp-content\/uploads\/2025\/06\/Bre-09.jpg 900w\" sizes=\"auto, (max-width: 768px) 100vw, 768px\" \/><figcaption class=\"wp-element-caption\">Roland, auf dem Marktplatz vor dem Rathaus.<\/figcaption><\/figure><\/div>\n\n\n<p>Wenn man schon in der Altstadt ist, sollte man sich den Dom nicht entgehen lassen. Direkt nebenan gibt es dann noch den Bibelgarten, den man ebenfalls besichtigen kann:<\/p>\n\n\n\n<figure class=\"wp-block-gallery has-nested-images columns-default is-cropped wp-block-gallery-4 is-layout-flex wp-block-gallery-is-layout-flex\"><div class=\"wp-block-image\">\n<figure class=\"aligncenter size-large\"><img loading=\"lazy\" decoding=\"async\" width=\"1024\" height=\"768\" data-id=\"1455\" src=\"https:\/\/micks-touren.de\/wp-content\/uploads\/2025\/06\/Bre-10-1024x768.jpg\" alt=\"\" class=\"wp-image-1455\" srcset=\"https:\/\/micks-touren.de\/wp-content\/uploads\/2025\/06\/Bre-10-1024x768.jpg 1024w, https:\/\/micks-touren.de\/wp-content\/uploads\/2025\/06\/Bre-10-300x225.jpg 300w, https:\/\/micks-touren.de\/wp-content\/uploads\/2025\/06\/Bre-10-768x576.jpg 768w, https:\/\/micks-touren.de\/wp-content\/uploads\/2025\/06\/Bre-10-150x113.jpg 150w, https:\/\/micks-touren.de\/wp-content\/uploads\/2025\/06\/Bre-10.jpg 1200w\" sizes=\"auto, (max-width: 1024px) 100vw, 1024px\" \/><\/figure><\/div>\n\n\n<figure class=\"wp-block-image size-large\"><img loading=\"lazy\" decoding=\"async\" width=\"768\" height=\"1024\" data-id=\"1459\" src=\"https:\/\/micks-touren.de\/wp-content\/uploads\/2025\/06\/Bre-11-768x1024.jpg\" alt=\"\" class=\"wp-image-1459\" srcset=\"https:\/\/micks-touren.de\/wp-content\/uploads\/2025\/06\/Bre-11-768x1024.jpg 768w, https:\/\/micks-touren.de\/wp-content\/uploads\/2025\/06\/Bre-11-225x300.jpg 225w, https:\/\/micks-touren.de\/wp-content\/uploads\/2025\/06\/Bre-11-113x150.jpg 113w, https:\/\/micks-touren.de\/wp-content\/uploads\/2025\/06\/Bre-11.jpg 900w\" sizes=\"auto, (max-width: 768px) 100vw, 768px\" \/><\/figure>\n\n\n\n<figure class=\"wp-block-image size-large\"><img loading=\"lazy\" decoding=\"async\" width=\"1024\" height=\"768\" data-id=\"1457\" src=\"https:\/\/micks-touren.de\/wp-content\/uploads\/2025\/06\/Bre-12-1024x768.jpg\" alt=\"\" class=\"wp-image-1457\" srcset=\"https:\/\/micks-touren.de\/wp-content\/uploads\/2025\/06\/Bre-12-1024x768.jpg 1024w, https:\/\/micks-touren.de\/wp-content\/uploads\/2025\/06\/Bre-12-300x225.jpg 300w, https:\/\/micks-touren.de\/wp-content\/uploads\/2025\/06\/Bre-12-768x576.jpg 768w, https:\/\/micks-touren.de\/wp-content\/uploads\/2025\/06\/Bre-12-150x113.jpg 150w, https:\/\/micks-touren.de\/wp-content\/uploads\/2025\/06\/Bre-12.jpg 1200w\" sizes=\"auto, (max-width: 1024px) 100vw, 1024px\" \/><\/figure>\n<\/figure>\n\n\n\n<p>Ganz in der N\u00e4he gibt es die B\u00f6ttchergasse mit jeder Menge kleiner L\u00e4den und Handwerksbetrieben.<\/p>\n\n\n\n<figure class=\"wp-block-gallery has-nested-images columns-default is-cropped wp-block-gallery-5 is-layout-flex wp-block-gallery-is-layout-flex\">\n<figure class=\"wp-block-image size-large\"><img loading=\"lazy\" decoding=\"async\" width=\"768\" height=\"1024\" data-id=\"1462\" src=\"https:\/\/micks-touren.de\/wp-content\/uploads\/2025\/08\/Bre-13-768x1024.jpg\" alt=\"\" class=\"wp-image-1462\" srcset=\"https:\/\/micks-touren.de\/wp-content\/uploads\/2025\/08\/Bre-13-768x1024.jpg 768w, https:\/\/micks-touren.de\/wp-content\/uploads\/2025\/08\/Bre-13-225x300.jpg 225w, https:\/\/micks-touren.de\/wp-content\/uploads\/2025\/08\/Bre-13-113x150.jpg 113w, https:\/\/micks-touren.de\/wp-content\/uploads\/2025\/08\/Bre-13.jpg 900w\" sizes=\"auto, (max-width: 768px) 100vw, 768px\" \/><\/figure>\n\n\n\n<figure class=\"wp-block-image size-large\"><img loading=\"lazy\" decoding=\"async\" width=\"1024\" height=\"768\" data-id=\"1463\" src=\"https:\/\/micks-touren.de\/wp-content\/uploads\/2025\/08\/Bre-14-1024x768.jpg\" alt=\"\" class=\"wp-image-1463\" srcset=\"https:\/\/micks-touren.de\/wp-content\/uploads\/2025\/08\/Bre-14-1024x768.jpg 1024w, https:\/\/micks-touren.de\/wp-content\/uploads\/2025\/08\/Bre-14-300x225.jpg 300w, https:\/\/micks-touren.de\/wp-content\/uploads\/2025\/08\/Bre-14-768x576.jpg 768w, https:\/\/micks-touren.de\/wp-content\/uploads\/2025\/08\/Bre-14-150x113.jpg 150w, https:\/\/micks-touren.de\/wp-content\/uploads\/2025\/08\/Bre-14.jpg 1200w\" sizes=\"auto, (max-width: 1024px) 100vw, 1024px\" \/><\/figure>\n<\/figure>\n\n\n\n<p>Ebenfalls nicht weit weg ist das Viertel &#8222;Schnoor&#8220;: viele kleine L\u00e4den, Restaurants, winzige G\u00e4sschen und Tausende von Touristen, die sich durch die Gassen quetschen. Trotzdem ist es einen Besuch wert. Dort findet man auch das wohl kleinste Hotel Deutschlands, das &#8222;Hochzeitshaus&#8220; (f\u00fcr maximal 2 Personen) und eine winzige Ferienwohnung mit 4,5 Quadratmetern, aber immerhin einer Dachterrasse.<\/p>\n\n\n\n<figure class=\"wp-block-gallery has-nested-images columns-default is-cropped wp-block-gallery-6 is-layout-flex wp-block-gallery-is-layout-flex\">\n<figure class=\"wp-block-image size-large\"><img loading=\"lazy\" decoding=\"async\" width=\"1024\" height=\"768\" data-id=\"1468\" src=\"https:\/\/micks-touren.de\/wp-content\/uploads\/2025\/08\/Bre-17-1024x768.jpg\" alt=\"\" class=\"wp-image-1468\" srcset=\"https:\/\/micks-touren.de\/wp-content\/uploads\/2025\/08\/Bre-17-1024x768.jpg 1024w, https:\/\/micks-touren.de\/wp-content\/uploads\/2025\/08\/Bre-17-300x225.jpg 300w, https:\/\/micks-touren.de\/wp-content\/uploads\/2025\/08\/Bre-17-768x576.jpg 768w, https:\/\/micks-touren.de\/wp-content\/uploads\/2025\/08\/Bre-17-150x113.jpg 150w, https:\/\/micks-touren.de\/wp-content\/uploads\/2025\/08\/Bre-17.jpg 1200w\" sizes=\"auto, (max-width: 1024px) 100vw, 1024px\" \/><figcaption class=\"wp-element-caption\">Schnoor<\/figcaption><\/figure>\n\n\n\n<figure class=\"wp-block-image size-large\"><img loading=\"lazy\" decoding=\"async\" width=\"768\" height=\"1024\" data-id=\"1467\" src=\"https:\/\/micks-touren.de\/wp-content\/uploads\/2025\/08\/Bre-16-768x1024.jpg\" alt=\"\" class=\"wp-image-1467\" srcset=\"https:\/\/micks-touren.de\/wp-content\/uploads\/2025\/08\/Bre-16-768x1024.jpg 768w, https:\/\/micks-touren.de\/wp-content\/uploads\/2025\/08\/Bre-16-225x300.jpg 225w, https:\/\/micks-touren.de\/wp-content\/uploads\/2025\/08\/Bre-16-113x150.jpg 113w, https:\/\/micks-touren.de\/wp-content\/uploads\/2025\/08\/Bre-16-rotated.jpg 900w\" sizes=\"auto, (max-width: 768px) 100vw, 768px\" \/><figcaption class=\"wp-element-caption\">Immer noch Schnoor<\/figcaption><\/figure>\n\n\n\n<figure class=\"wp-block-image size-large\"><img loading=\"lazy\" decoding=\"async\" width=\"768\" height=\"1024\" data-id=\"1466\" src=\"https:\/\/micks-touren.de\/wp-content\/uploads\/2025\/08\/Bre-15-768x1024.jpg\" alt=\"\" class=\"wp-image-1466\" srcset=\"https:\/\/micks-touren.de\/wp-content\/uploads\/2025\/08\/Bre-15-768x1024.jpg 768w, https:\/\/micks-touren.de\/wp-content\/uploads\/2025\/08\/Bre-15-225x300.jpg 225w, https:\/\/micks-touren.de\/wp-content\/uploads\/2025\/08\/Bre-15-113x150.jpg 113w, https:\/\/micks-touren.de\/wp-content\/uploads\/2025\/08\/Bre-15-rotated.jpg 900w\" sizes=\"auto, (max-width: 768px) 100vw, 768px\" \/><figcaption class=\"wp-element-caption\">Es gab noch engere Gassen<\/figcaption><\/figure>\n\n\n\n<figure class=\"wp-block-image size-large\"><img loading=\"lazy\" decoding=\"async\" width=\"1024\" height=\"768\" data-id=\"1465\" src=\"https:\/\/micks-touren.de\/wp-content\/uploads\/2025\/08\/Bre-18-1024x768.jpg\" alt=\"\" class=\"wp-image-1465\" srcset=\"https:\/\/micks-touren.de\/wp-content\/uploads\/2025\/08\/Bre-18-1024x768.jpg 1024w, https:\/\/micks-touren.de\/wp-content\/uploads\/2025\/08\/Bre-18-300x225.jpg 300w, https:\/\/micks-touren.de\/wp-content\/uploads\/2025\/08\/Bre-18-768x576.jpg 768w, https:\/\/micks-touren.de\/wp-content\/uploads\/2025\/08\/Bre-18-150x113.jpg 150w, https:\/\/micks-touren.de\/wp-content\/uploads\/2025\/08\/Bre-18.jpg 1200w\" sizes=\"auto, (max-width: 1024px) 100vw, 1024px\" \/><figcaption class=\"wp-element-caption\">Das kleinste Haus Deutschlands<\/figcaption><\/figure>\n<\/figure>\n\n\n\n<p>Fazit: Bremen ist durchaus einen Besuch wert. Gerade in der Innenstadt gibt es viel zu sehen. Falls Ihr dann in die Schnoor gehen solltet: Besucht die Bremer Bonbonmanufaktur. Hier k\u00f6nnt Ihr live miterleben, wie Bonbons, Lutscher usw. per Hand hergestellt werden.<\/p>\n","protected":false},"excerpt":{"rendered":"<p>Im April war es wieder soweit: Jahrestreffen meines Vereins, diesmal in Bremen. Viele Unternehmungen fanden in der Altstadt statt, ich hatte mit Freunden eine Wohnung s\u00fcdlich davon in der Neustadt gebucht, aber dank dem guten Bus- und Stra\u00dfenbahnnetz kam man sehr schnell \u00fcberall hin. Nat\u00fcrlich gab es jeden Abend treffen&#8230;<\/p>\n<p class=\"continue-reading-button\"> <a class=\"continue-reading-link\" href=\"https:\/\/micks-touren.de\/?page_id=1453\">Continue reading<i class=\"crycon-right-dir\"><\/i><\/a><\/p>\n","protected":false},"author":1,"featured_media":0,"parent":0,"menu_order":0,"comment_status":"closed","ping_status":"closed","template":"","meta":{"footnotes":""},"class_list":["post-1453","page","type-page","status-publish","hentry"],"_links":{"self":[{"href":"https:\/\/micks-touren.de\/index.php?rest_route=\/wp\/v2\/pages\/1453","targetHints":{"allow":["GET"]}}],"collection":[{"href":"https:\/\/micks-touren.de\/index.php?rest_route=\/wp\/v2\/pages"}],"about":[{"href":"https:\/\/micks-touren.de\/index.php?rest_route=\/wp\/v2\/types\/page"}],"author":[{"embeddable":true,"href":"https:\/\/micks-touren.de\/index.php?rest_route=\/wp\/v2\/users\/1"}],"replies":[{"embeddable":true,"href":"https:\/\/micks-touren.de\/index.php?rest_route=%2Fwp%2Fv2%2Fcomments&post=1453"}],"version-history":[{"count":6,"href":"https:\/\/micks-touren.de\/index.php?rest_route=\/wp\/v2\/pages\/1453\/revisions"}],"predecessor-version":[{"id":1470,"href":"https:\/\/micks-touren.de\/index.php?rest_route=\/wp\/v2\/pages\/1453\/revisions\/1470"}],"wp:attachment":[{"href":"https:\/\/micks-touren.de\/index.php?rest_route=%2Fwp%2Fv2%2Fmedia&parent=1453"}],"curies":[{"name":"wp","href":"https:\/\/api.w.org\/{rel}","templated":true}]}}