{"id":1401,"date":"2024-08-18T20:27:14","date_gmt":"2024-08-18T19:27:14","guid":{"rendered":"https:\/\/micks-touren.de\/?page_id=1401"},"modified":"2024-08-20T06:32:43","modified_gmt":"2024-08-20T05:32:43","slug":"bukarest-2024","status":"publish","type":"page","link":"https:\/\/micks-touren.de\/?page_id=1401","title":{"rendered":"Bukarest (2024)"},"content":{"rendered":"<p>Es war wieder soweit: das europ\u00e4ische Mensa-Treffen (EMAG) 2024, diesmal in der rum\u00e4nischen Hauptstadt Bukarest.<\/p>\n<p>Bukarest war ja lange Zeit unter der Fuchtel der Kommunisten. Und das kann man heute noch \u00fcberall sehen: Viele H\u00e4user sind heruntergekommen und sehen aus wie ein sozialistischer Einheitsbrei. Geht man in eine parallele Seitenstrasse, findet man pl\u00f6tzlich Villen, die vor dem 2. Weltkrieg gebaut wurden.<\/p>\n<p>Zur\u00fcck zum Aufenthalt: Mit einem gro\u00dfen Teil meiner WG aus <a href=\"https:\/\/micks-touren.de\/?page_id=1338\" target=\"_blank\" rel=\"noopener\">Rotterdam<\/a> war ich in einem sehr zentral gelegenen Apartment untergebracht und hatte einen tollen Ausblick auf eine der gr\u00f6\u00dferen Stra\u00dfen in Bukarest:<\/p>\n\n<div class=\"wp-block-image\">\n<figure class=\"aligncenter size-full is-resized\"><img loading=\"lazy\" decoding=\"async\" width=\"750\" height=\"1000\" src=\"https:\/\/micks-touren.de\/wp-content\/uploads\/2024\/08\/Buk-01-1.jpg\" alt=\"\" class=\"wp-image-1403\" style=\"width:563px;height:auto\" srcset=\"https:\/\/micks-touren.de\/wp-content\/uploads\/2024\/08\/Buk-01-1.jpg 750w, https:\/\/micks-touren.de\/wp-content\/uploads\/2024\/08\/Buk-01-1-225x300.jpg 225w, https:\/\/micks-touren.de\/wp-content\/uploads\/2024\/08\/Buk-01-1-113x150.jpg 113w\" sizes=\"auto, (max-width: 750px) 100vw, 750px\" \/><figcaption class=\"wp-element-caption\"><strong>An den Wochenenden werden Teile der Stra\u00dfen gesperrt und so zu gro\u00dfen Fu\u00dfg\u00e4ngerzonen.<\/strong><\/figcaption><\/figure><\/div>\n\n\n<p>Neben vielen Aktivit\u00e4ten stand nat\u00fcrlich haupts\u00e4chlich das Miteinander auf dem Programm. Da ich und einige Freunde schon montags anreisten, das Treffen aber erst Mittwochabend begann, sind wir am ersten Tag zur <a href=\"https:\/\/therme.ro\" target=\"_blank\" rel=\"noreferrer noopener\">Therme Bucuresti<\/a> gefahren. Und was soll ich sagen: wir waren so begeistert, dass wir den n\u00e4chsten Tag auch dort verbrachten \ud83d\ude09<\/p>\n\n\n<div class=\"wp-block-image\">\n<figure class=\"aligncenter size-full\"><img loading=\"lazy\" decoding=\"async\" width=\"800\" height=\"600\" src=\"https:\/\/micks-touren.de\/wp-content\/uploads\/2024\/08\/Buk-02.jpg\" alt=\"\" class=\"wp-image-1404\" srcset=\"https:\/\/micks-touren.de\/wp-content\/uploads\/2024\/08\/Buk-02.jpg 800w, https:\/\/micks-touren.de\/wp-content\/uploads\/2024\/08\/Buk-02-300x225.jpg 300w, https:\/\/micks-touren.de\/wp-content\/uploads\/2024\/08\/Buk-02-768x576.jpg 768w, https:\/\/micks-touren.de\/wp-content\/uploads\/2024\/08\/Buk-02-150x113.jpg 150w\" sizes=\"auto, (max-width: 800px) 100vw, 800px\" \/><\/figure><\/div>\n\n<div class=\"wp-block-image\">\n<figure class=\"aligncenter size-full\"><img loading=\"lazy\" decoding=\"async\" width=\"800\" height=\"600\" src=\"https:\/\/micks-touren.de\/wp-content\/uploads\/2024\/08\/Buk-03.jpg\" alt=\"\" class=\"wp-image-1405\" srcset=\"https:\/\/micks-touren.de\/wp-content\/uploads\/2024\/08\/Buk-03.jpg 800w, https:\/\/micks-touren.de\/wp-content\/uploads\/2024\/08\/Buk-03-300x225.jpg 300w, https:\/\/micks-touren.de\/wp-content\/uploads\/2024\/08\/Buk-03-768x576.jpg 768w, https:\/\/micks-touren.de\/wp-content\/uploads\/2024\/08\/Buk-03-150x113.jpg 150w\" sizes=\"auto, (max-width: 800px) 100vw, 800px\" \/><figcaption class=\"wp-element-caption\"><strong>Nur ein ganz kleiner Teil der Therme: The Palm<\/strong><\/figcaption><\/figure><\/div>\n\n\n<p>Ganz in der N\u00e4he unserer Unterkunft lag das Altstadtviertel mit zig Restaurants, Kneipen usw. Und was soll ich sagen: das rum\u00e4nische Essen ist lecker. Besonders eine rum\u00e4nische Spezialit\u00e4t namens Papanasi war richtig gut &#8211; und reicht vollkommen als Abendessen.<\/p>\n\n\n<div class=\"wp-block-image\">\n<figure class=\"aligncenter size-full\"><img loading=\"lazy\" decoding=\"async\" width=\"600\" height=\"800\" src=\"https:\/\/micks-touren.de\/wp-content\/uploads\/2024\/08\/Buk-04-rotated.jpg\" alt=\"\" class=\"wp-image-1406\" srcset=\"https:\/\/micks-touren.de\/wp-content\/uploads\/2024\/08\/Buk-04-rotated.jpg 600w, https:\/\/micks-touren.de\/wp-content\/uploads\/2024\/08\/Buk-04-225x300.jpg 225w, https:\/\/micks-touren.de\/wp-content\/uploads\/2024\/08\/Buk-04-113x150.jpg 113w\" sizes=\"auto, (max-width: 600px) 100vw, 600px\" \/><figcaption class=\"wp-element-caption\"><strong>Fleischb\u00e4llchen mit Pommes. Wir waren erst zu sechst in einem Hinterhof-Restaurant, dann kamen immer mehr Teilnehmer der Treffens &#8211; am Schluss besetzten wir das Restaurant fast alleine  \ud83d\ude09<\/strong><\/figcaption><\/figure><\/div>\n\n<div class=\"wp-block-image\">\n<figure class=\"aligncenter size-full\"><img loading=\"lazy\" decoding=\"async\" width=\"600\" height=\"800\" src=\"https:\/\/micks-touren.de\/wp-content\/uploads\/2024\/08\/Buk-05-rotated.jpg\" alt=\"\" class=\"wp-image-1407\" srcset=\"https:\/\/micks-touren.de\/wp-content\/uploads\/2024\/08\/Buk-05-rotated.jpg 600w, https:\/\/micks-touren.de\/wp-content\/uploads\/2024\/08\/Buk-05-225x300.jpg 225w, https:\/\/micks-touren.de\/wp-content\/uploads\/2024\/08\/Buk-05-113x150.jpg 113w\" sizes=\"auto, (max-width: 600px) 100vw, 600px\" \/><figcaption class=\"wp-element-caption\"><strong>Papanasi, eine S\u00fc\u00dfspeise aus einer Art Berliner-Teig mit Joghurt und Fr\u00fcchten.<\/strong><\/figcaption><\/figure><\/div>\n\n\n<p>Ein Wort zum Klima: Ende Juli hatten wir generell Temperaturen von 35-40\u00b0C ! Das h\u00f6rt sich jetzt aber schlimmer an, als es sich angef\u00fchlt hat. Ja, alle paar Minuten wurde eine Wasserflasche aus der Tasche geholt und ein Schluck getrunken, aber da es sich um eine recht trockene Hitze handelte, kam man kaum ins Schwitzen. <\/p>\n\n\n\n<p>Es gab einige F\u00fchrungen durch die Stadt und dadurch konnte man viel sehen. Ganz in der N\u00e4he war zum Beispiel das ehemalige Finanzviertel mit sehr beeindruckenden Geb\u00e4uden. Aber auch sonst stolperte man dauernd \u00fcber Sehenswertes:<\/p>\n\n\n\n<div style=\"height:35px\" aria-hidden=\"true\" class=\"wp-block-spacer\"><\/div>\n\n\n\n<figure class=\"wp-block-gallery aligncenter has-nested-images columns-1 is-cropped wp-block-gallery-1 is-layout-flex wp-block-gallery-is-layout-flex\">\n<figure class=\"wp-block-image size-full\"><img loading=\"lazy\" decoding=\"async\" width=\"800\" height=\"600\" data-id=\"1412\" src=\"https:\/\/micks-touren.de\/wp-content\/uploads\/2024\/08\/Buk-14.jpg\" alt=\"\" class=\"wp-image-1412\" srcset=\"https:\/\/micks-touren.de\/wp-content\/uploads\/2024\/08\/Buk-14.jpg 800w, https:\/\/micks-touren.de\/wp-content\/uploads\/2024\/08\/Buk-14-300x225.jpg 300w, https:\/\/micks-touren.de\/wp-content\/uploads\/2024\/08\/Buk-14-768x576.jpg 768w, https:\/\/micks-touren.de\/wp-content\/uploads\/2024\/08\/Buk-14-150x113.jpg 150w\" sizes=\"auto, (max-width: 800px) 100vw, 800px\" \/><figcaption class=\"wp-element-caption\"><strong>Hauptgeb\u00e4ude der CEC-Bank<\/strong><\/figcaption><\/figure>\n\n\n\n<figure class=\"wp-block-image size-full\"><img loading=\"lazy\" decoding=\"async\" width=\"600\" height=\"800\" data-id=\"1414\" src=\"https:\/\/micks-touren.de\/wp-content\/uploads\/2024\/08\/Buk-15-rotated.jpg\" alt=\"\" class=\"wp-image-1414\" srcset=\"https:\/\/micks-touren.de\/wp-content\/uploads\/2024\/08\/Buk-15-rotated.jpg 600w, https:\/\/micks-touren.de\/wp-content\/uploads\/2024\/08\/Buk-15-225x300.jpg 225w, https:\/\/micks-touren.de\/wp-content\/uploads\/2024\/08\/Buk-15-113x150.jpg 113w\" sizes=\"auto, (max-width: 600px) 100vw, 600px\" \/><figcaption class=\"wp-element-caption\"><strong>Alt und neu<\/strong><\/figcaption><\/figure>\n\n\n\n<figure class=\"wp-block-image size-full\"><img loading=\"lazy\" decoding=\"async\" width=\"600\" height=\"800\" data-id=\"1413\" src=\"https:\/\/micks-touren.de\/wp-content\/uploads\/2024\/08\/Buk-16-rotated.jpg\" alt=\"\" class=\"wp-image-1413\" srcset=\"https:\/\/micks-touren.de\/wp-content\/uploads\/2024\/08\/Buk-16-rotated.jpg 600w, https:\/\/micks-touren.de\/wp-content\/uploads\/2024\/08\/Buk-16-225x300.jpg 225w, https:\/\/micks-touren.de\/wp-content\/uploads\/2024\/08\/Buk-16-113x150.jpg 113w\" sizes=\"auto, (max-width: 600px) 100vw, 600px\" \/><figcaption class=\"wp-element-caption\"><strong>Irgendwo in der Altstadt<\/strong><\/figcaption><\/figure>\n\n\n\n<figure class=\"wp-block-image size-full\"><img loading=\"lazy\" decoding=\"async\" width=\"600\" height=\"800\" data-id=\"1411\" src=\"https:\/\/micks-touren.de\/wp-content\/uploads\/2024\/08\/Buk-07-rotated.jpg\" alt=\"\" class=\"wp-image-1411\" srcset=\"https:\/\/micks-touren.de\/wp-content\/uploads\/2024\/08\/Buk-07-rotated.jpg 600w, https:\/\/micks-touren.de\/wp-content\/uploads\/2024\/08\/Buk-07-225x300.jpg 225w, https:\/\/micks-touren.de\/wp-content\/uploads\/2024\/08\/Buk-07-113x150.jpg 113w\" sizes=\"auto, (max-width: 600px) 100vw, 600px\" \/><figcaption class=\"wp-element-caption\"><strong>Gasse mit Restaurants direkt neben unserem Apartment<\/strong><\/figcaption><\/figure>\n\n\n\n<figure class=\"wp-block-image size-full\"><img loading=\"lazy\" decoding=\"async\" width=\"800\" height=\"600\" data-id=\"1415\" src=\"https:\/\/micks-touren.de\/wp-content\/uploads\/2024\/08\/Buk-08-1.jpg\" alt=\"\" class=\"wp-image-1415\" srcset=\"https:\/\/micks-touren.de\/wp-content\/uploads\/2024\/08\/Buk-08-1.jpg 800w, https:\/\/micks-touren.de\/wp-content\/uploads\/2024\/08\/Buk-08-1-300x225.jpg 300w, https:\/\/micks-touren.de\/wp-content\/uploads\/2024\/08\/Buk-08-1-768x576.jpg 768w, https:\/\/micks-touren.de\/wp-content\/uploads\/2024\/08\/Buk-08-1-150x113.jpg 150w\" sizes=\"auto, (max-width: 800px) 100vw, 800px\" \/><figcaption class=\"wp-element-caption\"><strong>Das Atheneum &#8211; ein Opernhaus mit einer der besten Akustiken weltweit<\/strong><\/figcaption><\/figure>\n\n\n\n<figure class=\"wp-block-image size-full\"><img loading=\"lazy\" decoding=\"async\" width=\"600\" height=\"800\" data-id=\"1410\" src=\"https:\/\/micks-touren.de\/wp-content\/uploads\/2024\/08\/Buk-11-rotated.jpg\" alt=\"\" class=\"wp-image-1410\" srcset=\"https:\/\/micks-touren.de\/wp-content\/uploads\/2024\/08\/Buk-11-rotated.jpg 600w, https:\/\/micks-touren.de\/wp-content\/uploads\/2024\/08\/Buk-11-225x300.jpg 225w, https:\/\/micks-touren.de\/wp-content\/uploads\/2024\/08\/Buk-11-113x150.jpg 113w\" sizes=\"auto, (max-width: 600px) 100vw, 600px\" \/><figcaption class=\"wp-element-caption\"><strong>\u00dcberdachte Wohngasse<\/strong><\/figcaption><\/figure>\n\n\n\n<figure class=\"wp-block-image size-full\"><img loading=\"lazy\" decoding=\"async\" width=\"600\" height=\"800\" data-id=\"1409\" src=\"https:\/\/micks-touren.de\/wp-content\/uploads\/2024\/08\/Buk-12-rotated.jpg\" alt=\"\" class=\"wp-image-1409\" srcset=\"https:\/\/micks-touren.de\/wp-content\/uploads\/2024\/08\/Buk-12-rotated.jpg 600w, https:\/\/micks-touren.de\/wp-content\/uploads\/2024\/08\/Buk-12-225x300.jpg 225w, https:\/\/micks-touren.de\/wp-content\/uploads\/2024\/08\/Buk-12-113x150.jpg 113w\" sizes=\"auto, (max-width: 600px) 100vw, 600px\" \/><figcaption class=\"wp-element-caption\"><strong>Eine der vielen Kirchen<\/strong><\/figcaption><\/figure>\n<\/figure>\n\n\n\n<div style=\"height:36px\" aria-hidden=\"true\" class=\"wp-block-spacer\"><\/div>\n\n\n\n<p>A propos Kirchen: Rum\u00e4nien ist traditionell griechisch-orthodox gepr\u00e4gt und man findet an allen Ecken und Enden kleine oder gr\u00f6\u00dfere Kirchen. Bei einer der F\u00fchrungen konnten wir dann auch mal diese hier besichtigen:<\/p>\n\n\n\n<figure class=\"wp-block-gallery aligncenter has-nested-images columns-1 is-cropped wp-block-gallery-2 is-layout-flex wp-block-gallery-is-layout-flex\">\n<figure class=\"wp-block-image size-full\"><img loading=\"lazy\" decoding=\"async\" width=\"800\" height=\"600\" data-id=\"1417\" src=\"https:\/\/micks-touren.de\/wp-content\/uploads\/2024\/08\/Buk-17.jpg\" alt=\"\" class=\"wp-image-1417\" srcset=\"https:\/\/micks-touren.de\/wp-content\/uploads\/2024\/08\/Buk-17.jpg 800w, https:\/\/micks-touren.de\/wp-content\/uploads\/2024\/08\/Buk-17-300x225.jpg 300w, https:\/\/micks-touren.de\/wp-content\/uploads\/2024\/08\/Buk-17-768x576.jpg 768w, https:\/\/micks-touren.de\/wp-content\/uploads\/2024\/08\/Buk-17-150x113.jpg 150w\" sizes=\"auto, (max-width: 800px) 100vw, 800px\" \/><\/figure>\n\n\n\n<figure class=\"wp-block-image size-full\"><img loading=\"lazy\" decoding=\"async\" width=\"800\" height=\"600\" data-id=\"1416\" src=\"https:\/\/micks-touren.de\/wp-content\/uploads\/2024\/08\/Buk-13.jpg\" alt=\"\" class=\"wp-image-1416\" srcset=\"https:\/\/micks-touren.de\/wp-content\/uploads\/2024\/08\/Buk-13.jpg 800w, https:\/\/micks-touren.de\/wp-content\/uploads\/2024\/08\/Buk-13-300x225.jpg 300w, https:\/\/micks-touren.de\/wp-content\/uploads\/2024\/08\/Buk-13-768x576.jpg 768w, https:\/\/micks-touren.de\/wp-content\/uploads\/2024\/08\/Buk-13-150x113.jpg 150w\" sizes=\"auto, (max-width: 800px) 100vw, 800px\" \/><\/figure>\n<\/figure>\n\n\n\n<div style=\"height:42px\" aria-hidden=\"true\" class=\"wp-block-spacer\"><\/div>\n\n\n\n<p class=\"has-vivid-red-color has-text-color has-link-color wp-elements-21fbc0a342840a6730b0f8a2e3cfac77\">Hier noch eine Liste mit <strong>Tipps<\/strong>:<\/p>\n\n\n\n<ul class=\"wp-block-list\">\n<li>Der \u00d6PNV ist extrem billig: F\u00fcr 90 Minuten mit Bus, Stra\u00dfenbahn und Metro zahlt man 3 Lei (ca. 60 Cent). Und das recht einfach: In jedem Fahrzeug gibt es Automaten, an die man einfach seine Bank- oder Kreditkarte h\u00e4lt. Sollte man kontrolliert werden: einfach nochmal die Karte ans Leseger\u00e4t halten, schon wird angezeigt, dass man bereits bezahlt hat.<\/li>\n\n\n\n<li>Kreditkarten: Die werden eigentlich \u00fcberall akzeptiert, sogar bei einem kleinen Strassenstand mit Backwaren.<\/li>\n\n\n\n<li>Die Preise sind etwas g\u00fcnstiger als bei uns. Superm\u00e4rkte haben auch sonntags ge\u00f6ffnet. Und manche davon bis Mitternacht.<\/li>\n\n\n\n<li>Von Taxis wird oft abgeraten. G\u00fcnstiger sind da die Fahrzeuge von Bolt und Uber (letztere haben wir ein paar Mal genutzt).<\/li>\n\n\n\n<li>Medikamente kosten einen Bruchteil von dem, was man bei uns bezahlt. Beispiel: 30 St\u00fcck Pantoprazol f\u00fcr den Magen (20 mg): keine 3 Euro ( in Deutschland habe ich f\u00fcr die H\u00e4lte schon mehr als das Doppelte bezahlt).<\/li>\n\n\n\n<li>Wenn man zu mehreren essen geht: Es gibt immer nur eine Rechnung pro Tisch !! Getrennt bezahlen wie bei uns kennt man nicht.<\/li>\n<\/ul>\n\n\n\n<p>Fazit: Es war eine interessante Reise. Durch die zentrale Lage in der Unterkunft hatte man nie das Gef\u00fchl, in &#8222;gef\u00e4hrlichen&#8220; Situationen zu geraten, ganz im Gegenteil. Die Rum\u00e4nen waren, soweit ich das beurteilen kann, immer recht freundlich. <\/p>\n\n\n\n<p>Zum Schluss noch ein paar Fotos aus der Gegend.<\/p>\n\n\n\n<figure class=\"wp-block-gallery aligncenter has-nested-images columns-1 is-cropped wp-block-gallery-3 is-layout-flex wp-block-gallery-is-layout-flex\"><div class=\"wp-block-image\">\n<figure class=\"aligncenter size-full\"><img loading=\"lazy\" decoding=\"async\" width=\"600\" height=\"800\" data-id=\"1420\" src=\"https:\/\/micks-touren.de\/wp-content\/uploads\/2024\/08\/Buk-10-rotated.jpg\" alt=\"\" class=\"wp-image-1420\" srcset=\"https:\/\/micks-touren.de\/wp-content\/uploads\/2024\/08\/Buk-10-rotated.jpg 600w, https:\/\/micks-touren.de\/wp-content\/uploads\/2024\/08\/Buk-10-225x300.jpg 225w, https:\/\/micks-touren.de\/wp-content\/uploads\/2024\/08\/Buk-10-113x150.jpg 113w\" sizes=\"auto, (max-width: 600px) 100vw, 600px\" \/><\/figure><\/div>\n\n\n<figure class=\"wp-block-image size-full\"><img loading=\"lazy\" decoding=\"async\" width=\"600\" height=\"800\" data-id=\"1418\" src=\"https:\/\/micks-touren.de\/wp-content\/uploads\/2024\/08\/Buk-06-rotated.jpg\" alt=\"\" class=\"wp-image-1418\" srcset=\"https:\/\/micks-touren.de\/wp-content\/uploads\/2024\/08\/Buk-06-rotated.jpg 600w, https:\/\/micks-touren.de\/wp-content\/uploads\/2024\/08\/Buk-06-225x300.jpg 225w, https:\/\/micks-touren.de\/wp-content\/uploads\/2024\/08\/Buk-06-113x150.jpg 113w\" sizes=\"auto, (max-width: 600px) 100vw, 600px\" \/><\/figure>\n\n\n\n<figure class=\"wp-block-image size-full\"><img loading=\"lazy\" decoding=\"async\" width=\"800\" height=\"600\" data-id=\"1419\" src=\"https:\/\/micks-touren.de\/wp-content\/uploads\/2024\/08\/Buk-09.jpg\" alt=\"\" class=\"wp-image-1419\" srcset=\"https:\/\/micks-touren.de\/wp-content\/uploads\/2024\/08\/Buk-09.jpg 800w, https:\/\/micks-touren.de\/wp-content\/uploads\/2024\/08\/Buk-09-300x225.jpg 300w, https:\/\/micks-touren.de\/wp-content\/uploads\/2024\/08\/Buk-09-768x576.jpg 768w, https:\/\/micks-touren.de\/wp-content\/uploads\/2024\/08\/Buk-09-150x113.jpg 150w\" sizes=\"auto, (max-width: 800px) 100vw, 800px\" \/><\/figure>\n<\/figure>\n","protected":false},"excerpt":{"rendered":"<p>Es war wieder soweit: das europ\u00e4ische Mensa-Treffen (EMAG) 2024, diesmal in der rum\u00e4nischen Hauptstadt Bukarest. Bukarest war ja lange Zeit unter der Fuchtel der Kommunisten. Und das kann man heute noch \u00fcberall sehen: Viele H\u00e4user sind heruntergekommen und sehen aus wie ein sozialistischer Einheitsbrei. Geht man in eine parallele Seitenstrasse,&#8230;<\/p>\n<p class=\"continue-reading-button\"> <a class=\"continue-reading-link\" href=\"https:\/\/micks-touren.de\/?page_id=1401\">Continue reading<i class=\"crycon-right-dir\"><\/i><\/a><\/p>\n","protected":false},"author":1,"featured_media":0,"parent":0,"menu_order":0,"comment_status":"closed","ping_status":"closed","template":"","meta":{"footnotes":""},"class_list":["post-1401","page","type-page","status-publish","hentry"],"_links":{"self":[{"href":"https:\/\/micks-touren.de\/index.php?rest_route=\/wp\/v2\/pages\/1401","targetHints":{"allow":["GET"]}}],"collection":[{"href":"https:\/\/micks-touren.de\/index.php?rest_route=\/wp\/v2\/pages"}],"about":[{"href":"https:\/\/micks-touren.de\/index.php?rest_route=\/wp\/v2\/types\/page"}],"author":[{"embeddable":true,"href":"https:\/\/micks-touren.de\/index.php?rest_route=\/wp\/v2\/users\/1"}],"replies":[{"embeddable":true,"href":"https:\/\/micks-touren.de\/index.php?rest_route=%2Fwp%2Fv2%2Fcomments&post=1401"}],"version-history":[{"count":9,"href":"https:\/\/micks-touren.de\/index.php?rest_route=\/wp\/v2\/pages\/1401\/revisions"}],"predecessor-version":[{"id":1432,"href":"https:\/\/micks-touren.de\/index.php?rest_route=\/wp\/v2\/pages\/1401\/revisions\/1432"}],"wp:attachment":[{"href":"https:\/\/micks-touren.de\/index.php?rest_route=%2Fwp%2Fv2%2Fmedia&parent=1401"}],"curies":[{"name":"wp","href":"https:\/\/api.w.org\/{rel}","templated":true}]}}