{"id":136,"date":"2017-05-28T18:55:05","date_gmt":"2017-05-28T18:55:05","guid":{"rendered":"http:\/\/mini-ps.de\/?page_id=136"},"modified":"2017-07-10T17:16:53","modified_gmt":"2017-07-10T17:16:53","slug":"geierlay-bruecke-2016","status":"publish","type":"page","link":"https:\/\/micks-touren.de\/?page_id=136","title":{"rendered":"Geierlay-Br\u00fccke (2016)"},"content":{"rendered":"<p>Man muss nicht immer weit fahren &#8211; auch wenn die Geierlay-Br\u00fccke bei M\u00f6rsdorf im Hunsr\u00fcck dann doch \u00fcber 100 km weit weg ist \ud83d\ude09<\/p>\n<p>Als ich im letzten September zuf\u00e4llig davon gelesen habe, war mir klar: Da muss ich dr\u00fcber !  Die Er\u00f6ffnung war dann am 03. Oktober, und es hat bis jetzt gedauert, bis es endlich geklappt hat. Aber daf\u00fcr gabs angenehme Temperaturen und einen strahlend blauen Himmel.<\/p>\n<p>Erst mal ein paar Infos dazu: Die Geierlay-Br\u00fccke ist die l\u00e4ngste H\u00e4ngeseilbr\u00fccke Deutschlands mit 360 Metern L\u00e4nge. Nach unten gehts tief: 100 Meter.<\/p>\n<p>Jetzt ist M\u00f6rsdorf nicht unbedingt auf der Liste der Orte, die man mal besucht haben muss. Der Historie nach dachten sich das auch ein paar B\u00fcrger im Jahre 2006, als es um einen Workshop zur Entwicklung des Dorfes ging. Hier kam der Vorschlag zu einer H\u00e4ngeseilbr\u00fccke das erste Mal auf. 2010 wurde die Idee wieder aufgegriffen und im Mai 2015 ging es dann mit den Bauarbeiten los.<\/p>\n<p>Dass das Ganze keine wirklich doofe Idee war, sieht man daran, dass bis Mitte April 2016 schon \u00fcber 150.000 Besucher an der Br\u00fccke waren.<\/p>\n<p><img loading=\"lazy\" decoding=\"async\" class=\"alignnone size-large wp-image-130 aligncenter\" src=\"https:\/\/micks-touren.de\/wp-content\/uploads\/2017\/05\/Geyer1-1024x683.jpg\" alt=\"\" width=\"900\" height=\"600\" srcset=\"https:\/\/micks-touren.de\/wp-content\/uploads\/2017\/05\/Geyer1-1024x683.jpg 1024w, https:\/\/micks-touren.de\/wp-content\/uploads\/2017\/05\/Geyer1-300x200.jpg 300w, https:\/\/micks-touren.de\/wp-content\/uploads\/2017\/05\/Geyer1-768x512.jpg 768w, https:\/\/micks-touren.de\/wp-content\/uploads\/2017\/05\/Geyer1-525x350.jpg 525w, https:\/\/micks-touren.de\/wp-content\/uploads\/2017\/05\/Geyer1-150x100.jpg 150w\" sizes=\"auto, (max-width: 900px) 100vw, 900px\" \/><\/p>\n<p>&nbsp;<\/p>\n<p>Wer gerne wandert, ist hier in der Gegend auch gut aufgehoben. 50 Kilometer Wanderwege sind im Umkreis ausgewiesen. Wer mehr wissen m\u00f6chte: <a title=\"Geierlay\" href=\"https:\/\/www.geierlay.de\" target=\"_blank\" rel=\"noopener noreferrer\">www.geierlay.de<\/a><\/p>\n<p>Und jetzt lasse ich die Fotos sprechen \ud83d\ude09<\/p>\n<p><img loading=\"lazy\" decoding=\"async\" class=\"alignnone size-large wp-image-131 aligncenter\" src=\"https:\/\/micks-touren.de\/wp-content\/uploads\/2017\/05\/Geyer2-683x1024.jpg\" alt=\"\" width=\"683\" height=\"1024\" srcset=\"https:\/\/micks-touren.de\/wp-content\/uploads\/2017\/05\/Geyer2-683x1024.jpg 683w, https:\/\/micks-touren.de\/wp-content\/uploads\/2017\/05\/Geyer2-200x300.jpg 200w, https:\/\/micks-touren.de\/wp-content\/uploads\/2017\/05\/Geyer2-768x1152.jpg 768w, https:\/\/micks-touren.de\/wp-content\/uploads\/2017\/05\/Geyer2-233x350.jpg 233w, https:\/\/micks-touren.de\/wp-content\/uploads\/2017\/05\/Geyer2-100x150.jpg 100w, https:\/\/micks-touren.de\/wp-content\/uploads\/2017\/05\/Geyer2.jpg 1424w\" sizes=\"auto, (max-width: 683px) 100vw, 683px\" \/><\/p>\n<p><img loading=\"lazy\" decoding=\"async\" class=\"alignnone size-large wp-image-133 aligncenter\" src=\"https:\/\/micks-touren.de\/wp-content\/uploads\/2017\/05\/Geyer4-683x1024.jpg\" alt=\"\" width=\"683\" height=\"1024\" srcset=\"https:\/\/micks-touren.de\/wp-content\/uploads\/2017\/05\/Geyer4-683x1024.jpg 683w, https:\/\/micks-touren.de\/wp-content\/uploads\/2017\/05\/Geyer4-200x300.jpg 200w, https:\/\/micks-touren.de\/wp-content\/uploads\/2017\/05\/Geyer4-768x1152.jpg 768w, https:\/\/micks-touren.de\/wp-content\/uploads\/2017\/05\/Geyer4-233x350.jpg 233w, https:\/\/micks-touren.de\/wp-content\/uploads\/2017\/05\/Geyer4-100x150.jpg 100w, https:\/\/micks-touren.de\/wp-content\/uploads\/2017\/05\/Geyer4.jpg 1424w\" sizes=\"auto, (max-width: 683px) 100vw, 683px\" \/><\/p>\n<p><img loading=\"lazy\" decoding=\"async\" class=\"size-large wp-image-132 aligncenter\" src=\"https:\/\/micks-touren.de\/wp-content\/uploads\/2017\/05\/Geyer3-1024x683.jpg\" alt=\"\" width=\"900\" height=\"600\" srcset=\"https:\/\/micks-touren.de\/wp-content\/uploads\/2017\/05\/Geyer3-1024x683.jpg 1024w, https:\/\/micks-touren.de\/wp-content\/uploads\/2017\/05\/Geyer3-300x200.jpg 300w, https:\/\/micks-touren.de\/wp-content\/uploads\/2017\/05\/Geyer3-768x512.jpg 768w, https:\/\/micks-touren.de\/wp-content\/uploads\/2017\/05\/Geyer3-525x350.jpg 525w, https:\/\/micks-touren.de\/wp-content\/uploads\/2017\/05\/Geyer3-150x100.jpg 150w\" sizes=\"auto, (max-width: 900px) 100vw, 900px\" \/><\/p>\n<p><img loading=\"lazy\" decoding=\"async\" class=\"size-large wp-image-134 aligncenter\" src=\"https:\/\/micks-touren.de\/wp-content\/uploads\/2017\/05\/Geyer5-1024x683.jpg\" alt=\"\" width=\"900\" height=\"600\" srcset=\"https:\/\/micks-touren.de\/wp-content\/uploads\/2017\/05\/Geyer5-1024x683.jpg 1024w, https:\/\/micks-touren.de\/wp-content\/uploads\/2017\/05\/Geyer5-300x200.jpg 300w, https:\/\/micks-touren.de\/wp-content\/uploads\/2017\/05\/Geyer5-768x512.jpg 768w, https:\/\/micks-touren.de\/wp-content\/uploads\/2017\/05\/Geyer5-525x350.jpg 525w, https:\/\/micks-touren.de\/wp-content\/uploads\/2017\/05\/Geyer5-150x100.jpg 150w\" sizes=\"auto, (max-width: 900px) 100vw, 900px\" \/><\/p>\n<p><img loading=\"lazy\" decoding=\"async\" class=\"size-large wp-image-135 aligncenter\" src=\"https:\/\/micks-touren.de\/wp-content\/uploads\/2017\/05\/Geyer6-1024x683.jpg\" alt=\"\" width=\"900\" height=\"600\" srcset=\"https:\/\/micks-touren.de\/wp-content\/uploads\/2017\/05\/Geyer6-1024x683.jpg 1024w, https:\/\/micks-touren.de\/wp-content\/uploads\/2017\/05\/Geyer6-300x200.jpg 300w, https:\/\/micks-touren.de\/wp-content\/uploads\/2017\/05\/Geyer6-768x512.jpg 768w, https:\/\/micks-touren.de\/wp-content\/uploads\/2017\/05\/Geyer6-525x350.jpg 525w, https:\/\/micks-touren.de\/wp-content\/uploads\/2017\/05\/Geyer6-150x100.jpg 150w\" sizes=\"auto, (max-width: 900px) 100vw, 900px\" \/><\/p>\n<p><img loading=\"lazy\" decoding=\"async\" class=\"size-large wp-image-129 aligncenter\" src=\"https:\/\/micks-touren.de\/wp-content\/uploads\/2017\/05\/Geyer7-1024x576.jpg\" alt=\"\" width=\"900\" height=\"506\" srcset=\"https:\/\/micks-touren.de\/wp-content\/uploads\/2017\/05\/Geyer7-1024x576.jpg 1024w, https:\/\/micks-touren.de\/wp-content\/uploads\/2017\/05\/Geyer7-300x169.jpg 300w, https:\/\/micks-touren.de\/wp-content\/uploads\/2017\/05\/Geyer7-768x432.jpg 768w, https:\/\/micks-touren.de\/wp-content\/uploads\/2017\/05\/Geyer7-622x350.jpg 622w, https:\/\/micks-touren.de\/wp-content\/uploads\/2017\/05\/Geyer7-150x84.jpg 150w, https:\/\/micks-touren.de\/wp-content\/uploads\/2017\/05\/Geyer7.jpg 1328w\" sizes=\"auto, (max-width: 900px) 100vw, 900px\" \/><\/p>\n","protected":false},"excerpt":{"rendered":"<p>Man muss nicht immer weit fahren &#8211; auch wenn die Geierlay-Br\u00fccke bei M\u00f6rsdorf im Hunsr\u00fcck dann doch \u00fcber 100 km weit weg ist \ud83d\ude09 Als ich im letzten September zuf\u00e4llig davon gelesen habe, war mir klar: Da muss ich dr\u00fcber ! Die Er\u00f6ffnung war dann am 03. Oktober, und es&#8230;<\/p>\n<p class=\"continue-reading-button\"> <a class=\"continue-reading-link\" href=\"https:\/\/micks-touren.de\/?page_id=136\">Continue reading<i class=\"crycon-right-dir\"><\/i><\/a><\/p>\n","protected":false},"author":1,"featured_media":0,"parent":0,"menu_order":0,"comment_status":"open","ping_status":"closed","template":"","meta":{"footnotes":""},"class_list":["post-136","page","type-page","status-publish","hentry"],"_links":{"self":[{"href":"https:\/\/micks-touren.de\/index.php?rest_route=\/wp\/v2\/pages\/136","targetHints":{"allow":["GET"]}}],"collection":[{"href":"https:\/\/micks-touren.de\/index.php?rest_route=\/wp\/v2\/pages"}],"about":[{"href":"https:\/\/micks-touren.de\/index.php?rest_route=\/wp\/v2\/types\/page"}],"author":[{"embeddable":true,"href":"https:\/\/micks-touren.de\/index.php?rest_route=\/wp\/v2\/users\/1"}],"replies":[{"embeddable":true,"href":"https:\/\/micks-touren.de\/index.php?rest_route=%2Fwp%2Fv2%2Fcomments&post=136"}],"version-history":[{"count":3,"href":"https:\/\/micks-touren.de\/index.php?rest_route=\/wp\/v2\/pages\/136\/revisions"}],"predecessor-version":[{"id":468,"href":"https:\/\/micks-touren.de\/index.php?rest_route=\/wp\/v2\/pages\/136\/revisions\/468"}],"wp:attachment":[{"href":"https:\/\/micks-touren.de\/index.php?rest_route=%2Fwp%2Fv2%2Fmedia&parent=136"}],"curies":[{"name":"wp","href":"https:\/\/api.w.org\/{rel}","templated":true}]}}