{"id":1243,"date":"2022-11-18T13:03:48","date_gmt":"2022-11-18T12:03:48","guid":{"rendered":"https:\/\/micks-touren.de\/?page_id=1243"},"modified":"2022-11-18T13:28:48","modified_gmt":"2022-11-18T12:28:48","slug":"bochum-2022","status":"publish","type":"page","link":"https:\/\/micks-touren.de\/?page_id=1243","title":{"rendered":"Bochum (2022)"},"content":{"rendered":"\n<p>Warum in die Ferne schweifen &#8230; wenn es auch in Deutschland vieles zu sehen gibt. Zum Beispiel so einiges in der Ruhr-Metropole Bochum, bekannt durch Herbert Gr\u00f6nemeyer, den VfL und das Musical &#8222;Starlight Express&#8220;. Letztgenanntes war der Grund, warum ich im November f\u00fcr ein paar Tage hierher kam.<\/p>\n\n\n\n<p>In einer etwas ruhigeren Gegend hatte ich \u00fcber AirBnB ein kleines Apartment gebucht. Von hier aus konnte ich per \u00d6PNV oder auch zu Fu\u00df ein paar Dinge erkunden<\/p>\n\n\n\n<p><\/p>\n\n\n\n<figure class=\"wp-block-gallery aligncenter columns-2 is-cropped wp-block-gallery-1 is-layout-flex wp-block-gallery-is-layout-flex\"><ul class=\"blocks-gallery-grid\"><li class=\"blocks-gallery-item\"><figure><img loading=\"lazy\" decoding=\"async\" width=\"900\" height=\"675\" src=\"https:\/\/micks-touren.de\/wp-content\/uploads\/2022\/11\/Boc_01.jpg\" alt=\"\" data-id=\"1245\" data-link=\"https:\/\/micks-touren.de\/?attachment_id=1245\" class=\"wp-image-1245\" srcset=\"https:\/\/micks-touren.de\/wp-content\/uploads\/2022\/11\/Boc_01.jpg 900w, https:\/\/micks-touren.de\/wp-content\/uploads\/2022\/11\/Boc_01-300x225.jpg 300w, https:\/\/micks-touren.de\/wp-content\/uploads\/2022\/11\/Boc_01-768x576.jpg 768w, https:\/\/micks-touren.de\/wp-content\/uploads\/2022\/11\/Boc_01-150x113.jpg 150w\" sizes=\"auto, (max-width: 900px) 100vw, 900px\" \/><\/figure><\/li><li class=\"blocks-gallery-item\"><figure><img loading=\"lazy\" decoding=\"async\" width=\"900\" height=\"675\" src=\"https:\/\/micks-touren.de\/wp-content\/uploads\/2022\/11\/Boc_03-1.jpg\" alt=\"\" data-id=\"1249\" data-link=\"https:\/\/micks-touren.de\/?attachment_id=1249\" class=\"wp-image-1249\" srcset=\"https:\/\/micks-touren.de\/wp-content\/uploads\/2022\/11\/Boc_03-1.jpg 900w, https:\/\/micks-touren.de\/wp-content\/uploads\/2022\/11\/Boc_03-1-300x225.jpg 300w, https:\/\/micks-touren.de\/wp-content\/uploads\/2022\/11\/Boc_03-1-768x576.jpg 768w, https:\/\/micks-touren.de\/wp-content\/uploads\/2022\/11\/Boc_03-1-150x113.jpg 150w\" sizes=\"auto, (max-width: 900px) 100vw, 900px\" \/><\/figure><\/li><li class=\"blocks-gallery-item\"><figure><img loading=\"lazy\" decoding=\"async\" width=\"675\" height=\"900\" src=\"https:\/\/micks-touren.de\/wp-content\/uploads\/2022\/11\/Boc_02-1.jpg\" alt=\"\" data-id=\"1250\" data-link=\"https:\/\/micks-touren.de\/?attachment_id=1250\" class=\"wp-image-1250\" srcset=\"https:\/\/micks-touren.de\/wp-content\/uploads\/2022\/11\/Boc_02-1.jpg 675w, https:\/\/micks-touren.de\/wp-content\/uploads\/2022\/11\/Boc_02-1-225x300.jpg 225w, https:\/\/micks-touren.de\/wp-content\/uploads\/2022\/11\/Boc_02-1-113x150.jpg 113w\" sizes=\"auto, (max-width: 675px) 100vw, 675px\" \/><\/figure><\/li><li class=\"blocks-gallery-item\"><figure><img loading=\"lazy\" decoding=\"async\" width=\"675\" height=\"900\" src=\"https:\/\/micks-touren.de\/wp-content\/uploads\/2022\/11\/Boc_04-1.jpg\" alt=\"\" data-id=\"1251\" data-full-url=\"https:\/\/micks-touren.de\/wp-content\/uploads\/2022\/11\/Boc_04-1.jpg\" data-link=\"https:\/\/micks-touren.de\/?attachment_id=1251\" class=\"wp-image-1251\" srcset=\"https:\/\/micks-touren.de\/wp-content\/uploads\/2022\/11\/Boc_04-1.jpg 675w, https:\/\/micks-touren.de\/wp-content\/uploads\/2022\/11\/Boc_04-1-225x300.jpg 225w, https:\/\/micks-touren.de\/wp-content\/uploads\/2022\/11\/Boc_04-1-113x150.jpg 113w\" sizes=\"auto, (max-width: 675px) 100vw, 675px\" \/><\/figure><\/li><\/ul><figcaption class=\"blocks-gallery-caption\">Die Jahrhunderthalle, 1902 f\u00fcr die D\u00fcsseldorfer Industrie-Ausstellung gebaut, dann wieder demontiert und in Bochum erneut aufgebaut. Heute ist sie eine Veranstaltungshalle.<\/figcaption><\/figure>\n\n\n\n<p><\/p>\n\n\n\n<p>Im S\u00fcden der Innenstadt gibt es das sogenannte Bermuda3eck, eine Gegend mit vielen Bars, Kneipen, Restaurants &#8230; Leider war ich am Nachmittag da, als noch nicht viel los war. Au\u00dfer einem Typen, der einen Beutel Milch vor sich stehen hatte und mit Falsett-Stimme ziemlich ausdauernd Teile von irgendeinem Lied sang. Ich habe mir dort ein typisches Ruhrpott-Essen geg\u00f6nnt: Currywurst mit Pommes rot-wei\u00df.<\/p>\n\n\n\n<figure class=\"wp-block-gallery aligncenter columns-2 is-cropped wp-block-gallery-2 is-layout-flex wp-block-gallery-is-layout-flex\"><ul class=\"blocks-gallery-grid\"><li class=\"blocks-gallery-item\"><figure><img loading=\"lazy\" decoding=\"async\" width=\"900\" height=\"675\" src=\"https:\/\/micks-touren.de\/wp-content\/uploads\/2022\/11\/Boc_05.jpg\" alt=\"\" data-id=\"1252\" data-link=\"https:\/\/micks-touren.de\/?attachment_id=1252\" class=\"wp-image-1252\" srcset=\"https:\/\/micks-touren.de\/wp-content\/uploads\/2022\/11\/Boc_05.jpg 900w, https:\/\/micks-touren.de\/wp-content\/uploads\/2022\/11\/Boc_05-300x225.jpg 300w, https:\/\/micks-touren.de\/wp-content\/uploads\/2022\/11\/Boc_05-768x576.jpg 768w, https:\/\/micks-touren.de\/wp-content\/uploads\/2022\/11\/Boc_05-150x113.jpg 150w\" sizes=\"auto, (max-width: 900px) 100vw, 900px\" \/><\/figure><\/li><li class=\"blocks-gallery-item\"><figure><img loading=\"lazy\" decoding=\"async\" width=\"900\" height=\"675\" src=\"https:\/\/micks-touren.de\/wp-content\/uploads\/2022\/11\/Boc_06.jpg\" alt=\"\" data-id=\"1253\" data-full-url=\"https:\/\/micks-touren.de\/wp-content\/uploads\/2022\/11\/Boc_06.jpg\" data-link=\"https:\/\/micks-touren.de\/?attachment_id=1253\" class=\"wp-image-1253\" srcset=\"https:\/\/micks-touren.de\/wp-content\/uploads\/2022\/11\/Boc_06.jpg 900w, https:\/\/micks-touren.de\/wp-content\/uploads\/2022\/11\/Boc_06-300x225.jpg 300w, https:\/\/micks-touren.de\/wp-content\/uploads\/2022\/11\/Boc_06-768x576.jpg 768w, https:\/\/micks-touren.de\/wp-content\/uploads\/2022\/11\/Boc_06-150x113.jpg 150w\" sizes=\"auto, (max-width: 900px) 100vw, 900px\" \/><\/figure><\/li><\/ul><\/figure>\n\n\n\n<p>Am n\u00e4chsten Tag stand Fu\u00dfmarsch auf dem Plan. Zuerst zum Stadtpark, dem Bismarckturm und anschlie\u00dfend in den Tierpark und das Fossilarium.<\/p>\n\n\n\n<figure class=\"wp-block-gallery aligncenter columns-2 is-cropped wp-block-gallery-3 is-layout-flex wp-block-gallery-is-layout-flex\"><ul class=\"blocks-gallery-grid\"><li class=\"blocks-gallery-item\"><figure><img loading=\"lazy\" decoding=\"async\" width=\"675\" height=\"900\" src=\"https:\/\/micks-touren.de\/wp-content\/uploads\/2022\/11\/Boc_07.jpg\" alt=\"\" data-id=\"1254\" data-full-url=\"https:\/\/micks-touren.de\/wp-content\/uploads\/2022\/11\/Boc_07.jpg\" data-link=\"https:\/\/micks-touren.de\/?attachment_id=1254\" class=\"wp-image-1254\" srcset=\"https:\/\/micks-touren.de\/wp-content\/uploads\/2022\/11\/Boc_07.jpg 675w, https:\/\/micks-touren.de\/wp-content\/uploads\/2022\/11\/Boc_07-225x300.jpg 225w, https:\/\/micks-touren.de\/wp-content\/uploads\/2022\/11\/Boc_07-113x150.jpg 113w\" sizes=\"auto, (max-width: 675px) 100vw, 675px\" \/><\/figure><\/li><li class=\"blocks-gallery-item\"><figure><img loading=\"lazy\" decoding=\"async\" width=\"675\" height=\"900\" src=\"https:\/\/micks-touren.de\/wp-content\/uploads\/2022\/11\/Boc_08.jpg\" alt=\"\" data-id=\"1255\" data-full-url=\"https:\/\/micks-touren.de\/wp-content\/uploads\/2022\/11\/Boc_08.jpg\" data-link=\"https:\/\/micks-touren.de\/?attachment_id=1255\" class=\"wp-image-1255\" srcset=\"https:\/\/micks-touren.de\/wp-content\/uploads\/2022\/11\/Boc_08.jpg 675w, https:\/\/micks-touren.de\/wp-content\/uploads\/2022\/11\/Boc_08-225x300.jpg 225w, https:\/\/micks-touren.de\/wp-content\/uploads\/2022\/11\/Boc_08-113x150.jpg 113w\" sizes=\"auto, (max-width: 675px) 100vw, 675px\" \/><\/figure><\/li><\/ul><figcaption class=\"blocks-gallery-caption\">Leider konnte man den Turm wegen Bauarbeiten nicht besteigen &#8211; und im Tierpark war auch nicht sooo viel los. Aber wenigstens konnte man in Ruhe alles besichtigen.<\/figcaption><\/figure>\n\n\n\n<p>Weiter gings dann zum Deutschen Bergbau-Museum. Hier hatte ich eine Untertage-F\u00fchrung gebucht. Was ich nicht wusste: Hier wurde nie Kohle abgebaut, das Bergwerk war lange Jahre eine Ausbildungsst\u00e4tte f\u00fcr zuk\u00fcnftige Kumpels, bis es dann 1930 zu einem Museum umgewandelt wurde. Wenn Ihr mal in der Gegend seid: Unbedingt besichtigen, es lohnt sich !<\/p>\n\n\n\n<figure class=\"wp-block-gallery aligncenter columns-3 is-cropped wp-block-gallery-4 is-layout-flex wp-block-gallery-is-layout-flex\"><ul class=\"blocks-gallery-grid\"><li class=\"blocks-gallery-item\"><figure><img loading=\"lazy\" decoding=\"async\" width=\"675\" height=\"900\" src=\"https:\/\/micks-touren.de\/wp-content\/uploads\/2022\/11\/Boc_09.jpg\" alt=\"\" data-id=\"1257\" data-link=\"https:\/\/micks-touren.de\/?attachment_id=1257\" class=\"wp-image-1257\" srcset=\"https:\/\/micks-touren.de\/wp-content\/uploads\/2022\/11\/Boc_09.jpg 675w, https:\/\/micks-touren.de\/wp-content\/uploads\/2022\/11\/Boc_09-225x300.jpg 225w, https:\/\/micks-touren.de\/wp-content\/uploads\/2022\/11\/Boc_09-113x150.jpg 113w\" sizes=\"auto, (max-width: 675px) 100vw, 675px\" \/><\/figure><\/li><li class=\"blocks-gallery-item\"><figure><img loading=\"lazy\" decoding=\"async\" width=\"675\" height=\"900\" src=\"https:\/\/micks-touren.de\/wp-content\/uploads\/2022\/11\/Boc_10.jpg\" alt=\"\" data-id=\"1258\" data-link=\"https:\/\/micks-touren.de\/?attachment_id=1258\" class=\"wp-image-1258\" srcset=\"https:\/\/micks-touren.de\/wp-content\/uploads\/2022\/11\/Boc_10.jpg 675w, https:\/\/micks-touren.de\/wp-content\/uploads\/2022\/11\/Boc_10-225x300.jpg 225w, https:\/\/micks-touren.de\/wp-content\/uploads\/2022\/11\/Boc_10-113x150.jpg 113w\" sizes=\"auto, (max-width: 675px) 100vw, 675px\" \/><\/figure><\/li><li class=\"blocks-gallery-item\"><figure><img loading=\"lazy\" decoding=\"async\" width=\"900\" height=\"675\" src=\"https:\/\/micks-touren.de\/wp-content\/uploads\/2022\/11\/Boc_11.jpg\" alt=\"\" data-id=\"1259\" data-link=\"https:\/\/micks-touren.de\/?attachment_id=1259\" class=\"wp-image-1259\" srcset=\"https:\/\/micks-touren.de\/wp-content\/uploads\/2022\/11\/Boc_11.jpg 900w, https:\/\/micks-touren.de\/wp-content\/uploads\/2022\/11\/Boc_11-300x225.jpg 300w, https:\/\/micks-touren.de\/wp-content\/uploads\/2022\/11\/Boc_11-768x576.jpg 768w, https:\/\/micks-touren.de\/wp-content\/uploads\/2022\/11\/Boc_11-150x113.jpg 150w\" sizes=\"auto, (max-width: 900px) 100vw, 900px\" \/><\/figure><\/li><li class=\"blocks-gallery-item\"><figure><img loading=\"lazy\" decoding=\"async\" width=\"675\" height=\"900\" src=\"https:\/\/micks-touren.de\/wp-content\/uploads\/2022\/11\/Boc_12.jpg\" alt=\"\" data-id=\"1260\" data-link=\"https:\/\/micks-touren.de\/?attachment_id=1260\" class=\"wp-image-1260\" srcset=\"https:\/\/micks-touren.de\/wp-content\/uploads\/2022\/11\/Boc_12.jpg 675w, https:\/\/micks-touren.de\/wp-content\/uploads\/2022\/11\/Boc_12-225x300.jpg 225w, https:\/\/micks-touren.de\/wp-content\/uploads\/2022\/11\/Boc_12-113x150.jpg 113w\" sizes=\"auto, (max-width: 675px) 100vw, 675px\" \/><\/figure><\/li><li class=\"blocks-gallery-item\"><figure><img loading=\"lazy\" decoding=\"async\" width=\"675\" height=\"900\" src=\"https:\/\/micks-touren.de\/wp-content\/uploads\/2022\/11\/Boc_13-3.jpg\" alt=\"\" data-id=\"1263\" data-full-url=\"https:\/\/micks-touren.de\/wp-content\/uploads\/2022\/11\/Boc_13-3.jpg\" data-link=\"https:\/\/micks-touren.de\/?attachment_id=1263\" class=\"wp-image-1263\" srcset=\"https:\/\/micks-touren.de\/wp-content\/uploads\/2022\/11\/Boc_13-3.jpg 675w, https:\/\/micks-touren.de\/wp-content\/uploads\/2022\/11\/Boc_13-3-225x300.jpg 225w, https:\/\/micks-touren.de\/wp-content\/uploads\/2022\/11\/Boc_13-3-113x150.jpg 113w\" sizes=\"auto, (max-width: 675px) 100vw, 675px\" \/><\/figure><\/li><\/ul><figcaption class=\"blocks-gallery-caption\">Bild 1: Der F\u00f6rderturm \/\/ Bild 2: Einer der Stollen \/\/ Bild 3: Bohrer f\u00fcr die Sprengl\u00f6cher, bis zu 115 Dezibel laut \/\/ Bild 4: Bergwerkseisenbahn, in jedem Wagen sa\u00dfen 12 (!) Bergleute \/\/ Bild 5: Blick aus 60 Metern H\u00f6he<\/figcaption><\/figure>\n\n\n\n<p><\/p>\n\n\n\n<p>Abends ging es dann zum Highlight der Reise, dem Musical &#8222;Starlight Express&#8220;. Ich war bereits 2-mal dort, aber es lohnt sich echt. Besonders wenn man direkt an einer der Bahnen sitzt und die Schauspieler mit 40 Sachen an einem vorbeirasen. Und nach der Auff\u00fchrung darf man dann Fotos und Videos schie\u00dfen, so viel der Akku hergibt:<\/p>\n\n\n\n<figure class=\"wp-block-gallery aligncenter columns-2 is-cropped wp-block-gallery-5 is-layout-flex wp-block-gallery-is-layout-flex\"><ul class=\"blocks-gallery-grid\"><li class=\"blocks-gallery-item\"><figure><img loading=\"lazy\" decoding=\"async\" width=\"900\" height=\"675\" src=\"https:\/\/micks-touren.de\/wp-content\/uploads\/2022\/11\/Boc_14.jpg\" alt=\"\" data-id=\"1267\" data-full-url=\"https:\/\/micks-touren.de\/wp-content\/uploads\/2022\/11\/Boc_14.jpg\" data-link=\"https:\/\/micks-touren.de\/?attachment_id=1267\" class=\"wp-image-1267\" srcset=\"https:\/\/micks-touren.de\/wp-content\/uploads\/2022\/11\/Boc_14.jpg 900w, https:\/\/micks-touren.de\/wp-content\/uploads\/2022\/11\/Boc_14-300x225.jpg 300w, https:\/\/micks-touren.de\/wp-content\/uploads\/2022\/11\/Boc_14-768x576.jpg 768w, https:\/\/micks-touren.de\/wp-content\/uploads\/2022\/11\/Boc_14-150x113.jpg 150w\" sizes=\"auto, (max-width: 900px) 100vw, 900px\" \/><\/figure><\/li><li class=\"blocks-gallery-item\"><figure><img loading=\"lazy\" decoding=\"async\" width=\"900\" height=\"675\" src=\"https:\/\/micks-touren.de\/wp-content\/uploads\/2022\/11\/Boc_15.jpg\" alt=\"\" data-id=\"1268\" data-full-url=\"https:\/\/micks-touren.de\/wp-content\/uploads\/2022\/11\/Boc_15.jpg\" data-link=\"https:\/\/micks-touren.de\/?attachment_id=1268\" class=\"wp-image-1268\" srcset=\"https:\/\/micks-touren.de\/wp-content\/uploads\/2022\/11\/Boc_15.jpg 900w, https:\/\/micks-touren.de\/wp-content\/uploads\/2022\/11\/Boc_15-300x225.jpg 300w, https:\/\/micks-touren.de\/wp-content\/uploads\/2022\/11\/Boc_15-768x576.jpg 768w, https:\/\/micks-touren.de\/wp-content\/uploads\/2022\/11\/Boc_15-150x113.jpg 150w\" sizes=\"auto, (max-width: 900px) 100vw, 900px\" \/><\/figure><\/li><li class=\"blocks-gallery-item\"><figure><img loading=\"lazy\" decoding=\"async\" width=\"900\" height=\"675\" src=\"https:\/\/micks-touren.de\/wp-content\/uploads\/2022\/11\/Boc_16.jpg\" alt=\"\" data-id=\"1269\" data-full-url=\"https:\/\/micks-touren.de\/wp-content\/uploads\/2022\/11\/Boc_16.jpg\" data-link=\"https:\/\/micks-touren.de\/?attachment_id=1269\" class=\"wp-image-1269\" srcset=\"https:\/\/micks-touren.de\/wp-content\/uploads\/2022\/11\/Boc_16.jpg 900w, https:\/\/micks-touren.de\/wp-content\/uploads\/2022\/11\/Boc_16-300x225.jpg 300w, https:\/\/micks-touren.de\/wp-content\/uploads\/2022\/11\/Boc_16-768x576.jpg 768w, https:\/\/micks-touren.de\/wp-content\/uploads\/2022\/11\/Boc_16-150x113.jpg 150w\" sizes=\"auto, (max-width: 900px) 100vw, 900px\" \/><\/figure><\/li><li class=\"blocks-gallery-item\"><figure><img loading=\"lazy\" decoding=\"async\" width=\"900\" height=\"510\" src=\"https:\/\/micks-touren.de\/wp-content\/uploads\/2022\/11\/Boc_17.jpg\" alt=\"\" data-id=\"1270\" data-full-url=\"https:\/\/micks-touren.de\/wp-content\/uploads\/2022\/11\/Boc_17.jpg\" data-link=\"https:\/\/micks-touren.de\/?attachment_id=1270\" class=\"wp-image-1270\" srcset=\"https:\/\/micks-touren.de\/wp-content\/uploads\/2022\/11\/Boc_17.jpg 900w, https:\/\/micks-touren.de\/wp-content\/uploads\/2022\/11\/Boc_17-300x170.jpg 300w, https:\/\/micks-touren.de\/wp-content\/uploads\/2022\/11\/Boc_17-768x435.jpg 768w, https:\/\/micks-touren.de\/wp-content\/uploads\/2022\/11\/Boc_17-150x85.jpg 150w\" sizes=\"auto, (max-width: 900px) 100vw, 900px\" \/><\/figure><\/li><\/ul><\/figure>\n\n\n\n<p><\/p>\n","protected":false},"excerpt":{"rendered":"<p>Warum in die Ferne schweifen &#8230; wenn es auch in Deutschland vieles zu sehen gibt. Zum Beispiel so einiges in der Ruhr-Metropole Bochum, bekannt durch Herbert Gr\u00f6nemeyer, den VfL und das Musical &#8222;Starlight Express&#8220;. Letztgenanntes war der Grund, warum ich im November f\u00fcr ein paar Tage hierher kam. In einer&#8230;<\/p>\n<p class=\"continue-reading-button\"> <a class=\"continue-reading-link\" href=\"https:\/\/micks-touren.de\/?page_id=1243\">Continue reading<i class=\"crycon-right-dir\"><\/i><\/a><\/p>\n","protected":false},"author":1,"featured_media":0,"parent":0,"menu_order":0,"comment_status":"open","ping_status":"closed","template":"","meta":{"footnotes":""},"class_list":["post-1243","page","type-page","status-publish","hentry"],"_links":{"self":[{"href":"https:\/\/micks-touren.de\/index.php?rest_route=\/wp\/v2\/pages\/1243","targetHints":{"allow":["GET"]}}],"collection":[{"href":"https:\/\/micks-touren.de\/index.php?rest_route=\/wp\/v2\/pages"}],"about":[{"href":"https:\/\/micks-touren.de\/index.php?rest_route=\/wp\/v2\/types\/page"}],"author":[{"embeddable":true,"href":"https:\/\/micks-touren.de\/index.php?rest_route=\/wp\/v2\/users\/1"}],"replies":[{"embeddable":true,"href":"https:\/\/micks-touren.de\/index.php?rest_route=%2Fwp%2Fv2%2Fcomments&post=1243"}],"version-history":[{"count":5,"href":"https:\/\/micks-touren.de\/index.php?rest_route=\/wp\/v2\/pages\/1243\/revisions"}],"predecessor-version":[{"id":1272,"href":"https:\/\/micks-touren.de\/index.php?rest_route=\/wp\/v2\/pages\/1243\/revisions\/1272"}],"wp:attachment":[{"href":"https:\/\/micks-touren.de\/index.php?rest_route=%2Fwp%2Fv2%2Fmedia&parent=1243"}],"curies":[{"name":"wp","href":"https:\/\/api.w.org\/{rel}","templated":true}]}}