{"id":1156,"date":"2021-12-02T20:00:25","date_gmt":"2021-12-02T19:00:25","guid":{"rendered":"https:\/\/micks-touren.de\/?page_id=1156"},"modified":"2021-12-02T20:01:58","modified_gmt":"2021-12-02T19:01:58","slug":"gozo-2021","status":"publish","type":"page","link":"https:\/\/micks-touren.de\/?page_id=1156","title":{"rendered":"Gozo (2021)"},"content":{"rendered":"\n<p>Im November brauchte ich noch ein bisschen Sonne und W\u00e4rme. Da traf es sich gut, dass Andrea, eine Bekannte von Mensa, auf Gozo ein offenes Haus hat. Also: Angefragt, zugesagt und Flugtickets gekauft.<\/p>\n\n\n\n<p>Interessanterweise sagt die Insel Gozo vielen erstmal nichts. Deshalb als Info: Gozo ist die Schwesterinsel von Malta, zusammen mit Comino und einigen kleineren Inselchen. Wer mich oder meinen Blog kennt, der wei\u00df, dass ich bereits 3x auf Malta war (es ist neben Madeira meine Lieblingsinsel), aber Gozo kannte ich nur von einem Tagesausflug. Das hat sich nun ge\u00e4ndert \ud83d\ude09<\/p>\n\n\n\n<p><\/p>\n\n\n\n<div class=\"wp-block-image\"><figure class=\"aligncenter size-large\"><img loading=\"lazy\" decoding=\"async\" width=\"1024\" height=\"768\" src=\"https:\/\/micks-touren.de\/wp-content\/uploads\/2021\/12\/Goz-01-1024x768.jpg\" alt=\"\" class=\"wp-image-1157\" srcset=\"https:\/\/micks-touren.de\/wp-content\/uploads\/2021\/12\/Goz-01-1024x768.jpg 1024w, https:\/\/micks-touren.de\/wp-content\/uploads\/2021\/12\/Goz-01-300x225.jpg 300w, https:\/\/micks-touren.de\/wp-content\/uploads\/2021\/12\/Goz-01-768x576.jpg 768w, https:\/\/micks-touren.de\/wp-content\/uploads\/2021\/12\/Goz-01-150x113.jpg 150w, https:\/\/micks-touren.de\/wp-content\/uploads\/2021\/12\/Goz-01.jpg 1200w\" sizes=\"auto, (max-width: 1024px) 100vw, 1024px\" \/><figcaption>Mit der F\u00e4hre von Cirkewwa nach Gozo<\/figcaption><\/figure><\/div>\n\n\n\n<p>Ich hatte Gl\u00fcck: Ein paar Wochen vorher hatte es kr\u00e4ftig geregnet. Das Ergebnis: alles war gr\u00fcn. Und das konnte ich am ersten Tag auf einem kleinen Rundgang dann auch kr\u00e4ftig bewundern.<\/p>\n\n\n\n<div class=\"wp-block-image\"><figure class=\"aligncenter size-large\"><img loading=\"lazy\" decoding=\"async\" width=\"1024\" height=\"768\" src=\"https:\/\/micks-touren.de\/wp-content\/uploads\/2021\/12\/Goz-02-1024x768.jpg\" alt=\"\" class=\"wp-image-1158\" srcset=\"https:\/\/micks-touren.de\/wp-content\/uploads\/2021\/12\/Goz-02-1024x768.jpg 1024w, https:\/\/micks-touren.de\/wp-content\/uploads\/2021\/12\/Goz-02-300x225.jpg 300w, https:\/\/micks-touren.de\/wp-content\/uploads\/2021\/12\/Goz-02-768x576.jpg 768w, https:\/\/micks-touren.de\/wp-content\/uploads\/2021\/12\/Goz-02-150x113.jpg 150w, https:\/\/micks-touren.de\/wp-content\/uploads\/2021\/12\/Goz-02.jpg 1200w\" sizes=\"auto, (max-width: 1024px) 100vw, 1024px\" \/><\/figure><\/div>\n\n\n\n<p><\/p>\n\n\n\n<div class=\"wp-block-image\"><figure class=\"aligncenter size-large\"><img loading=\"lazy\" decoding=\"async\" width=\"1024\" height=\"768\" src=\"https:\/\/micks-touren.de\/wp-content\/uploads\/2021\/12\/Goz-03-1024x768.jpg\" alt=\"\" class=\"wp-image-1159\" srcset=\"https:\/\/micks-touren.de\/wp-content\/uploads\/2021\/12\/Goz-03-1024x768.jpg 1024w, https:\/\/micks-touren.de\/wp-content\/uploads\/2021\/12\/Goz-03-300x225.jpg 300w, https:\/\/micks-touren.de\/wp-content\/uploads\/2021\/12\/Goz-03-768x576.jpg 768w, https:\/\/micks-touren.de\/wp-content\/uploads\/2021\/12\/Goz-03-150x113.jpg 150w, https:\/\/micks-touren.de\/wp-content\/uploads\/2021\/12\/Goz-03.jpg 1200w\" sizes=\"auto, (max-width: 1024px) 100vw, 1024px\" \/><figcaption>Bestes Wetter <\/figcaption><\/figure><\/div>\n\n\n\n<p><\/p>\n\n\n\n<div class=\"wp-block-image\"><figure class=\"aligncenter size-large\"><img loading=\"lazy\" decoding=\"async\" width=\"1024\" height=\"768\" src=\"https:\/\/micks-touren.de\/wp-content\/uploads\/2021\/12\/Goz-04-1024x768.jpg\" alt=\"\" class=\"wp-image-1160\" srcset=\"https:\/\/micks-touren.de\/wp-content\/uploads\/2021\/12\/Goz-04-1024x768.jpg 1024w, https:\/\/micks-touren.de\/wp-content\/uploads\/2021\/12\/Goz-04-300x225.jpg 300w, https:\/\/micks-touren.de\/wp-content\/uploads\/2021\/12\/Goz-04-768x576.jpg 768w, https:\/\/micks-touren.de\/wp-content\/uploads\/2021\/12\/Goz-04-150x113.jpg 150w, https:\/\/micks-touren.de\/wp-content\/uploads\/2021\/12\/Goz-04-700x525.jpg 700w, https:\/\/micks-touren.de\/wp-content\/uploads\/2021\/12\/Goz-04-620x465.jpg 620w, https:\/\/micks-touren.de\/wp-content\/uploads\/2021\/12\/Goz-04-400x300.jpg 400w, https:\/\/micks-touren.de\/wp-content\/uploads\/2021\/12\/Goz-04.jpg 1200w\" sizes=\"auto, (max-width: 1024px) 100vw, 1024px\" \/><\/figure><\/div>\n\n\n\n<p>Am Nachmittag kam noch ein weiterer Gast an, Kristen aus Chicago, zusammen mit ihrer To-do-Liste, also jeder Menge Punkte, die sie sehen wollte. Einer davon war die Inselhauptstadt Victoria mitsamt ihrer Festung. Die hatte ich schon mal besucht, allerdings ohne die verschiedenen Museen zu besichtigen. Das wurde jetzt nachgeholt. <strong><span class=\"has-inline-color has-vivid-red-color\">TIPP<\/span><\/strong>: Unbedingt einen Rundgang auf der Festungsmauer machen, dort hat man einen tollen Ausblick \u00fcber einen guten Teil von Gozo. Und wenn man dann Hunger bekommt: zur\u00fcck Richtung Innenstadt, dann links und nach ein paar Metern findet man das Cafe Jubilee mit einer sehr gem\u00fctlichen Atmosph\u00e4re.<\/p>\n\n\n\n<p>Der n\u00e4chste Punkt auf der Liste war die Tempelanlage von Ggantija. Auch da war ich schon und konnte mich dementsprechend ein bisschen als Fremdenf\u00fchrer bet\u00e4tigen  \ud83d\ude09 Mehr Infos k\u00f6nnt Ihr in meinem Bericht <a rel=\"noreferrer noopener\" href=\"https:\/\/micks-touren.de\/?page_id=684\" data-type=\"URL\" data-id=\"https:\/\/micks-touren.de\/?page_id=684\" target=\"_blank\">&#8222;Malta (2018)&#8220;<\/a> finden. Ganz in der N\u00e4he kann man noch die Ta&#8216;-Kola-Windm\u00fchle besichtigen, die als letzte ihrer Art auf Gozo in Betrieb war.<\/p>\n\n\n\n<p>Im Norden Gozos, in der N\u00e4he der Xwejni Bay, gibt es eine lange Reihe von Salzpfannen, flache Becken, in denen das Wasser verdunstet und Salz zur\u00fcckbleibt. Betreten darf man das Gel\u00e4nde nicht, aber eine gut begehbare Strasse f\u00fchrt direkt daran vorbei, so dass man sich das Ganze gut anschauen kann. Und auch die Felsformation auf der anderen Strassenseite sind mehr als einen Blick wert !<\/p>\n\n\n\n<div class=\"wp-block-image\"><figure class=\"aligncenter size-large\"><img loading=\"lazy\" decoding=\"async\" width=\"1024\" height=\"768\" src=\"https:\/\/micks-touren.de\/wp-content\/uploads\/2021\/12\/Goz-05-1024x768.jpg\" alt=\"\" class=\"wp-image-1161\" srcset=\"https:\/\/micks-touren.de\/wp-content\/uploads\/2021\/12\/Goz-05-1024x768.jpg 1024w, https:\/\/micks-touren.de\/wp-content\/uploads\/2021\/12\/Goz-05-300x225.jpg 300w, https:\/\/micks-touren.de\/wp-content\/uploads\/2021\/12\/Goz-05-768x576.jpg 768w, https:\/\/micks-touren.de\/wp-content\/uploads\/2021\/12\/Goz-05-150x113.jpg 150w, https:\/\/micks-touren.de\/wp-content\/uploads\/2021\/12\/Goz-05.jpg 1200w\" sizes=\"auto, (max-width: 1024px) 100vw, 1024px\" \/><\/figure><\/div>\n\n\n\n<p class=\"has-text-align-center\"><\/p>\n\n\n\n<div class=\"wp-block-image\"><figure class=\"aligncenter size-full\"><img loading=\"lazy\" decoding=\"async\" width=\"675\" height=\"900\" src=\"https:\/\/micks-touren.de\/wp-content\/uploads\/2021\/12\/Goz-06.jpg\" alt=\"\" class=\"wp-image-1163\" srcset=\"https:\/\/micks-touren.de\/wp-content\/uploads\/2021\/12\/Goz-06.jpg 675w, https:\/\/micks-touren.de\/wp-content\/uploads\/2021\/12\/Goz-06-225x300.jpg 225w, https:\/\/micks-touren.de\/wp-content\/uploads\/2021\/12\/Goz-06-113x150.jpg 113w\" sizes=\"auto, (max-width: 675px) 100vw, 675px\" \/><\/figure><\/div>\n\n\n\n<p>Da es noch ein Weilchen hell war, wanderten wir weiter Richtung Westen bis zum Wied il-G\u0127asri, einer K\u00fcstenschlucht mit tollen M\u00f6glichkeiten zum schwimmen, tauchen und schnorcheln (wenn es etwas w\u00e4rmer ist).<\/p>\n\n\n\n<p><\/p>\n\n\n\n<div class=\"wp-block-image\"><figure class=\"aligncenter size-full\"><img loading=\"lazy\" decoding=\"async\" width=\"675\" height=\"900\" src=\"https:\/\/micks-touren.de\/wp-content\/uploads\/2021\/12\/Goz-07-rotated.jpg\" alt=\"\" class=\"wp-image-1164\" srcset=\"https:\/\/micks-touren.de\/wp-content\/uploads\/2021\/12\/Goz-07-rotated.jpg 675w, https:\/\/micks-touren.de\/wp-content\/uploads\/2021\/12\/Goz-07-225x300.jpg 225w, https:\/\/micks-touren.de\/wp-content\/uploads\/2021\/12\/Goz-07-113x150.jpg 113w\" sizes=\"auto, (max-width: 675px) 100vw, 675px\" \/><\/figure><\/div>\n\n\n\n<p>Mit Andrea machten wir einen tollen Spaziergang entlang der S\u00fcdk\u00fcste bis zu den Klippen von Ta&#8216; Cenc. Hier ein paar Bilder von der Tour:<\/p>\n\n\n\n<figure class=\"wp-block-gallery aligncenter columns-3 is-cropped wp-block-gallery-1 is-layout-flex wp-block-gallery-is-layout-flex\"><ul class=\"blocks-gallery-grid\"><li class=\"blocks-gallery-item\"><figure><img loading=\"lazy\" decoding=\"async\" width=\"600\" height=\"450\" src=\"https:\/\/micks-touren.de\/wp-content\/uploads\/2021\/12\/Goz-08.jpg\" alt=\"\" data-id=\"1166\" data-link=\"https:\/\/micks-touren.de\/?attachment_id=1166\" class=\"wp-image-1166\" srcset=\"https:\/\/micks-touren.de\/wp-content\/uploads\/2021\/12\/Goz-08.jpg 600w, https:\/\/micks-touren.de\/wp-content\/uploads\/2021\/12\/Goz-08-300x225.jpg 300w, https:\/\/micks-touren.de\/wp-content\/uploads\/2021\/12\/Goz-08-150x113.jpg 150w\" sizes=\"auto, (max-width: 600px) 100vw, 600px\" \/><\/figure><\/li><li class=\"blocks-gallery-item\"><figure><img loading=\"lazy\" decoding=\"async\" width=\"600\" height=\"450\" src=\"https:\/\/micks-touren.de\/wp-content\/uploads\/2021\/12\/Goz-09.jpg\" alt=\"\" data-id=\"1167\" data-link=\"https:\/\/micks-touren.de\/?attachment_id=1167\" class=\"wp-image-1167\" srcset=\"https:\/\/micks-touren.de\/wp-content\/uploads\/2021\/12\/Goz-09.jpg 600w, https:\/\/micks-touren.de\/wp-content\/uploads\/2021\/12\/Goz-09-300x225.jpg 300w, https:\/\/micks-touren.de\/wp-content\/uploads\/2021\/12\/Goz-09-150x113.jpg 150w\" sizes=\"auto, (max-width: 600px) 100vw, 600px\" \/><\/figure><\/li><li class=\"blocks-gallery-item\"><figure><img loading=\"lazy\" decoding=\"async\" width=\"600\" height=\"450\" src=\"https:\/\/micks-touren.de\/wp-content\/uploads\/2021\/12\/Goz-10.jpg\" alt=\"\" data-id=\"1168\" data-link=\"https:\/\/micks-touren.de\/?attachment_id=1168\" class=\"wp-image-1168\" srcset=\"https:\/\/micks-touren.de\/wp-content\/uploads\/2021\/12\/Goz-10.jpg 600w, https:\/\/micks-touren.de\/wp-content\/uploads\/2021\/12\/Goz-10-300x225.jpg 300w, https:\/\/micks-touren.de\/wp-content\/uploads\/2021\/12\/Goz-10-150x113.jpg 150w\" sizes=\"auto, (max-width: 600px) 100vw, 600px\" \/><\/figure><\/li><li class=\"blocks-gallery-item\"><figure><img loading=\"lazy\" decoding=\"async\" width=\"600\" height=\"450\" src=\"https:\/\/micks-touren.de\/wp-content\/uploads\/2021\/12\/Goz-11-1.jpg\" alt=\"\" data-id=\"1170\" data-full-url=\"https:\/\/micks-touren.de\/wp-content\/uploads\/2021\/12\/Goz-11-1.jpg\" data-link=\"https:\/\/micks-touren.de\/?attachment_id=1170\" class=\"wp-image-1170\" srcset=\"https:\/\/micks-touren.de\/wp-content\/uploads\/2021\/12\/Goz-11-1.jpg 600w, https:\/\/micks-touren.de\/wp-content\/uploads\/2021\/12\/Goz-11-1-300x225.jpg 300w, https:\/\/micks-touren.de\/wp-content\/uploads\/2021\/12\/Goz-11-1-150x113.jpg 150w\" sizes=\"auto, (max-width: 600px) 100vw, 600px\" \/><\/figure><\/li><\/ul><\/figure>\n\n\n\n<p>Ganz in der N\u00e4he befindet sich das 5-Sterne-Hotel Ta&#8216; Cenc &amp; Spa. Auch als Nicht-Gast kann man dort gut essen.<\/p>\n\n\n\n<p>Ein neuer Tag mit neuen Zielen. Einer davon war die Basilika in Ta&#8216; Pinu. Sie steht au\u00dferhalb des Ortes und beeindruckt durch die Mosaik-W\u00e4nde auf dem Vorplatz, die die Geschichte von Johannes dem T\u00e4ufer erz\u00e4hlen. Die Basilika ist der Ausgangspunkt zu einem Pilgerpfad, der auf einen H\u00fcgel zu einem freistehenden Altar f\u00fchrt. Leider war der Weg gesperrt. <\/p>\n\n\n\n<p><\/p>\n\n\n\n<div class=\"wp-block-image\"><figure class=\"aligncenter size-large\"><img loading=\"lazy\" decoding=\"async\" width=\"1024\" height=\"768\" src=\"https:\/\/micks-touren.de\/wp-content\/uploads\/2021\/12\/Goz-12-1024x768.jpg\" alt=\"\" class=\"wp-image-1171\" srcset=\"https:\/\/micks-touren.de\/wp-content\/uploads\/2021\/12\/Goz-12-1024x768.jpg 1024w, https:\/\/micks-touren.de\/wp-content\/uploads\/2021\/12\/Goz-12-300x225.jpg 300w, https:\/\/micks-touren.de\/wp-content\/uploads\/2021\/12\/Goz-12-768x576.jpg 768w, https:\/\/micks-touren.de\/wp-content\/uploads\/2021\/12\/Goz-12-150x113.jpg 150w, https:\/\/micks-touren.de\/wp-content\/uploads\/2021\/12\/Goz-12.jpg 1200w\" sizes=\"auto, (max-width: 1024px) 100vw, 1024px\" \/><\/figure><\/div>\n\n\n\n<p>Weiter ging es zum Blue hole, einem Aussichtspunkt in der N\u00e4he von Dwejra an der Westk\u00fcste. Fr\u00fcher war dort ein Felsbogen, der leider vor ein paar Jahren eingest\u00fcrzt ist. Dementsprechend ist die Aussicht nicht mehr so toll. Daf\u00fcr kann man sich aber lange an der K\u00fcste aufhalten, Wellen genie\u00dfen und die Steinformationen bewundern:<\/p>\n\n\n\n<p><\/p>\n\n\n\n<div class=\"wp-block-image\"><figure class=\"aligncenter size-large\"><img loading=\"lazy\" decoding=\"async\" width=\"1024\" height=\"768\" src=\"https:\/\/micks-touren.de\/wp-content\/uploads\/2021\/12\/Goz-13-1-1024x768.jpg\" alt=\"\" class=\"wp-image-1174\" srcset=\"https:\/\/micks-touren.de\/wp-content\/uploads\/2021\/12\/Goz-13-1-1024x768.jpg 1024w, https:\/\/micks-touren.de\/wp-content\/uploads\/2021\/12\/Goz-13-1-300x225.jpg 300w, https:\/\/micks-touren.de\/wp-content\/uploads\/2021\/12\/Goz-13-1-768x576.jpg 768w, https:\/\/micks-touren.de\/wp-content\/uploads\/2021\/12\/Goz-13-1-150x113.jpg 150w, https:\/\/micks-touren.de\/wp-content\/uploads\/2021\/12\/Goz-13-1.jpg 1200w\" sizes=\"auto, (max-width: 1024px) 100vw, 1024px\" \/><\/figure><\/div>\n\n\n\n<p>Wenn man schon auf Malta ist, darf man einen Besuch in der Hauptstadt Valetta nicht vers\u00e4umen. <strong><span class=\"has-inline-color has-vivid-red-color\">TIPP<\/span><\/strong>: Malta Experience in der N\u00e4he der Lower Barrakka Gardens. In einer dreiviertel Stunde erf\u00e4hrt man viel Wissenswertes \u00fcber die Geschichte der Inseln und kann anschlie\u00dfend bei einer F\u00fchrung das Knight&#8217;s hospital genau gegen\u00fcber bewundern. <\/p>\n\n\n\n<p>Zu der Zeit, als wir da waren, begann in Valetta schon der Weihnachtsmarkt &#8211; mit Riesenrad ! <\/p>\n\n\n\n<p>Am vorletzten Tag besuchten Andrea und ich die Basilika St. John Baptist in Xewkija. Man kann gegen einen kleinen Eintritt mit dem Fahrstuhl (!) zu einem Rundgang fahren und hat dann einen tollen Blick in alle Richtungen. Auch hier ein <strong><span class=\"has-inline-color has-vivid-red-color\">TIPP<\/span><\/strong>: Unbedingt die Treppen zum Glockenturm hochgehen ! Man kommt am Uhrwerk vorbei und hat dann ganz oben eine Aussicht \u00fcber ganz Gozo.<\/p>\n\n\n\n<p><\/p>\n\n\n\n<div class=\"wp-block-image\"><figure class=\"aligncenter size-large\"><img loading=\"lazy\" decoding=\"async\" width=\"1024\" height=\"481\" src=\"https:\/\/micks-touren.de\/wp-content\/uploads\/2021\/12\/Goz-14-1024x481.jpg\" alt=\"\" class=\"wp-image-1173\" srcset=\"https:\/\/micks-touren.de\/wp-content\/uploads\/2021\/12\/Goz-14-1024x481.jpg 1024w, https:\/\/micks-touren.de\/wp-content\/uploads\/2021\/12\/Goz-14-300x141.jpg 300w, https:\/\/micks-touren.de\/wp-content\/uploads\/2021\/12\/Goz-14-768x361.jpg 768w, https:\/\/micks-touren.de\/wp-content\/uploads\/2021\/12\/Goz-14-150x71.jpg 150w, https:\/\/micks-touren.de\/wp-content\/uploads\/2021\/12\/Goz-14.jpg 1200w\" sizes=\"auto, (max-width: 1024px) 100vw, 1024px\" \/><\/figure><\/div>\n\n\n\n<p>Und dann war mein Urlaub leider wieder vorbei. Am Abreisetag weinte der Himmel &#8211; und ich innerlich auch ein bisschen. <\/p>\n\n\n\n<p>Zum Abschluss noch eine Reihe von <strong><span class=\"has-inline-color has-vivid-red-color\">TIPPS<\/span><\/strong>:<\/p>\n\n\n\n<ul class=\"wp-block-list\"><li>Malta besitzt ein gut ausgebautes Bus-Netz. Am Flughafen kann man sich f\u00fcr derzeit 21 Euro die Explore card besorgen und damit 7 Tage lang herumfahren. <\/li><li>Empfehlenswert sind auch die BOLT-Taxis &#8211; und billig dazu. Mit der Handy-App kann man ein Taxi zu seiner Position rufen, den Zielort angeben, den Fahrpreis sehen, den Fahrer bezahlen, ihn bewerten, sehen, wann er\/sie kommt und einiges mehr.<\/li><li>Wenn man mit der normalen F\u00e4hre nach Gozo f\u00e4hrt, muss man kein Ticket kaufen. Erst auf der R\u00fcckfahrt werden dann \u20ac 4,75 f\u00e4llig.<\/li><li>Probiert unbedingt Ftira. Das sind flache Brote in unterschiedlichen Gr\u00f6\u00dfen. Besonders lecker war das mit Sesam.<\/li><\/ul>\n\n\n\n<p><\/p>\n","protected":false},"excerpt":{"rendered":"<p>Im November brauchte ich noch ein bisschen Sonne und W\u00e4rme. Da traf es sich gut, dass Andrea, eine Bekannte von Mensa, auf Gozo ein offenes Haus hat. Also: Angefragt, zugesagt und Flugtickets gekauft. Interessanterweise sagt die Insel Gozo vielen erstmal nichts. Deshalb als Info: Gozo ist die Schwesterinsel von Malta,&#8230;<\/p>\n<p class=\"continue-reading-button\"> <a class=\"continue-reading-link\" href=\"https:\/\/micks-touren.de\/?page_id=1156\">Continue reading<i class=\"crycon-right-dir\"><\/i><\/a><\/p>\n","protected":false},"author":1,"featured_media":0,"parent":0,"menu_order":0,"comment_status":"open","ping_status":"closed","template":"","meta":{"footnotes":""},"class_list":["post-1156","page","type-page","status-publish","hentry"],"_links":{"self":[{"href":"https:\/\/micks-touren.de\/index.php?rest_route=\/wp\/v2\/pages\/1156","targetHints":{"allow":["GET"]}}],"collection":[{"href":"https:\/\/micks-touren.de\/index.php?rest_route=\/wp\/v2\/pages"}],"about":[{"href":"https:\/\/micks-touren.de\/index.php?rest_route=\/wp\/v2\/types\/page"}],"author":[{"embeddable":true,"href":"https:\/\/micks-touren.de\/index.php?rest_route=\/wp\/v2\/users\/1"}],"replies":[{"embeddable":true,"href":"https:\/\/micks-touren.de\/index.php?rest_route=%2Fwp%2Fv2%2Fcomments&post=1156"}],"version-history":[{"count":3,"href":"https:\/\/micks-touren.de\/index.php?rest_route=\/wp\/v2\/pages\/1156\/revisions"}],"predecessor-version":[{"id":1175,"href":"https:\/\/micks-touren.de\/index.php?rest_route=\/wp\/v2\/pages\/1156\/revisions\/1175"}],"wp:attachment":[{"href":"https:\/\/micks-touren.de\/index.php?rest_route=%2Fwp%2Fv2%2Fmedia&parent=1156"}],"curies":[{"name":"wp","href":"https:\/\/api.w.org\/{rel}","templated":true}]}}