{"id":1131,"date":"2021-10-19T19:58:00","date_gmt":"2021-10-19T18:58:00","guid":{"rendered":"https:\/\/micks-touren.de\/?page_id=1131"},"modified":"2021-10-19T19:59:42","modified_gmt":"2021-10-19T18:59:42","slug":"brno-bruenn-2021","status":"publish","type":"page","link":"https:\/\/micks-touren.de\/?page_id=1131","title":{"rendered":"Brno\/Br\u00fcnn (2021)"},"content":{"rendered":"\n<p>Nach einem Jahr Covid-19 konnte es endlich doch stattfinden: Das EMAG, ein europ\u00e4isches Treffen von Mensa-Mitgliedern. Mehr als 200 hatten sich auf den Weg gemacht, so auch ich und Jens, ein Freund aus Frankfurt. Gelandet sind wir in Prag, haben uns nat\u00fcrlich etwas Zeit gelassen und die Stadt besichtigt. Da ich im Vorjahr schon dort war (siehe den Bericht Prag 2020), konnte ich ihm einiges zeigen.<\/p>\n\n\n\n<div class=\"wp-block-image\"><figure class=\"aligncenter size-large\"><img loading=\"lazy\" decoding=\"async\" width=\"1024\" height=\"768\" src=\"https:\/\/micks-touren.de\/wp-content\/uploads\/2021\/10\/brn-01-1024x768.jpg\" alt=\"\" class=\"wp-image-1132\" srcset=\"https:\/\/micks-touren.de\/wp-content\/uploads\/2021\/10\/brn-01-1024x768.jpg 1024w, https:\/\/micks-touren.de\/wp-content\/uploads\/2021\/10\/brn-01-300x225.jpg 300w, https:\/\/micks-touren.de\/wp-content\/uploads\/2021\/10\/brn-01-768x576.jpg 768w, https:\/\/micks-touren.de\/wp-content\/uploads\/2021\/10\/brn-01-150x113.jpg 150w, https:\/\/micks-touren.de\/wp-content\/uploads\/2021\/10\/brn-01.jpg 1200w\" sizes=\"auto, (max-width: 1024px) 100vw, 1024px\" \/><figcaption>Der Altstadt-Ring bei bestem Wetter<\/figcaption><\/figure><\/div>\n\n\n\n<p>Nach einem Mittagessen, 2 Cocktails an der Moldau und dem Anblick einer Nutria-Familie (siehe dazu Wikipedia) gingen wir zur\u00fcck zum Bahnhof und fuhren mit dem Zug gut 3 Stunden nach Brno. Gleich ein <strong><span class=\"has-inline-color has-vivid-red-color\">Tipp<\/span><\/strong>: Zugfahren in Tschechien ist relativ g\u00fcnstig im Vergleich mit Deutschland. Deshalb haben wir uns 1. Klasse geg\u00f6nnt &#8211; und gerade mal 20 Euro bezahlt (eine Flasche Wasser gibts gratis dazu !).<\/p>\n\n\n\n<p>Brno ist eine nette Stadt, in der es so Einiges zu sehen gibt. Unser Tagungshotel befand sich ein paar Minuten von der Innenstadt entfernt, so dass man in sehr kurzer Zeit mitten im Trubel war. <\/p>\n\n\n\n<figure class=\"wp-block-image size-large\"><img loading=\"lazy\" decoding=\"async\" width=\"1024\" height=\"768\" src=\"https:\/\/micks-touren.de\/wp-content\/uploads\/2021\/10\/brn-02-1024x768.jpg\" alt=\"\" class=\"wp-image-1133\" srcset=\"https:\/\/micks-touren.de\/wp-content\/uploads\/2021\/10\/brn-02-1024x768.jpg 1024w, https:\/\/micks-touren.de\/wp-content\/uploads\/2021\/10\/brn-02-300x225.jpg 300w, https:\/\/micks-touren.de\/wp-content\/uploads\/2021\/10\/brn-02-768x576.jpg 768w, https:\/\/micks-touren.de\/wp-content\/uploads\/2021\/10\/brn-02-150x113.jpg 150w, https:\/\/micks-touren.de\/wp-content\/uploads\/2021\/10\/brn-02.jpg 1200w\" sizes=\"auto, (max-width: 1024px) 100vw, 1024px\" \/><\/figure>\n\n\n\n<div class=\"wp-block-image\"><figure class=\"aligncenter size-large\"><img loading=\"lazy\" decoding=\"async\" width=\"1024\" height=\"768\" src=\"https:\/\/micks-touren.de\/wp-content\/uploads\/2021\/10\/brn-03-1024x768.jpg\" alt=\"\" class=\"wp-image-1134\" srcset=\"https:\/\/micks-touren.de\/wp-content\/uploads\/2021\/10\/brn-03-1024x768.jpg 1024w, https:\/\/micks-touren.de\/wp-content\/uploads\/2021\/10\/brn-03-300x225.jpg 300w, https:\/\/micks-touren.de\/wp-content\/uploads\/2021\/10\/brn-03-768x576.jpg 768w, https:\/\/micks-touren.de\/wp-content\/uploads\/2021\/10\/brn-03-150x113.jpg 150w, https:\/\/micks-touren.de\/wp-content\/uploads\/2021\/10\/brn-03.jpg 1200w\" sizes=\"auto, (max-width: 1024px) 100vw, 1024px\" \/><figcaption>Der Freiheits-Platz mit einer interessanten Uhr (das schwarze Irgendwas im Vordergrund). Hier ist immer was los.<\/figcaption><\/figure><\/div>\n\n\n\n<p>Bereits am Ankunftstag hatten wir am Freiheitsplatz eine Rooftop-Bar entdeckt und am n\u00e4chsten Nachmittag sofort ausprobiert. Und auch hier gilt: Tschechien ist f\u00fcr unsere Verh\u00e4ltnisse spottbillig. Einen alkoholfreien Cocktail bekommt man hier f\u00fcr umgerechnet knapp 3 Euro. Verst\u00e4ndlich, dass wir \u00f6fters hier waren &#8211; in Gruppen bis zu 20 Leuten \ud83d\ude09<\/p>\n\n\n\n<div class=\"wp-block-image\"><figure class=\"aligncenter size-full\"><img loading=\"lazy\" decoding=\"async\" width=\"675\" height=\"900\" src=\"https:\/\/micks-touren.de\/wp-content\/uploads\/2021\/10\/brn-04.jpg\" alt=\"\" class=\"wp-image-1135\" srcset=\"https:\/\/micks-touren.de\/wp-content\/uploads\/2021\/10\/brn-04.jpg 675w, https:\/\/micks-touren.de\/wp-content\/uploads\/2021\/10\/brn-04-225x300.jpg 225w, https:\/\/micks-touren.de\/wp-content\/uploads\/2021\/10\/brn-04-113x150.jpg 113w\" sizes=\"auto, (max-width: 675px) 100vw, 675px\" \/><\/figure><\/div>\n\n\n\n<div class=\"wp-block-image\"><figure class=\"aligncenter size-large\"><img loading=\"lazy\" decoding=\"async\" width=\"1024\" height=\"768\" src=\"https:\/\/micks-touren.de\/wp-content\/uploads\/2021\/10\/brn-05-1024x768.jpg\" alt=\"\" class=\"wp-image-1136\" srcset=\"https:\/\/micks-touren.de\/wp-content\/uploads\/2021\/10\/brn-05-1024x768.jpg 1024w, https:\/\/micks-touren.de\/wp-content\/uploads\/2021\/10\/brn-05-300x225.jpg 300w, https:\/\/micks-touren.de\/wp-content\/uploads\/2021\/10\/brn-05-768x576.jpg 768w, https:\/\/micks-touren.de\/wp-content\/uploads\/2021\/10\/brn-05-150x113.jpg 150w, https:\/\/micks-touren.de\/wp-content\/uploads\/2021\/10\/brn-05.jpg 1200w\" sizes=\"auto, (max-width: 1024px) 100vw, 1024px\" \/><figcaption>Ein toller Ausblick von der Dachterrasse<\/figcaption><\/figure><\/div>\n\n\n\n<p>Wie es bei Mensa-Treffen so \u00fcblich ist: es gab jede Menge Programmpunkte. Ob Firmenbesichtigungen, Stadtf\u00fchrungen, Escape rooms, Coffee tastings, eine Grillfete am Stausee &#8211; f\u00fcr jeden Geschmack war so Einiges dabei. Ich selbst war bei 2 Stadtf\u00fchrungen dabei, einmal auf und einmal unter den Stra\u00dfen Brnos. <\/p>\n\n\n\n<div class=\"wp-block-image\"><figure class=\"aligncenter size-large\"><img loading=\"lazy\" decoding=\"async\" width=\"1024\" height=\"768\" src=\"https:\/\/micks-touren.de\/wp-content\/uploads\/2021\/10\/brn-06-1024x768.jpg\" alt=\"\" class=\"wp-image-1137\" srcset=\"https:\/\/micks-touren.de\/wp-content\/uploads\/2021\/10\/brn-06-1024x768.jpg 1024w, https:\/\/micks-touren.de\/wp-content\/uploads\/2021\/10\/brn-06-300x225.jpg 300w, https:\/\/micks-touren.de\/wp-content\/uploads\/2021\/10\/brn-06-768x576.jpg 768w, https:\/\/micks-touren.de\/wp-content\/uploads\/2021\/10\/brn-06-150x113.jpg 150w, https:\/\/micks-touren.de\/wp-content\/uploads\/2021\/10\/brn-06.jpg 1200w\" sizes=\"auto, (max-width: 1024px) 100vw, 1024px\" \/><\/figure><\/div>\n\n\n\n<div class=\"wp-block-image\"><figure class=\"aligncenter size-large\"><img loading=\"lazy\" decoding=\"async\" width=\"1024\" height=\"768\" src=\"https:\/\/micks-touren.de\/wp-content\/uploads\/2021\/10\/brn-07-1024x768.jpg\" alt=\"\" class=\"wp-image-1138\" srcset=\"https:\/\/micks-touren.de\/wp-content\/uploads\/2021\/10\/brn-07-1024x768.jpg 1024w, https:\/\/micks-touren.de\/wp-content\/uploads\/2021\/10\/brn-07-300x225.jpg 300w, https:\/\/micks-touren.de\/wp-content\/uploads\/2021\/10\/brn-07-768x576.jpg 768w, https:\/\/micks-touren.de\/wp-content\/uploads\/2021\/10\/brn-07-150x113.jpg 150w, https:\/\/micks-touren.de\/wp-content\/uploads\/2021\/10\/brn-07.jpg 1200w\" sizes=\"auto, (max-width: 1024px) 100vw, 1024px\" \/><\/figure><\/div>\n\n\n\n<div class=\"wp-block-image\"><figure class=\"aligncenter size-full\"><img loading=\"lazy\" decoding=\"async\" width=\"675\" height=\"900\" src=\"https:\/\/micks-touren.de\/wp-content\/uploads\/2021\/10\/brn-08.jpg\" alt=\"\" class=\"wp-image-1139\" srcset=\"https:\/\/micks-touren.de\/wp-content\/uploads\/2021\/10\/brn-08.jpg 675w, https:\/\/micks-touren.de\/wp-content\/uploads\/2021\/10\/brn-08-225x300.jpg 225w, https:\/\/micks-touren.de\/wp-content\/uploads\/2021\/10\/brn-08-113x150.jpg 113w\" sizes=\"auto, (max-width: 675px) 100vw, 675px\" \/><figcaption>Auch Mozart war als Kind schon hier  \ud83d\ude09<\/figcaption><\/figure><\/div>\n\n\n\n<p>Was bei einem Bsuch in Brno dazugeh\u00f6rt ist eine Besichtigung der Burg Spilberk. Die liegt majest\u00e4tisch auf einem H\u00fcgel &#8211; und ist logischerweise reich an Geschichte.<\/p>\n\n\n\n<div class=\"wp-block-image\"><figure class=\"aligncenter size-large\"><img loading=\"lazy\" decoding=\"async\" width=\"1024\" height=\"768\" src=\"https:\/\/micks-touren.de\/wp-content\/uploads\/2021\/10\/brn-09-1024x768.jpg\" alt=\"\" class=\"wp-image-1148\" srcset=\"https:\/\/micks-touren.de\/wp-content\/uploads\/2021\/10\/brn-09-1024x768.jpg 1024w, https:\/\/micks-touren.de\/wp-content\/uploads\/2021\/10\/brn-09-300x225.jpg 300w, https:\/\/micks-touren.de\/wp-content\/uploads\/2021\/10\/brn-09-768x576.jpg 768w, https:\/\/micks-touren.de\/wp-content\/uploads\/2021\/10\/brn-09-150x113.jpg 150w, https:\/\/micks-touren.de\/wp-content\/uploads\/2021\/10\/brn-09.jpg 1200w\" sizes=\"auto, (max-width: 1024px) 100vw, 1024px\" \/><figcaption>Von meinem Hotelzimmer aus hatte ich einen tollen Blick auf die Burg.<\/figcaption><\/figure><\/div>\n\n\n\n<div class=\"wp-block-image\"><figure class=\"aligncenter size-large\"><img loading=\"lazy\" decoding=\"async\" width=\"1024\" height=\"768\" src=\"https:\/\/micks-touren.de\/wp-content\/uploads\/2021\/10\/brn-10-1024x768.jpg\" alt=\"\" class=\"wp-image-1149\" srcset=\"https:\/\/micks-touren.de\/wp-content\/uploads\/2021\/10\/brn-10-1024x768.jpg 1024w, https:\/\/micks-touren.de\/wp-content\/uploads\/2021\/10\/brn-10-300x225.jpg 300w, https:\/\/micks-touren.de\/wp-content\/uploads\/2021\/10\/brn-10-768x576.jpg 768w, https:\/\/micks-touren.de\/wp-content\/uploads\/2021\/10\/brn-10-150x113.jpg 150w, https:\/\/micks-touren.de\/wp-content\/uploads\/2021\/10\/brn-10.jpg 1200w\" sizes=\"auto, (max-width: 1024px) 100vw, 1024px\" \/><figcaption>Ab in den Untergrund<\/figcaption><\/figure><\/div>\n\n\n\n<p>Was gibt es noch zu sagen? Ach ja, unser Stadtf\u00fchrer hat uns eine Eisdiele empfohlen, die wir dann auch mal besucht haben. Und er hatte recht mit seiner Empfehlung !<\/p>\n\n\n\n<div class=\"wp-block-image\"><figure class=\"aligncenter size-full is-resized\"><img loading=\"lazy\" decoding=\"async\" src=\"https:\/\/micks-touren.de\/wp-content\/uploads\/2021\/10\/brn-11.jpg\" alt=\"\" class=\"wp-image-1150\" width=\"346\" height=\"481\" srcset=\"https:\/\/micks-touren.de\/wp-content\/uploads\/2021\/10\/brn-11.jpg 600w, https:\/\/micks-touren.de\/wp-content\/uploads\/2021\/10\/brn-11-216x300.jpg 216w, https:\/\/micks-touren.de\/wp-content\/uploads\/2021\/10\/brn-11-108x150.jpg 108w\" sizes=\"auto, (max-width: 346px) 100vw, 346px\" \/><\/figure><\/div>\n\n\n\n<p>Wie \u00fcblich ging die Zeit in Brno viel zu schnell vorbei. Was ich mitgenommen habe? Viele tolle Eindr\u00fccke, jede Menge neue Kontakte &#8211; und in Prag war ich dann noch in einem gro\u00dfen S\u00fc\u00dfwarenladen mit Zwergen an der Wand und deutschen M\u00e4rchenliedern. Raus kam ich dann mit ca. 1 kg gemischten S\u00fc\u00dfigkeiten (die Tschechen k\u00f6nnen nicht nur Bier !!).<\/p>\n","protected":false},"excerpt":{"rendered":"<p>Nach einem Jahr Covid-19 konnte es endlich doch stattfinden: Das EMAG, ein europ\u00e4isches Treffen von Mensa-Mitgliedern. Mehr als 200 hatten sich auf den Weg gemacht, so auch ich und Jens, ein Freund aus Frankfurt. Gelandet sind wir in Prag, haben uns nat\u00fcrlich etwas Zeit gelassen und die Stadt besichtigt. Da&#8230;<\/p>\n<p class=\"continue-reading-button\"> <a class=\"continue-reading-link\" href=\"https:\/\/micks-touren.de\/?page_id=1131\">Continue reading<i class=\"crycon-right-dir\"><\/i><\/a><\/p>\n","protected":false},"author":1,"featured_media":0,"parent":0,"menu_order":0,"comment_status":"open","ping_status":"closed","template":"","meta":{"footnotes":""},"class_list":["post-1131","page","type-page","status-publish","hentry"],"_links":{"self":[{"href":"https:\/\/micks-touren.de\/index.php?rest_route=\/wp\/v2\/pages\/1131","targetHints":{"allow":["GET"]}}],"collection":[{"href":"https:\/\/micks-touren.de\/index.php?rest_route=\/wp\/v2\/pages"}],"about":[{"href":"https:\/\/micks-touren.de\/index.php?rest_route=\/wp\/v2\/types\/page"}],"author":[{"embeddable":true,"href":"https:\/\/micks-touren.de\/index.php?rest_route=\/wp\/v2\/users\/1"}],"replies":[{"embeddable":true,"href":"https:\/\/micks-touren.de\/index.php?rest_route=%2Fwp%2Fv2%2Fcomments&post=1131"}],"version-history":[{"count":2,"href":"https:\/\/micks-touren.de\/index.php?rest_route=\/wp\/v2\/pages\/1131\/revisions"}],"predecessor-version":[{"id":1151,"href":"https:\/\/micks-touren.de\/index.php?rest_route=\/wp\/v2\/pages\/1131\/revisions\/1151"}],"wp:attachment":[{"href":"https:\/\/micks-touren.de\/index.php?rest_route=%2Fwp%2Fv2%2Fmedia&parent=1131"}],"curies":[{"name":"wp","href":"https:\/\/api.w.org\/{rel}","templated":true}]}}