{"id":1056,"date":"2020-08-03T12:48:45","date_gmt":"2020-08-03T11:48:45","guid":{"rendered":"http:\/\/micks-touren.de\/?page_id=1056"},"modified":"2020-08-03T13:04:15","modified_gmt":"2020-08-03T12:04:15","slug":"prag-2020","status":"publish","type":"page","link":"https:\/\/micks-touren.de\/?page_id=1056","title":{"rendered":"Prag (2020)"},"content":{"rendered":"\n<p>Geplant war eigentlich etwas ganz anderes: Ende Juli\/Anfang Ausgust wollte ich f\u00fcr eine knappe Woche zu einem Event nach Brno (Br\u00fcnn) in die Tschechische Republik, inklusive einer Nacht in Prag. Das Event musste wegen Corona abgesagt werden, die Flugtickets hatte ich allerdings schon bezahlt &#8211; also: kurzerhand umdisponieren und 4 Tage Prag anschauen. Und es hat sich wirklich gelohnt !!<\/p>\n\n\n\n<p>Geflogen bin ich mit Czech Airlines, und zwar mit einer Art Regionalflieger, einer Propeller-Maschine mit ca. 60 Sitzpl\u00e4tzen. Aber von Frankfurt aus ist man in ca. 80 Minuten am Flugplatz &#8222;Vaclav Havel&#8220;. Von dort aus kann man mit verschiedenen Bus-Linien in die Stadt fahren (der Airline Express direkt zum Hauptbahnhof fuhr leider nicht, deshalb musste ich 1x umsteigen).<\/p>\n\n\n\n<p>Mal ganz zu Anfang ein Tipp: F\u00fcr Touristen gibt es sehr g\u00fcnstige 1-, 2- und 3-Tagestickets f\u00fcr den kompletten \u00d6PNV. Aber wenn man sich wie ich in der Altstadt befindet, sich dort haupts\u00e4chlich aufh\u00e4lt und einigerma\u00dfen gut zu Fu\u00df ist, dann ist so ein Ticket v\u00f6llig unn\u00f6tig. Ich habe den \u00d6PNV nur 3x benutzt.<\/p>\n\n\n\n<p>Nach Ankunft in meinem Hotel bin ich sofort losgezogen und habe die Umgebung erkundet:<\/p>\n\n\n\n<div class=\"wp-block-image\"><figure class=\"aligncenter size-large\"><img loading=\"lazy\" decoding=\"async\" width=\"1024\" height=\"768\" src=\"https:\/\/micks-touren.de\/wp-content\/uploads\/2020\/08\/02_Karlsturm-1024x768.jpg\" alt=\"\" class=\"wp-image-1057\" srcset=\"https:\/\/micks-touren.de\/wp-content\/uploads\/2020\/08\/02_Karlsturm-1024x768.jpg 1024w, https:\/\/micks-touren.de\/wp-content\/uploads\/2020\/08\/02_Karlsturm-300x225.jpg 300w, https:\/\/micks-touren.de\/wp-content\/uploads\/2020\/08\/02_Karlsturm-768x576.jpg 768w, https:\/\/micks-touren.de\/wp-content\/uploads\/2020\/08\/02_Karlsturm-150x113.jpg 150w, https:\/\/micks-touren.de\/wp-content\/uploads\/2020\/08\/02_Karlsturm.jpg 1200w\" sizes=\"auto, (max-width: 1024px) 100vw, 1024px\" \/><figcaption>Der Altst\u00e4dter Br\u00fcckenturm auf der Ostseite der Moldau<br><\/figcaption><\/figure><\/div>\n\n\n\n<div class=\"wp-block-image\"><figure class=\"aligncenter size-large\"><img loading=\"lazy\" decoding=\"async\" width=\"1024\" height=\"768\" src=\"https:\/\/micks-touren.de\/wp-content\/uploads\/2020\/08\/04_Karlsbr\u00fccke-1024x768.jpg\" alt=\"\" class=\"wp-image-1058\" srcset=\"https:\/\/micks-touren.de\/wp-content\/uploads\/2020\/08\/04_Karlsbr\u00fccke-1024x768.jpg 1024w, https:\/\/micks-touren.de\/wp-content\/uploads\/2020\/08\/04_Karlsbr\u00fccke-300x225.jpg 300w, https:\/\/micks-touren.de\/wp-content\/uploads\/2020\/08\/04_Karlsbr\u00fccke-768x576.jpg 768w, https:\/\/micks-touren.de\/wp-content\/uploads\/2020\/08\/04_Karlsbr\u00fccke-150x113.jpg 150w, https:\/\/micks-touren.de\/wp-content\/uploads\/2020\/08\/04_Karlsbr\u00fccke.jpg 1200w\" sizes=\"auto, (max-width: 1024px) 100vw, 1024px\" \/><figcaption>Die Karlsbr\u00fccke mit wenig Publikum (wegen Corona)<br><\/figcaption><\/figure><\/div>\n\n\n\n<figure class=\"wp-block-image size-large\"><img loading=\"lazy\" decoding=\"async\" width=\"1024\" height=\"768\" src=\"https:\/\/micks-touren.de\/wp-content\/uploads\/2020\/08\/03_Moldau-1024x768.jpg\" alt=\"\" class=\"wp-image-1059\" srcset=\"https:\/\/micks-touren.de\/wp-content\/uploads\/2020\/08\/03_Moldau-1024x768.jpg 1024w, https:\/\/micks-touren.de\/wp-content\/uploads\/2020\/08\/03_Moldau-300x225.jpg 300w, https:\/\/micks-touren.de\/wp-content\/uploads\/2020\/08\/03_Moldau-768x576.jpg 768w, https:\/\/micks-touren.de\/wp-content\/uploads\/2020\/08\/03_Moldau-150x113.jpg 150w, https:\/\/micks-touren.de\/wp-content\/uploads\/2020\/08\/03_Moldau.jpg 1200w\" sizes=\"auto, (max-width: 1024px) 100vw, 1024px\" \/><figcaption>Auf der Moldau kann man mit Tretbooten fahren :-O<br><\/figcaption><\/figure>\n\n\n\n<p>Wenn man \u00fcber die Karlsbr\u00fccke l\u00e4uft, kommt man auf der anderen Seite wieder unter einem Turm hindurch. Und direkt dahinter auf der linken Seite habe ich meinen ersten Trdelnik gegessen:<\/p>\n\n\n\n<div class=\"wp-block-image\"><figure class=\"aligncenter size-large\"><img loading=\"lazy\" decoding=\"async\" width=\"768\" height=\"1024\" src=\"https:\/\/micks-touren.de\/wp-content\/uploads\/2020\/08\/05_Trdelnik-1-768x1024.jpg\" alt=\"\" class=\"wp-image-1061\" srcset=\"https:\/\/micks-touren.de\/wp-content\/uploads\/2020\/08\/05_Trdelnik-1-768x1024.jpg 768w, https:\/\/micks-touren.de\/wp-content\/uploads\/2020\/08\/05_Trdelnik-1-225x300.jpg 225w, https:\/\/micks-touren.de\/wp-content\/uploads\/2020\/08\/05_Trdelnik-1-113x150.jpg 113w, https:\/\/micks-touren.de\/wp-content\/uploads\/2020\/08\/05_Trdelnik-1.jpg 900w\" sizes=\"auto, (max-width: 768px) 100vw, 768px\" \/><figcaption>Trdelniks kann man \u00fcberall bekommen. Es handelt sich um eine Art Waffelteig, der spiralf\u00f6rmig auf eine Holzrolle gewickelt und dann wie Stockbrot gebacken wird. Anschlie\u00dfend wird er in Zucker und Zimt gew\u00e4lzt und verschieden gef\u00fcllt. Der hier hatte Erdbeeren, fl\u00fcssige Schokolade und massenhaft Sahne obendrauf. <br><\/figcaption><\/figure><\/div>\n\n\n\n<p>Er blieb in den Tagen nicht der Einzige. Aber man muss leider etwas suchen, bis man die Besten gefunden hat. Die Qualit\u00e4t und der Geschmack des Teigs ist unterschiedlich. Egal wie: Unbedingt probieren !!!<\/p>\n\n\n\n<p>Ich bin, wie schon mal erw\u00e4hnt, in verschiedenen Mensa-Gruppen, die sich mit Reisen besch\u00e4ftigen. \u00dcber eine davon habe ich auch Kontakt zu einigen anderen Deutschen, einer Schottin und einem Rum\u00e4nen bekommen. Wir haben uns dann an zwei Abenden zu Cocktails und gem\u00fctlichem Beisammensein getroffen. Und hier bekam ich auch den Tipp einer Halbtagestour mit Schloss, Bootsfahrt und kleinem Altstadtrundgang. Geh\u00f6rt, gebucht, am n\u00e4chsten Morgen ging es los. Hier ein paar Eindr\u00fccke:<\/p>\n\n\n\n<figure class=\"wp-block-image size-large\"><img loading=\"lazy\" decoding=\"async\" width=\"1024\" height=\"768\" src=\"https:\/\/micks-touren.de\/wp-content\/uploads\/2020\/08\/06_Schloss-1024x768.jpg\" alt=\"\" class=\"wp-image-1062\" srcset=\"https:\/\/micks-touren.de\/wp-content\/uploads\/2020\/08\/06_Schloss-1024x768.jpg 1024w, https:\/\/micks-touren.de\/wp-content\/uploads\/2020\/08\/06_Schloss-300x225.jpg 300w, https:\/\/micks-touren.de\/wp-content\/uploads\/2020\/08\/06_Schloss-768x576.jpg 768w, https:\/\/micks-touren.de\/wp-content\/uploads\/2020\/08\/06_Schloss-150x113.jpg 150w, https:\/\/micks-touren.de\/wp-content\/uploads\/2020\/08\/06_Schloss.jpg 1200w\" sizes=\"auto, (max-width: 1024px) 100vw, 1024px\" \/><figcaption>Innenhof vom Schloss, hier hat auch der Pr\u00e4sident sein B\u00fcro.<br><\/figcaption><\/figure>\n\n\n\n<div class=\"wp-block-image\"><figure class=\"aligncenter size-large\"><img loading=\"lazy\" decoding=\"async\" width=\"1024\" height=\"768\" src=\"https:\/\/micks-touren.de\/wp-content\/uploads\/2020\/08\/07_Kathedrale-1024x768.jpg\" alt=\"\" class=\"wp-image-1063\" srcset=\"https:\/\/micks-touren.de\/wp-content\/uploads\/2020\/08\/07_Kathedrale-1024x768.jpg 1024w, https:\/\/micks-touren.de\/wp-content\/uploads\/2020\/08\/07_Kathedrale-300x225.jpg 300w, https:\/\/micks-touren.de\/wp-content\/uploads\/2020\/08\/07_Kathedrale-768x576.jpg 768w, https:\/\/micks-touren.de\/wp-content\/uploads\/2020\/08\/07_Kathedrale-150x113.jpg 150w, https:\/\/micks-touren.de\/wp-content\/uploads\/2020\/08\/07_Kathedrale.jpg 1200w\" sizes=\"auto, (max-width: 1024px) 100vw, 1024px\" \/><figcaption>Direkt um die Ecke: Die Kathedrale von Prag.<br><\/figcaption><\/figure><\/div>\n\n\n\n<div class=\"wp-block-image\"><figure class=\"aligncenter size-large\"><img loading=\"lazy\" decoding=\"async\" width=\"1024\" height=\"768\" src=\"https:\/\/micks-touren.de\/wp-content\/uploads\/2020\/08\/08_Kathedrale-1024x768.jpg\" alt=\"\" class=\"wp-image-1064\" srcset=\"https:\/\/micks-touren.de\/wp-content\/uploads\/2020\/08\/08_Kathedrale-1024x768.jpg 1024w, https:\/\/micks-touren.de\/wp-content\/uploads\/2020\/08\/08_Kathedrale-300x225.jpg 300w, https:\/\/micks-touren.de\/wp-content\/uploads\/2020\/08\/08_Kathedrale-768x576.jpg 768w, https:\/\/micks-touren.de\/wp-content\/uploads\/2020\/08\/08_Kathedrale-150x113.jpg 150w, https:\/\/micks-touren.de\/wp-content\/uploads\/2020\/08\/08_Kathedrale.jpg 1200w\" sizes=\"auto, (max-width: 1024px) 100vw, 1024px\" \/><figcaption>Die Kathedrale von innen.<br><\/figcaption><\/figure><\/div>\n\n\n\n<div class=\"wp-block-image\"><figure class=\"aligncenter size-large\"><img loading=\"lazy\" decoding=\"async\" width=\"1024\" height=\"768\" src=\"https:\/\/micks-touren.de\/wp-content\/uploads\/2020\/08\/09_Flussfahrt-1024x768.jpg\" alt=\"\" class=\"wp-image-1065\" srcset=\"https:\/\/micks-touren.de\/wp-content\/uploads\/2020\/08\/09_Flussfahrt-1024x768.jpg 1024w, https:\/\/micks-touren.de\/wp-content\/uploads\/2020\/08\/09_Flussfahrt-300x225.jpg 300w, https:\/\/micks-touren.de\/wp-content\/uploads\/2020\/08\/09_Flussfahrt-768x576.jpg 768w, https:\/\/micks-touren.de\/wp-content\/uploads\/2020\/08\/09_Flussfahrt-150x113.jpg 150w, https:\/\/micks-touren.de\/wp-content\/uploads\/2020\/08\/09_Flussfahrt.jpg 1200w\" sizes=\"auto, (max-width: 1024px) 100vw, 1024px\" \/><figcaption>Die Karlsbr\u00fccke vom Wasser aus.<br><\/figcaption><\/figure><\/div>\n\n\n\n<p>In der Altstadt gibt es nat\u00fcrlich sehr viel zu sehen. Ein zentraler Punkt ist dabei der Altst\u00e4dter Ring:<\/p>\n\n\n\n<figure class=\"wp-block-image size-large\"><img loading=\"lazy\" decoding=\"async\" width=\"1024\" height=\"768\" src=\"https:\/\/micks-touren.de\/wp-content\/uploads\/2020\/08\/11_AltstaedterRing-1024x768.jpg\" alt=\"\" class=\"wp-image-1066\" srcset=\"https:\/\/micks-touren.de\/wp-content\/uploads\/2020\/08\/11_AltstaedterRing-1024x768.jpg 1024w, https:\/\/micks-touren.de\/wp-content\/uploads\/2020\/08\/11_AltstaedterRing-300x225.jpg 300w, https:\/\/micks-touren.de\/wp-content\/uploads\/2020\/08\/11_AltstaedterRing-768x576.jpg 768w, https:\/\/micks-touren.de\/wp-content\/uploads\/2020\/08\/11_AltstaedterRing-150x113.jpg 150w, https:\/\/micks-touren.de\/wp-content\/uploads\/2020\/08\/11_AltstaedterRing.jpg 1200w\" sizes=\"auto, (max-width: 1024px) 100vw, 1024px\" \/><\/figure>\n\n\n\n<p>Hier befindet sich auch das Rathaus (man kann manche Amtsr\u00e4ume sogar besichtigen) mit seinem Turm und der bekannten astronomischen Uhr aus dem Jahr 1410:<\/p>\n\n\n\n<div class=\"wp-block-image\"><figure class=\"aligncenter size-large\"><img loading=\"lazy\" decoding=\"async\" width=\"768\" height=\"1024\" src=\"https:\/\/micks-touren.de\/wp-content\/uploads\/2020\/08\/13_AltstaedterRing-768x1024.jpg\" alt=\"\" class=\"wp-image-1067\" srcset=\"https:\/\/micks-touren.de\/wp-content\/uploads\/2020\/08\/13_AltstaedterRing-768x1024.jpg 768w, https:\/\/micks-touren.de\/wp-content\/uploads\/2020\/08\/13_AltstaedterRing-225x300.jpg 225w, https:\/\/micks-touren.de\/wp-content\/uploads\/2020\/08\/13_AltstaedterRing-113x150.jpg 113w, https:\/\/micks-touren.de\/wp-content\/uploads\/2020\/08\/13_AltstaedterRing.jpg 900w\" sizes=\"auto, (max-width: 768px) 100vw, 768px\" \/><figcaption>Zu jeder vollen Stunde \u00f6ffnen sich die kleinen Fenster oben und die 12 Apostel defilieren vorbei. Logisch, dass sich dann immer hunderte von Touristen versammeln und das Ganze filmen \ud83d\ude09<br><\/figcaption><\/figure><\/div>\n\n\n\n<p>Abends waren wieder Cocktails angesagt. Die Barbetreiber lassen sich dabei einiges Kreatives einfallen:<\/p>\n\n\n\n<figure class=\"wp-block-image size-large\"><img loading=\"lazy\" decoding=\"async\" width=\"1024\" height=\"768\" src=\"https:\/\/micks-touren.de\/wp-content\/uploads\/2020\/08\/14_Cocktail-1024x768.jpg\" alt=\"\" class=\"wp-image-1068\" srcset=\"https:\/\/micks-touren.de\/wp-content\/uploads\/2020\/08\/14_Cocktail-1024x768.jpg 1024w, https:\/\/micks-touren.de\/wp-content\/uploads\/2020\/08\/14_Cocktail-300x225.jpg 300w, https:\/\/micks-touren.de\/wp-content\/uploads\/2020\/08\/14_Cocktail-768x576.jpg 768w, https:\/\/micks-touren.de\/wp-content\/uploads\/2020\/08\/14_Cocktail-150x113.jpg 150w, https:\/\/micks-touren.de\/wp-content\/uploads\/2020\/08\/14_Cocktail.jpg 1200w\" sizes=\"auto, (max-width: 1024px) 100vw, 1024px\" \/><\/figure>\n\n\n\n<p>F\u00fcr Tag 3 war ein Besuch von &#8222;Petrin&#8220; geplant. Das ist sozusagen der Haus-&#8222;Berg&#8220; von Prag, einer Art Naherholungsgebiet mit vielen Park- und Sportanlagen, Aussichtspunkten, Sehensw\u00fcrdigkeiten usw. Hoch kommt man zu Fu\u00df &#8211; oder mit der Standseilbahn, die ein Teil des \u00d6PNV ist und deshalb nichts extra kostet, wenn man ein normales Ticket hat:<\/p>\n\n\n\n<div class=\"wp-block-image\"><figure class=\"aligncenter size-large\"><img loading=\"lazy\" decoding=\"async\" width=\"1024\" height=\"768\" src=\"https:\/\/micks-touren.de\/wp-content\/uploads\/2020\/08\/16_Petrin-1024x768.jpg\" alt=\"\" class=\"wp-image-1069\" srcset=\"https:\/\/micks-touren.de\/wp-content\/uploads\/2020\/08\/16_Petrin-1024x768.jpg 1024w, https:\/\/micks-touren.de\/wp-content\/uploads\/2020\/08\/16_Petrin-300x225.jpg 300w, https:\/\/micks-touren.de\/wp-content\/uploads\/2020\/08\/16_Petrin-768x576.jpg 768w, https:\/\/micks-touren.de\/wp-content\/uploads\/2020\/08\/16_Petrin-150x113.jpg 150w, https:\/\/micks-touren.de\/wp-content\/uploads\/2020\/08\/16_Petrin.jpg 1200w\" sizes=\"auto, (max-width: 1024px) 100vw, 1024px\" \/><\/figure><\/div>\n\n\n\n<p>Oben findet man den Petrin-Aussichtsturm, einen kleinen Nachbau des Pariser Eiffelturms. Wer die 312 Stufen nach oben klettert, hat einen tollen Rundblick \u00fcber Prag:<\/p>\n\n\n\n<div class=\"wp-block-image\"><figure class=\"aligncenter size-large\"><img loading=\"lazy\" decoding=\"async\" width=\"768\" height=\"1024\" src=\"https:\/\/micks-touren.de\/wp-content\/uploads\/2020\/08\/17_Petrin-768x1024.jpg\" alt=\"\" class=\"wp-image-1070\" srcset=\"https:\/\/micks-touren.de\/wp-content\/uploads\/2020\/08\/17_Petrin-768x1024.jpg 768w, https:\/\/micks-touren.de\/wp-content\/uploads\/2020\/08\/17_Petrin-225x300.jpg 225w, https:\/\/micks-touren.de\/wp-content\/uploads\/2020\/08\/17_Petrin-113x150.jpg 113w, https:\/\/micks-touren.de\/wp-content\/uploads\/2020\/08\/17_Petrin.jpg 900w\" sizes=\"auto, (max-width: 768px) 100vw, 768px\" \/><\/figure><\/div>\n\n\n\n<div class=\"wp-block-image\"><figure class=\"aligncenter size-large\"><img loading=\"lazy\" decoding=\"async\" width=\"1024\" height=\"768\" src=\"https:\/\/micks-touren.de\/wp-content\/uploads\/2020\/08\/18_Petrin-1024x768.jpg\" alt=\"\" class=\"wp-image-1071\" srcset=\"https:\/\/micks-touren.de\/wp-content\/uploads\/2020\/08\/18_Petrin-1024x768.jpg 1024w, https:\/\/micks-touren.de\/wp-content\/uploads\/2020\/08\/18_Petrin-300x225.jpg 300w, https:\/\/micks-touren.de\/wp-content\/uploads\/2020\/08\/18_Petrin-768x576.jpg 768w, https:\/\/micks-touren.de\/wp-content\/uploads\/2020\/08\/18_Petrin-150x113.jpg 150w, https:\/\/micks-touren.de\/wp-content\/uploads\/2020\/08\/18_Petrin.jpg 1200w\" sizes=\"auto, (max-width: 1024px) 100vw, 1024px\" \/><\/figure><\/div>\n\n\n\n<p>Prag besitzt eine riesige Anzahl von Museen. Eines davon, das Speculum Alchemiae, habe ich aus beruflichem Interesse besucht. Die Alchemie war ja vor 400 Jahren eine Sache, die haupts\u00e4chlich im Geheimen durchgef\u00fchrt werden musste. Vor 18 (!) Jahren hat man in einem der \u00e4ltesten existierenden H\u00e4user Prags hinter einer Mauer eine Kellertreppe und mehrere R\u00e4ume gefunden, die unver\u00e4ndert die Verh\u00e4ltnisse von damals zeigen &#8211; inklusive Fluchttunnel und direkter Verbindung zum Schloss (der damalige K\u00f6nig Rudolf II. war sehr interessiert an der Alchemie und f\u00f6rderte diese auch heimlich).<\/p>\n\n\n\n<div class=\"wp-block-image\"><figure class=\"aligncenter size-large\"><img loading=\"lazy\" decoding=\"async\" width=\"1024\" height=\"768\" src=\"https:\/\/micks-touren.de\/wp-content\/uploads\/2020\/08\/21_Museum-1024x768.jpg\" alt=\"\" class=\"wp-image-1072\" srcset=\"https:\/\/micks-touren.de\/wp-content\/uploads\/2020\/08\/21_Museum-1024x768.jpg 1024w, https:\/\/micks-touren.de\/wp-content\/uploads\/2020\/08\/21_Museum-300x225.jpg 300w, https:\/\/micks-touren.de\/wp-content\/uploads\/2020\/08\/21_Museum-768x576.jpg 768w, https:\/\/micks-touren.de\/wp-content\/uploads\/2020\/08\/21_Museum-150x113.jpg 150w, https:\/\/micks-touren.de\/wp-content\/uploads\/2020\/08\/21_Museum.jpg 1200w\" sizes=\"auto, (max-width: 1024px) 100vw, 1024px\" \/><figcaption>Einer der Kellerr\u00e4ume.<br><\/figcaption><\/figure><\/div>\n\n\n\n<p>Man muss aber nicht in Museen gehen, um Kunst (oder was man als solche bezeichnen mag) zu sehen:<\/p>\n\n\n\n<div class=\"wp-block-image\"><figure class=\"aligncenter size-large\"><img loading=\"lazy\" decoding=\"async\" width=\"768\" height=\"1024\" src=\"https:\/\/micks-touren.de\/wp-content\/uploads\/2020\/08\/19_TanzendesHaus-768x1024.jpg\" alt=\"\" class=\"wp-image-1073\" srcset=\"https:\/\/micks-touren.de\/wp-content\/uploads\/2020\/08\/19_TanzendesHaus-768x1024.jpg 768w, https:\/\/micks-touren.de\/wp-content\/uploads\/2020\/08\/19_TanzendesHaus-225x300.jpg 225w, https:\/\/micks-touren.de\/wp-content\/uploads\/2020\/08\/19_TanzendesHaus-113x150.jpg 113w, https:\/\/micks-touren.de\/wp-content\/uploads\/2020\/08\/19_TanzendesHaus.jpg 900w\" sizes=\"auto, (max-width: 768px) 100vw, 768px\" \/><figcaption>Das &#8222;tanzende Haus&#8220;. Ganz oben ist eine Bar.<br><\/figcaption><\/figure><\/div>\n\n\n\n<div class=\"wp-block-image\"><figure class=\"aligncenter size-large\"><img loading=\"lazy\" decoding=\"async\" width=\"768\" height=\"1024\" src=\"https:\/\/micks-touren.de\/wp-content\/uploads\/2020\/08\/20_Stadt-768x1024.jpg\" alt=\"\" class=\"wp-image-1074\" srcset=\"https:\/\/micks-touren.de\/wp-content\/uploads\/2020\/08\/20_Stadt-768x1024.jpg 768w, https:\/\/micks-touren.de\/wp-content\/uploads\/2020\/08\/20_Stadt-225x300.jpg 225w, https:\/\/micks-touren.de\/wp-content\/uploads\/2020\/08\/20_Stadt-113x150.jpg 113w, https:\/\/micks-touren.de\/wp-content\/uploads\/2020\/08\/20_Stadt.jpg 900w\" sizes=\"auto, (max-width: 768px) 100vw, 768px\" \/><figcaption>Irgendwo in der Stadt, in 5 Metern H\u00f6he.<br><\/figcaption><\/figure><\/div>\n\n\n\n<div class=\"wp-block-image\"><figure class=\"aligncenter size-large\"><img loading=\"lazy\" decoding=\"async\" width=\"576\" height=\"1024\" src=\"https:\/\/micks-touren.de\/wp-content\/uploads\/2020\/08\/01_FranzKafka-576x1024.jpg\" alt=\"\" class=\"wp-image-1075\" srcset=\"https:\/\/micks-touren.de\/wp-content\/uploads\/2020\/08\/01_FranzKafka-576x1024.jpg 576w, https:\/\/micks-touren.de\/wp-content\/uploads\/2020\/08\/01_FranzKafka-169x300.jpg 169w, https:\/\/micks-touren.de\/wp-content\/uploads\/2020\/08\/01_FranzKafka-84x150.jpg 84w, https:\/\/micks-touren.de\/wp-content\/uploads\/2020\/08\/01_FranzKafka.jpg 675w\" sizes=\"auto, (max-width: 576px) 100vw, 576px\" \/><figcaption>Eine riesige B\u00fcste von Franz Kafka. Die einzelnen Ebenen drehen sich unregelm\u00e4\u00dfig.<br><\/figcaption><\/figure><\/div>\n\n\n\n<div class=\"wp-block-group\"><div class=\"wp-block-group__inner-container is-layout-flow wp-block-group-is-layout-flow\">\n<p>Was gibt es noch \u00fcber Prag zu sagen:  Das Leben hier ist in vielen Dingen deutlich billiger als in Deutschland. Ich habe f\u00fcr ein leckeres Abendessen ca. 10 Euro bezahlt. Ein 30-Minuten-Ticket kostet etwa 1,30 Euro, Zigaretten (f\u00fcr die Raucher unter uns) 4 Euro. Langweilig wird es hier nicht, es gibt f\u00fcr jeden Geschmack etwas zu sehen und zu erleben, auch \u00fcber mehrere Tage. Und wer einfach mal ausspannen will, setzt sich auf eine Bank am Moldau-Ufer oder auf der Kampa-Halbinsel und genie\u00dft die Aussicht. \u00dcbrigens: auch nachts sollte man unterwegs sein, wenn das eine oder andere interessante Objekt beleuchtet ist:<\/p>\n<\/div><\/div>\n\n\n\n<figure class=\"wp-block-image size-large\"><img loading=\"lazy\" decoding=\"async\" width=\"1024\" height=\"768\" src=\"https:\/\/micks-touren.de\/wp-content\/uploads\/2020\/08\/22_Stadt-1024x768.jpg\" alt=\"\" class=\"wp-image-1076\" srcset=\"https:\/\/micks-touren.de\/wp-content\/uploads\/2020\/08\/22_Stadt-1024x768.jpg 1024w, https:\/\/micks-touren.de\/wp-content\/uploads\/2020\/08\/22_Stadt-300x225.jpg 300w, https:\/\/micks-touren.de\/wp-content\/uploads\/2020\/08\/22_Stadt-768x576.jpg 768w, https:\/\/micks-touren.de\/wp-content\/uploads\/2020\/08\/22_Stadt-150x113.jpg 150w, https:\/\/micks-touren.de\/wp-content\/uploads\/2020\/08\/22_Stadt.jpg 1200w\" sizes=\"auto, (max-width: 1024px) 100vw, 1024px\" \/><figcaption>Die Teyn-Kirche am Altst\u00e4dter Ring. Nachts sieht sie aus wie Hogwarts aus &#8222;Harry Potter&#8220;<\/figcaption><\/figure>\n\n\n\n<p class=\"has-text-color has-very-dark-gray-color\"><\/p>\n","protected":false},"excerpt":{"rendered":"<p>Geplant war eigentlich etwas ganz anderes: Ende Juli\/Anfang Ausgust wollte ich f\u00fcr eine knappe Woche zu einem Event nach Brno (Br\u00fcnn) in die Tschechische Republik, inklusive einer Nacht in Prag. Das Event musste wegen Corona abgesagt werden, die Flugtickets hatte ich allerdings schon bezahlt &#8211; also: kurzerhand umdisponieren und 4&#8230;<\/p>\n<p class=\"continue-reading-button\"> <a class=\"continue-reading-link\" href=\"https:\/\/micks-touren.de\/?page_id=1056\">Continue reading<i class=\"crycon-right-dir\"><\/i><\/a><\/p>\n","protected":false},"author":1,"featured_media":0,"parent":0,"menu_order":0,"comment_status":"open","ping_status":"closed","template":"","meta":{"footnotes":""},"class_list":["post-1056","page","type-page","status-publish","hentry"],"_links":{"self":[{"href":"https:\/\/micks-touren.de\/index.php?rest_route=\/wp\/v2\/pages\/1056","targetHints":{"allow":["GET"]}}],"collection":[{"href":"https:\/\/micks-touren.de\/index.php?rest_route=\/wp\/v2\/pages"}],"about":[{"href":"https:\/\/micks-touren.de\/index.php?rest_route=\/wp\/v2\/types\/page"}],"author":[{"embeddable":true,"href":"https:\/\/micks-touren.de\/index.php?rest_route=\/wp\/v2\/users\/1"}],"replies":[{"embeddable":true,"href":"https:\/\/micks-touren.de\/index.php?rest_route=%2Fwp%2Fv2%2Fcomments&post=1056"}],"version-history":[{"count":4,"href":"https:\/\/micks-touren.de\/index.php?rest_route=\/wp\/v2\/pages\/1056\/revisions"}],"predecessor-version":[{"id":1084,"href":"https:\/\/micks-touren.de\/index.php?rest_route=\/wp\/v2\/pages\/1056\/revisions\/1084"}],"wp:attachment":[{"href":"https:\/\/micks-touren.de\/index.php?rest_route=%2Fwp%2Fv2%2Fmedia&parent=1056"}],"curies":[{"name":"wp","href":"https:\/\/api.w.org\/{rel}","templated":true}]}}