{"id":1020,"date":"2019-10-26T20:54:40","date_gmt":"2019-10-26T19:54:40","guid":{"rendered":"http:\/\/micks-touren.de\/?page_id=1020"},"modified":"2019-10-27T07:08:24","modified_gmt":"2019-10-27T06:08:24","slug":"london-2019","status":"publish","type":"page","link":"https:\/\/micks-touren.de\/?page_id=1020","title":{"rendered":"London (2019)"},"content":{"rendered":"\n<p>Im September ging es mal wieder nach London zur &#8222;last night of the proms&#8220; (siehe dazu auch meinen Bericht von 2018). Die Gruppe mit 10 Leuten hatte sich mal wieder haupts\u00e4chlich aus Mitgliedern von <a href=\"https:\/\/www.mensa.de\">Mensa<\/a> zusammengesetzt, die aber erst nach und nach eintrudelten.<\/p>\n\n\n\n<p>Am ersten Abend trafen wir uns deshalb erstmal zu dritt und besuchten wieder das Dim Sum-Restaurant an den St. Katharine Docks, ganz in der N\u00e4he der Tower Bridge. Und zur Verdauung gings dann mal \u00fcber die Br\u00fccke auf die andere Themse-Seite &#8211; mit tollen Nacht-Ansichten der City.<\/p>\n\n\n\n<div class=\"wp-block-image\"><figure class=\"aligncenter\"><img loading=\"lazy\" decoding=\"async\" width=\"900\" height=\"506\" src=\"https:\/\/micks-touren.de\/wp-content\/uploads\/2019\/10\/Lon19_01-1.jpg\" alt=\"\" class=\"wp-image-1023\" srcset=\"https:\/\/micks-touren.de\/wp-content\/uploads\/2019\/10\/Lon19_01-1.jpg 900w, https:\/\/micks-touren.de\/wp-content\/uploads\/2019\/10\/Lon19_01-1-300x169.jpg 300w, https:\/\/micks-touren.de\/wp-content\/uploads\/2019\/10\/Lon19_01-1-768x432.jpg 768w, https:\/\/micks-touren.de\/wp-content\/uploads\/2019\/10\/Lon19_01-1-150x84.jpg 150w\" sizes=\"auto, (max-width: 900px) 100vw, 900px\" \/><figcaption>Tower Bridge bei Nacht &#8230;<\/figcaption><\/figure><\/div>\n\n\n\n<div class=\"wp-block-image\"><figure class=\"aligncenter\"><img loading=\"lazy\" decoding=\"async\" width=\"900\" height=\"506\" src=\"https:\/\/micks-touren.de\/wp-content\/uploads\/2019\/10\/Lon19_02-1.jpg\" alt=\"\" class=\"wp-image-1024\" srcset=\"https:\/\/micks-touren.de\/wp-content\/uploads\/2019\/10\/Lon19_02-1.jpg 900w, https:\/\/micks-touren.de\/wp-content\/uploads\/2019\/10\/Lon19_02-1-300x169.jpg 300w, https:\/\/micks-touren.de\/wp-content\/uploads\/2019\/10\/Lon19_02-1-768x432.jpg 768w, https:\/\/micks-touren.de\/wp-content\/uploads\/2019\/10\/Lon19_02-1-150x84.jpg 150w\" sizes=\"auto, (max-width: 900px) 100vw, 900px\" \/><figcaption>&#8230; direkt neben dem Tower.<\/figcaption><\/figure><\/div>\n\n\n\n<p>Wer mal (wieder) nach London kommt, sollte den Abendspaziergang unbedingt auch mal machen, es lohnt sich wirklich.<\/p>\n\n\n\n<p>Der Freitagmorgen stand wieder ganz im Zeichen von &#8211; Anstehen ! Ab kurz nach neun Uhr morgens stand ich mit den anderen an der Royal Albert Hall, weil da wieder Nummern f\u00fcr die sog. Raffle tickets verteilt wurden. Ein paar von uns wollten zus\u00e4tzlich am Abend in die Hall zu einem Beethoven-Konzert, auch daf\u00fcr gabs an diesem Morgen Nummern. Wie auch immer: gegen halb 12 hatten wir die Nummern (sogar kleinere als im letzten Jahr) und konnten dann endlich zum gem\u00fctlichen Teil \u00fcbergehen.<\/p>\n\n\n\n<div class=\"wp-block-image\"><figure class=\"aligncenter\"><img loading=\"lazy\" decoding=\"async\" width=\"900\" height=\"506\" src=\"https:\/\/micks-touren.de\/wp-content\/uploads\/2019\/10\/Lon19_03.jpg\" alt=\"\" class=\"wp-image-1025\" srcset=\"https:\/\/micks-touren.de\/wp-content\/uploads\/2019\/10\/Lon19_03.jpg 900w, https:\/\/micks-touren.de\/wp-content\/uploads\/2019\/10\/Lon19_03-300x169.jpg 300w, https:\/\/micks-touren.de\/wp-content\/uploads\/2019\/10\/Lon19_03-768x432.jpg 768w, https:\/\/micks-touren.de\/wp-content\/uploads\/2019\/10\/Lon19_03-150x84.jpg 150w\" sizes=\"auto, (max-width: 900px) 100vw, 900px\" \/><figcaption>Ein ganz kleiner Teil der Wartenden. Wenigstens hatten wir gutes Wetter.<\/figcaption><\/figure><\/div>\n\n\n\n<p>Ich habe ja schon mal irgendwann erw\u00e4hnt, dass ich total auf indisches Essen stehe. Davon konnte ich auch ein paar der Gruppe \u00fcberzeugen, und so fuhren wir zur Tube Station South Kensington. <span style=\"color: #ff0000;\"><strong>TIPP<\/strong><\/span>: Wenn Ihr gut und abwechslungsreich essen wollt, ohne weit zu laufen: Fahrt dort hin !!! Ihr werdet garantiert etwas nach Eurem Geschmack finden.<\/p>\n\n\n\n<p>Direkt in der Station gibt es einen kleinen Imbiss, der unter anderem dicke Waffeln anbietet. Ok, mit 4 Pfund (oder 7 Pfund f\u00fcr 2) nicht ganz billig, aber f\u00fcr London eher normale Preise. Und lecker waren sie auch. But be careful: Messer und Gabel brechen relativ leicht ab.<\/p>\n\n\n\n<div class=\"wp-block-image\"><figure class=\"aligncenter\"><img loading=\"lazy\" decoding=\"async\" width=\"506\" height=\"900\" src=\"https:\/\/micks-touren.de\/wp-content\/uploads\/2019\/10\/Lon19_04.jpg\" alt=\"\" class=\"wp-image-1026\" srcset=\"https:\/\/micks-touren.de\/wp-content\/uploads\/2019\/10\/Lon19_04.jpg 506w, https:\/\/micks-touren.de\/wp-content\/uploads\/2019\/10\/Lon19_04-169x300.jpg 169w, https:\/\/micks-touren.de\/wp-content\/uploads\/2019\/10\/Lon19_04-84x150.jpg 84w\" sizes=\"auto, (max-width: 506px) 100vw, 506px\" \/><\/figure><\/div>\n\n\n\n<p>Wie \u00fcblich sollte man f\u00fcr die Raffle tickets ca. 2-3 Stunden vor Konzertbeginn  an der Hall sein und sich entsprechend seiner Nummer in die Schlange einreihen. Aber so hat man auch Zeit und Gelegenheit, seine Vorder- und Hinterm\u00e4nner bzw. -Frauen kennenzulernen &#8211; und die kommen nicht nur aus England. <\/p>\n\n\n\n<p>Das Konzert am Freitagabend war ok f\u00fcr einen, der an sich gar nicht sooo sehr auf Klassik steht. Aber f\u00fcr eine Sache war es gut: Ich hatte meine Leinenschuhe mit d\u00fcnnen Sohlen an &#8211; und nach der ganzen Warterei (haupts\u00e4chlich stehend) und dem Konzert taten mir die F\u00fc\u00dfe und Beine weh. Mein Hotel war wieder in Shepherds Bush, ganz in der N\u00e4he der gleichnamigen Tube Station &#8211; und direkt daneben gibt es ein riesiges Einkaufszentrum namens Westfield London. Man soll es nicht glauben: in diesem Zentrum gibt es einen Deichmann !!! Das Erste, was ich also nach dem Fr\u00fchst\u00fcck am Samstagmorgen gemacht habe: ab zu Deichmann und Freizeitschuhe mit dicken Sohlen gekauft \ud83d\ude00<\/p>\n\n\n\n<p>F\u00fcr den Vormittag hatte ich mir vorgenommen, auf eines der h\u00f6chsten Geb\u00e4ude Londons zu fahren. Richtig, &#8222;auf&#8220; ! &#8222;The Shard&#8220; hat n\u00e4mlich Aussichtsplattformen ab dem 68. Stock mit einem tollen Rundumblick.<\/p>\n\n\n\n<div class=\"wp-block-image\"><figure class=\"aligncenter\"><img loading=\"lazy\" decoding=\"async\" width=\"506\" height=\"900\" src=\"https:\/\/micks-touren.de\/wp-content\/uploads\/2019\/10\/Lon19_05.jpg\" alt=\"\" class=\"wp-image-1027\" srcset=\"https:\/\/micks-touren.de\/wp-content\/uploads\/2019\/10\/Lon19_05.jpg 506w, https:\/\/micks-touren.de\/wp-content\/uploads\/2019\/10\/Lon19_05-169x300.jpg 169w, https:\/\/micks-touren.de\/wp-content\/uploads\/2019\/10\/Lon19_05-84x150.jpg 84w\" sizes=\"auto, (max-width: 506px) 100vw, 506px\" \/><figcaption>The Shard von unten &#8230;<\/figcaption><\/figure><\/div>\n\n\n\n<div class=\"wp-block-image\"><figure class=\"aligncenter\"><img loading=\"lazy\" decoding=\"async\" width=\"900\" height=\"506\" src=\"https:\/\/micks-touren.de\/wp-content\/uploads\/2019\/10\/Lon19_06.jpg\" alt=\"\" class=\"wp-image-1028\" srcset=\"https:\/\/micks-touren.de\/wp-content\/uploads\/2019\/10\/Lon19_06.jpg 900w, https:\/\/micks-touren.de\/wp-content\/uploads\/2019\/10\/Lon19_06-300x169.jpg 300w, https:\/\/micks-touren.de\/wp-content\/uploads\/2019\/10\/Lon19_06-768x432.jpg 768w, https:\/\/micks-touren.de\/wp-content\/uploads\/2019\/10\/Lon19_06-150x84.jpg 150w\" sizes=\"auto, (max-width: 900px) 100vw, 900px\" \/><figcaption>.. und London aus dem 72. Stock.<\/figcaption><\/figure><\/div>\n\n\n\n<p>Das Ganze ist mit 25 Pfund nicht billig, aber daf\u00fcr darf man auch so lange oben bleiben, wie man will. <\/p>\n\n\n\n<p>WhatsApp sei Dank stand unsere Gruppe immer in Kontakt. Deshalb traf ich mich anschlie\u00dfend mit Moni in Kensington Gardens auf ein Eis und einen sch\u00f6nen Spaziergang. An der Ostseite des Parks gibt es direkt am See ein gro\u00dfes Restaurant. Und dort habe ich dann zum zweiten Mal in diesem Jahr Fish and chips gegessen. So langsam wird das zur Manie  \ud83d\ude00<\/p>\n\n\n\n<p>Am sp\u00e4ten Nachmittag hie\u00df es dann &#8222;ab zur Royal Albert Hall&#8220; und wieder mal anstellen, bis wir unsere Tickets kaufen konnten. In diesem Jahr wurden freitags Armb\u00e4nder verteilt, die man nicht abmachen konnte, ohne sie zu zerst\u00f6ren. Wenigstens waren sie dusch-sicher \ud83d\ude09<\/p>\n\n\n\n<div class=\"wp-block-image\"><figure class=\"aligncenter\"><img loading=\"lazy\" decoding=\"async\" width=\"675\" height=\"900\" src=\"https:\/\/micks-touren.de\/wp-content\/uploads\/2019\/10\/Lon19_07.jpg\" alt=\"\" class=\"wp-image-1030\" srcset=\"https:\/\/micks-touren.de\/wp-content\/uploads\/2019\/10\/Lon19_07.jpg 675w, https:\/\/micks-touren.de\/wp-content\/uploads\/2019\/10\/Lon19_07-225x300.jpg 225w, https:\/\/micks-touren.de\/wp-content\/uploads\/2019\/10\/Lon19_07-113x150.jpg 113w\" sizes=\"auto, (max-width: 675px) 100vw, 675px\" \/><\/figure><\/div>\n\n\n\n<p>Das Konzert selbst war mal wieder toll. Und wir hatten wieder unsere Mensa-Luftballons dabei (ingesamt 571), von denen wir sch\u00e4tzungsweise 200 aufgeblasen und unters Volk geworfen haben. Das folgende Video habe ich in der Pause aufgenommen, es zeigt ziemlich deutlich, das der halbe Abend eine Party ist \ud83d\ude09 Unbedingt den Lautsprecher einschalten !!<\/p>\n\n\n\n<p><\/p>\n\n\n\n<figure class=\"wp-block-video aligncenter\"><video controls src=\"https:\/\/micks-touren.de\/wp-content\/uploads\/2019\/10\/Lon19-01.mp4\"><\/video><figcaption>Die roten Ballons sind unsere \ud83d\ude09<\/figcaption><\/figure>\n\n\n\n<p>Und noch ein Video, das ich im zweiten Teil aufgenommen habe. Eins der Lieder, die jedes Jahr zum festen Programm geh\u00f6ren und begeistert von knapp 6000 Leuten mitgesungen werden:<\/p>\n\n\n\n<p><\/p>\n\n\n\n<figure class=\"wp-block-video aligncenter\"><video controls src=\"https:\/\/micks-touren.de\/wp-content\/uploads\/2019\/10\/20190914_221425.mp4\"><\/video><\/figure>\n\n\n\n<p>Zum Abschluss wurden wir dann noch von ein paar Engl\u00e4ndern auf ein Bier eingeladen. Leider hat sich mal wieder herausgestellt, dass ich kaum etwas vertrage. Mein Guinness war zwar lecker wie immer, als ich dann aber zur n\u00e4chsten Bus-Station Richtung Hotel lief, merkte ich es deutlich  \ud83d\ude09<\/p>\n\n\n\n<p>Am Sonntag besuchte ich nach vielen Jahren mal wieder das British Museum. Das Sch\u00f6ne in UK ist ja, dass man f\u00fcr Museen in der Regel nichts zahlen muss. Wenn man also Zeit und Mu\u00dfe hat, sollte man das auch ausnutzen. Nat\u00fcrlich, das Museum ist riesig und irgendwann nach 2-3 Abteilungen ist man \u00fcbers\u00e4ttigt von den vielen Eindr\u00fccken und Informationen. Also traf ich mich mit Bettina aus unserer Gruppe im Grosvenor Square, einer Art winziger Park in der N\u00e4he des Hyde Parks, zum Chillen. Auf dem Weg dorthin kam ich an Speakers Corner vorbei &#8211; und im Gegensatz zu letztem Jahr war endlich auch was los.<\/p>\n\n\n\n<div class=\"wp-block-image\"><figure class=\"aligncenter\"><img loading=\"lazy\" decoding=\"async\" width=\"900\" height=\"506\" src=\"https:\/\/micks-touren.de\/wp-content\/uploads\/2019\/10\/Lon19_08.jpg\" alt=\"\" class=\"wp-image-1034\" srcset=\"https:\/\/micks-touren.de\/wp-content\/uploads\/2019\/10\/Lon19_08.jpg 900w, https:\/\/micks-touren.de\/wp-content\/uploads\/2019\/10\/Lon19_08-300x169.jpg 300w, https:\/\/micks-touren.de\/wp-content\/uploads\/2019\/10\/Lon19_08-768x432.jpg 768w, https:\/\/micks-touren.de\/wp-content\/uploads\/2019\/10\/Lon19_08-150x84.jpg 150w\" sizes=\"auto, (max-width: 900px) 100vw, 900px\" \/><\/figure><\/div>\n\n\n\n<p>Im Grosvenor Square steht eine Statue von Roosevelt, dem ehemaligen amerikanischen Pr\u00e4sidenten. Ich musste ein paarmal hinschauen: die Statue sieht irgendwie aus wie der Zaubereiminister aus &#8222;Harry Potter&#8220;  \ud83d\ude00<\/p>\n\n\n\n<div class=\"wp-block-image\"><figure class=\"aligncenter\"><img loading=\"lazy\" decoding=\"async\" width=\"506\" height=\"900\" src=\"https:\/\/micks-touren.de\/wp-content\/uploads\/2019\/10\/Lon19_09.jpg\" alt=\"\" class=\"wp-image-1035\" srcset=\"https:\/\/micks-touren.de\/wp-content\/uploads\/2019\/10\/Lon19_09.jpg 506w, https:\/\/micks-touren.de\/wp-content\/uploads\/2019\/10\/Lon19_09-169x300.jpg 169w, https:\/\/micks-touren.de\/wp-content\/uploads\/2019\/10\/Lon19_09-84x150.jpg 84w\" sizes=\"auto, (max-width: 506px) 100vw, 506px\" \/><\/figure><\/div>\n\n\n\n<p>Der Montag kam, aber ich hatte bis nachmittags noch Zeit, bevor ich wieder zum Flughafen musste. Zeit genug, ein paar Geschenke zu besorgen. Und wo macht man das am besten? Bei Harrods. Tats\u00e4chlich habe ich da auch ein paar Dinge gefunden (<span style=\"color: #ff0000;\"><strong>TIPP<\/strong><\/span>: Kuckt Euch im Untergeschoss um !!) &#8211; inklusive einem neuen Freund  \ud83d\ude09<\/p>\n\n\n\n<div class=\"wp-block-image\"><figure class=\"aligncenter\"><img loading=\"lazy\" decoding=\"async\" width=\"900\" height=\"506\" src=\"https:\/\/micks-touren.de\/wp-content\/uploads\/2019\/10\/Lon19_10.jpg\" alt=\"\" class=\"wp-image-1036\" srcset=\"https:\/\/micks-touren.de\/wp-content\/uploads\/2019\/10\/Lon19_10.jpg 900w, https:\/\/micks-touren.de\/wp-content\/uploads\/2019\/10\/Lon19_10-300x169.jpg 300w, https:\/\/micks-touren.de\/wp-content\/uploads\/2019\/10\/Lon19_10-768x432.jpg 768w, https:\/\/micks-touren.de\/wp-content\/uploads\/2019\/10\/Lon19_10-150x84.jpg 150w\" sizes=\"auto, (max-width: 900px) 100vw, 900px\" \/><\/figure><\/div>\n\n\n\n<p>Mittags gings dann noch zum Covent Garden Market, einem riesigen Flohmarkt mit Schwerpunkt auf Schmuck und \u00e4hnlichem. Dort kann man auch gut essen und sich das Treiben ansehen. Und Treiben gibt es dort genug. Als ich dort war, sind auch ein paar Strassenk\u00fcnstler aufgetreten. Also ein guter Platz, um ein paar Stunden zu verbringen.<\/p>\n\n\n\n<p><\/p>\n\n\n\n<div class=\"wp-block-image\"><figure class=\"aligncenter\"><img loading=\"lazy\" decoding=\"async\" width=\"900\" height=\"506\" src=\"https:\/\/micks-touren.de\/wp-content\/uploads\/2019\/10\/Lon19_11.jpg\" alt=\"\" class=\"wp-image-1037\" srcset=\"https:\/\/micks-touren.de\/wp-content\/uploads\/2019\/10\/Lon19_11.jpg 900w, https:\/\/micks-touren.de\/wp-content\/uploads\/2019\/10\/Lon19_11-300x169.jpg 300w, https:\/\/micks-touren.de\/wp-content\/uploads\/2019\/10\/Lon19_11-768x432.jpg 768w, https:\/\/micks-touren.de\/wp-content\/uploads\/2019\/10\/Lon19_11-150x84.jpg 150w\" sizes=\"auto, (max-width: 900px) 100vw, 900px\" \/><figcaption>Nur ein kleiner Teil des Markts &#8230;<\/figcaption><\/figure><\/div>\n\n\n\n<p>Insgesamt war es wieder ein toller Aufenthalt. Und es hat sich mal wieder best\u00e4tigt, warum London eine meiner Lieblingsst\u00e4dte ist. Es gibt einfach keine M\u00f6glichkeit, sich zu langweilen. Ob ich n\u00e4chstes Jahr wieder dabei bin, wei\u00df ich noch nicht. Aber irgendwann ganz sicher. <\/p>\n\n\n\n<p><\/p>\n","protected":false},"excerpt":{"rendered":"<p>Im September ging es mal wieder nach London zur &#8222;last night of the proms&#8220; (siehe dazu auch meinen Bericht von 2018). Die Gruppe mit 10 Leuten hatte sich mal wieder haupts\u00e4chlich aus Mitgliedern von Mensa zusammengesetzt, die aber erst nach und nach eintrudelten. Am ersten Abend trafen wir uns deshalb&#8230;<\/p>\n<p class=\"continue-reading-button\"> <a class=\"continue-reading-link\" href=\"https:\/\/micks-touren.de\/?page_id=1020\">Continue reading<i class=\"crycon-right-dir\"><\/i><\/a><\/p>\n","protected":false},"author":1,"featured_media":0,"parent":0,"menu_order":0,"comment_status":"open","ping_status":"closed","template":"","meta":{"footnotes":""},"class_list":["post-1020","page","type-page","status-publish","hentry"],"_links":{"self":[{"href":"https:\/\/micks-touren.de\/index.php?rest_route=\/wp\/v2\/pages\/1020","targetHints":{"allow":["GET"]}}],"collection":[{"href":"https:\/\/micks-touren.de\/index.php?rest_route=\/wp\/v2\/pages"}],"about":[{"href":"https:\/\/micks-touren.de\/index.php?rest_route=\/wp\/v2\/types\/page"}],"author":[{"embeddable":true,"href":"https:\/\/micks-touren.de\/index.php?rest_route=\/wp\/v2\/users\/1"}],"replies":[{"embeddable":true,"href":"https:\/\/micks-touren.de\/index.php?rest_route=%2Fwp%2Fv2%2Fcomments&post=1020"}],"version-history":[{"count":4,"href":"https:\/\/micks-touren.de\/index.php?rest_route=\/wp\/v2\/pages\/1020\/revisions"}],"predecessor-version":[{"id":1039,"href":"https:\/\/micks-touren.de\/index.php?rest_route=\/wp\/v2\/pages\/1020\/revisions\/1039"}],"wp:attachment":[{"href":"https:\/\/micks-touren.de\/index.php?rest_route=%2Fwp%2Fv2%2Fmedia&parent=1020"}],"curies":[{"name":"wp","href":"https:\/\/api.w.org\/{rel}","templated":true}]}}